{"id":4982,"date":"2013-04-07T16:28:54","date_gmt":"2013-04-07T16:28:54","guid":{"rendered":"https:\/\/www.pessinaacciai.com\/tempra\/"},"modified":"2019-04-17T15:49:26","modified_gmt":"2019-04-17T14:49:26","slug":"haerten","status":"publish","type":"page","link":"https:\/\/www.pessinaacciai.com\/de\/haerten\/","title":{"rendered":"H\u00e4rten"},"content":{"rendered":"<\/div><\/div><\/div><!-- close content main div --><\/div><\/div><div id='av_section_1' class='avia-section main_color avia-section-default avia-no-shadow avia-bg-style-scroll  container_wrap sidebar_right' style = 'background-repeat: no-repeat; background-image: url(https:\/\/www.pessinaacciai.com\/wp-content\/uploads\/2013\/04\/DSC_3566-1.jpg); background-attachment: scroll; background-position: top left; ' data-section-bg-repeat='no-repeat' ><div class='container' ><div class='template-page content  av-content-small alpha units'><div class='post-entry post-entry-type-page post-entry-4982'><div class='entry-content-wrapper clearfix'>\n<div style='padding-bottom:10px;color:#ffffff;' class='av-special-heading av-special-heading-h1 custom-color-heading blockquote modern-quote '><h1 class='av-special-heading-tag'  itemprop=\"headline\"  >H\u00e4rten<\/h1><div class='special-heading-border'><div class='special-heading-inner-border' style='border-color:#ffffff'><\/div><\/div><\/div>\n<\/div><\/div><\/div><!-- close content main div --><\/div><\/div><div id='after_section_1' class='main_color av_default_container_wrap container_wrap sidebar_right'   ><div class='container' ><div class='template-page content  av-content-small alpha units'><div class='post-entry post-entry-type-page post-entry-4982'><div class='entry-content-wrapper clearfix'>\n<div class=\"flex_column av_one_full  av-animated-generic left-to-right  flex_column_div av-zero-column-padding first  \" style='border-radius:0px; '><section class=\"av_textblock_section\"  itemscope=\"itemscope\" itemtype=\"https:\/\/schema.org\/CreativeWork\" ><div class='avia_textblock '   itemprop=\"text\" ><p style=\"text-align: justify;\">Heute wie in 1934 ist Bandstahlh\u00e4rte die wichtigste T\u00e4tigkeit von Metallurgica Luigi Pessina Acciai. Das st\u00e4ndige Streben nach Kundenzufriedenheit ist unsere Priorit\u00e4t und unsere Erfahrung, um spezifische und verschiedene Schwierigkeiten in verschiedenen Bereiche zu \u00fcberwinden, erlaubt uns eine Hochniveauf\u00e4higkeit an unserer Kunden zu gewahre und auch ihnen der am meisten herausforderten Ziele zu erreichen.<br \/>\nDie Bearbeitungen sind den Ausdruck von fortschrittlichster Techniken mit einem Blick in die Zukunft.<\/p>\n<p style=\"text-align: justify;\">Wir bieten geh\u00e4rteten Bandstahl mit Dicken von 0,20 bis 4,00 mm, in Breiten bis 400 mm mit verschiedenen Oberfl\u00e4chenausf\u00fchrungen: Blank oder blau geh\u00e4rtet, blank, blau oder gelb poliert.<\/p>\n<p style=\"text-align: justify;\">Alle Bearbeitungen werden durch moderne Kontrollsysteme verwaltet, um Parameterkonstanz und Wiederholbarkeit der Lieferungen zu gew\u00e4hren.<br \/>\nEin effizientes Informatiksystem garantiert vollst\u00e4ndige R\u00fcckverfolgbarkeit der Produkte und korrekten Archivierung der erfassten Daten.<\/p>\n<p style=\"text-align: justify;\">Au\u00dferdem ist das Induktionsh\u00e4rten mit hoher Frequenz zur spezifischen Bearbeitung der Kanten m\u00f6glich. Dies ist besonders interessant, wenn das Band zu einem wirtschaftlichen Preis gleichzeitig dauerhaft und biegef\u00e4hig sein soll.<\/p>\n<p style=\"text-align: justify;\">Schema der W\u00e4rmebehandlung zum H\u00e4rten und Anlassen<\/p>\n<\/div><\/section><br \/>\n<div style='height:30px' class='hr hr-invisible '><span class='hr-inner ' ><span class='hr-inner-style'><\/span><\/span><\/div><br \/>\n<div class='avia-gallery avia-gallery-1 avia_lazyload avia_animate_when_visible '  itemscope=\"itemscope\" itemtype=\"https:\/\/schema.org\/ImageObject\" ><a class='avia-gallery-big fakeLightbox lightbox avia-gallery-big-crop-thumb ' href='https:\/\/www.pessinaacciai.com\/wp-content\/uploads\/2013\/04\/tempra-1030x773.jpg'  data-onclick='1' title='' ><span class='avia-gallery-big-inner'  itemprop=\"thumbnailUrl\" >\t<img width='495' height='400' src='https:\/\/www.pessinaacciai.com\/wp-content\/uploads\/2013\/04\/tempra-495x400.jpg' title='tempra' alt='' \/><\/span><\/a><div class='avia-gallery-thumb'> <a href='https:\/\/www.pessinaacciai.com\/wp-content\/uploads\/2013\/04\/tempra-1030x773.jpg' data-rel='gallery-1' data-prev-img='https:\/\/www.pessinaacciai.com\/wp-content\/uploads\/2013\/04\/tempra-495x400.jpg' class='first_thumb lightbox ' data-onclick='1' title=''  itemprop=\"thumbnailUrl\" ><img  src='https:\/\/www.pessinaacciai.com\/wp-content\/uploads\/2013\/04\/tempra-495x400.jpg' width='495' height='400'  title='tempra' alt='' \/><\/a> <a href='https:\/\/www.pessinaacciai.com\/wp-content\/uploads\/2013\/04\/tempra1-1030x773.jpg' data-rel='gallery-1' data-prev-img='https:\/\/www.pessinaacciai.com\/wp-content\/uploads\/2013\/04\/tempra1-495x400.jpg' class='lightbox ' data-onclick='2' title=''  itemprop=\"thumbnailUrl\" ><img  src='https:\/\/www.pessinaacciai.com\/wp-content\/uploads\/2013\/04\/tempra1-495x400.jpg' width='495' height='400'  title='tempra1' alt='' \/><\/a><\/div><\/div><\/p><\/div>\n","protected":false},"excerpt":{"rendered":"","protected":false},"author":1,"featured_media":0,"parent":0,"menu_order":0,"comment_status":"closed","ping_status":"closed","template":"","meta":{"footnotes":""},"_links":{"self":[{"href":"https:\/\/www.pessinaacciai.com\/de\/wp-json\/wp\/v2\/pages\/4982"}],"collection":[{"href":"https:\/\/www.pessinaacciai.com\/de\/wp-json\/wp\/v2\/pages"}],"about":[{"href":"https:\/\/www.pessinaacciai.com\/de\/wp-json\/wp\/v2\/types\/page"}],"author":[{"embeddable":true,"href":"https:\/\/www.pessinaacciai.com\/de\/wp-json\/wp\/v2\/users\/1"}],"replies":[{"embeddable":true,"href":"https:\/\/www.pessinaacciai.com\/de\/wp-json\/wp\/v2\/comments?post=4982"}],"version-history":[{"count":4,"href":"https:\/\/www.pessinaacciai.com\/de\/wp-json\/wp\/v2\/pages\/4982\/revisions"}],"predecessor-version":[{"id":6405,"href":"https:\/\/www.pessinaacciai.com\/de\/wp-json\/wp\/v2\/pages\/4982\/revisions\/6405"}],"wp:attachment":[{"href":"https:\/\/www.pessinaacciai.com\/de\/wp-json\/wp\/v2\/media?parent=4982"}],"curies":[{"name":"wp","href":"https:\/\/api.w.org\/{rel}","templated":true}]}}