{"id":4987,"date":"2013-04-07T16:28:54","date_gmt":"2013-04-07T16:28:54","guid":{"rendered":"https:\/\/www.pessinaacciai.com\/tempra-a-idrogeno\/"},"modified":"2019-04-17T15:49:57","modified_gmt":"2019-04-17T14:49:57","slug":"haerten-mit-wasserstoff","status":"publish","type":"page","link":"https:\/\/www.pessinaacciai.com\/de\/haerten-mit-wasserstoff\/","title":{"rendered":"H\u00e4rten mit Wasserstoff"},"content":{"rendered":"<\/div><\/div><\/div><!-- close content main div --><\/div><\/div><div id='av_section_1' class='avia-section main_color avia-section-default avia-no-shadow avia-bg-style-scroll  container_wrap sidebar_right' style = 'background-repeat: no-repeat; background-image: url(https:\/\/www.pessinaacciai.com\/wp-content\/uploads\/2013\/04\/DSC_3566-1.jpg); background-attachment: scroll; background-position: top left; ' data-section-bg-repeat='no-repeat' ><div class='container' ><div class='template-page content  av-content-small alpha units'><div class='post-entry post-entry-type-page post-entry-4987'><div class='entry-content-wrapper clearfix'>\n<div style='padding-bottom:10px;color:#ffffff;' class='av-special-heading av-special-heading-h1 custom-color-heading blockquote modern-quote '><h1 class='av-special-heading-tag'  itemprop=\"headline\"  >H\u00e4rten mit Wasserstoff<\/h1><div class='special-heading-border'><div class='special-heading-inner-border' style='border-color:#ffffff'><\/div><\/div><\/div>\n<\/div><\/div><\/div><!-- close content main div --><\/div><\/div><div id='after_section_1' class='main_color av_default_container_wrap container_wrap sidebar_right'   ><div class='container' ><div class='template-page content  av-content-small alpha units'><div class='post-entry post-entry-type-page post-entry-4987'><div class='entry-content-wrapper clearfix'>\n<div class=\"flex_column av_one_full  av-animated-generic left-to-right  flex_column_div av-zero-column-padding first  \" style='border-radius:0px; '><p><div style='padding-bottom:10px;color:#084891;' class='av-special-heading av-special-heading-h3 custom-color-heading   '><h3 class='av-special-heading-tag'  itemprop=\"headline\"  >Das erste mit WASSERSTOFF geh\u00e4rtete Kohlenstoffstahlband <\/h3><div class='special-heading-border'><div class='special-heading-inner-border' style='border-color:#084891'><\/div><\/div><\/div><br \/>\n<div style='padding-bottom:10px;color:#084891;' class='av-special-heading av-special-heading-h3 custom-color-heading   '><h3 class='av-special-heading-tag'  itemprop=\"headline\"  >Hauptvorteile:<\/h3><div class='special-heading-border'><div class='special-heading-inner-border' style='border-color:#084891'><\/div><\/div><\/div><br \/>\n<section class=\"av_textblock_section\"  itemscope=\"itemscope\" itemtype=\"https:\/\/schema.org\/CreativeWork\" ><div class='avia_textblock '   itemprop=\"text\" ><ul>\n<li>\u00a0 Komplett saubere Oberfl\u00e4chen<\/li>\n<li>\u00a0Oberfl\u00e4chen frei von Blei oder anderen Giftstoffen<\/li>\n<li>\u00a0100% umweltfreundlich<\/li>\n<\/ul>\n<p style=\"text-align: justify;\">Brandneue und revolution\u00e4re kontinuierlicher Wasserstoff arbeitende H\u00e4rtemaschinen f\u00fcr Kohlenstoffstahlband.<br \/>\nNach Erhitzen auf die korrekte Temperatur laufen die B\u00e4nder durch eine Gro\u00dfk\u00fchleinrichtung, in der reiner Wasserstoff auf die Bandoberfl\u00e4che geblasen wird. In weniger als 150 mm sinkt die Temperatur um 700\u00b0C, der martensitische Zustand ist erreicht!<\/p>\n<p style=\"text-align: justify;\">Diese brandneue Technik ist die einzige, die eine Bandoberfl\u00e4che ohne Verunreinigung durch Blei oder \u00d6l (typischer Nebeneffekt von heutigen Technik) zu erhalten, mit augenscheinlichen Vorteilen f\u00fcr die Umwelt und die Gesundheit derjenigen, die mit dem Produkt in Ber\u00fchrung kommen, erm\u00f6glicht.<\/p>\n<p style=\"text-align: justify;\">Die mit Wasserstoff geh\u00e4rteten B\u00e4nder haben Dicken von 0,20 bis 2,0 mm und eine maximale Breite von 280 mm.<\/p>\n<\/div><\/section><br \/>\n<div style='height:30px' class='hr hr-invisible '><span class='hr-inner ' ><span class='hr-inner-style'><\/span><\/span><\/div><br \/>\n<div class='avia-gallery avia-gallery-1 avia_lazyload avia_animate_when_visible '  itemscope=\"itemscope\" itemtype=\"https:\/\/schema.org\/ImageObject\" ><a class='avia-gallery-big fakeLightbox lightbox avia-gallery-big-crop-thumb ' href='https:\/\/www.pessinaacciai.com\/wp-content\/uploads\/2013\/04\/tempra-a-idrogeno.jpg'  data-onclick='1' title='' ><span class='avia-gallery-big-inner'  itemprop=\"thumbnailUrl\" >\t<img width='495' height='400' src='https:\/\/www.pessinaacciai.com\/wp-content\/uploads\/2013\/04\/tempra-a-idrogeno-495x400.jpg' title='tempra-a-idrogeno' alt='' \/><\/span><\/a><div class='avia-gallery-thumb'> <a href='https:\/\/www.pessinaacciai.com\/wp-content\/uploads\/2013\/04\/tempra-a-idrogeno.jpg' data-rel='gallery-1' data-prev-img='https:\/\/www.pessinaacciai.com\/wp-content\/uploads\/2013\/04\/tempra-a-idrogeno-495x400.jpg' class='first_thumb lightbox ' data-onclick='1' title=''  itemprop=\"thumbnailUrl\" ><img  src='https:\/\/www.pessinaacciai.com\/wp-content\/uploads\/2013\/04\/tempra-a-idrogeno-495x400.jpg' width='495' height='400'  title='tempra-a-idrogeno' alt='' \/><\/a> <a href='https:\/\/www.pessinaacciai.com\/wp-content\/uploads\/2013\/04\/tempra-a-idrogeno1.jpg' data-rel='gallery-1' data-prev-img='https:\/\/www.pessinaacciai.com\/wp-content\/uploads\/2013\/04\/tempra-a-idrogeno1-495x400.jpg' class='lightbox ' data-onclick='2' title=''  itemprop=\"thumbnailUrl\" ><img  src='https:\/\/www.pessinaacciai.com\/wp-content\/uploads\/2013\/04\/tempra-a-idrogeno1-495x400.jpg' width='495' height='400'  title='tempra-a-idrogeno1' alt='' \/><\/a><\/div><\/div><\/p><\/div>\n","protected":false},"excerpt":{"rendered":"","protected":false},"author":1,"featured_media":0,"parent":0,"menu_order":0,"comment_status":"closed","ping_status":"closed","template":"","meta":{"footnotes":""},"_links":{"self":[{"href":"https:\/\/www.pessinaacciai.com\/de\/wp-json\/wp\/v2\/pages\/4987"}],"collection":[{"href":"https:\/\/www.pessinaacciai.com\/de\/wp-json\/wp\/v2\/pages"}],"about":[{"href":"https:\/\/www.pessinaacciai.com\/de\/wp-json\/wp\/v2\/types\/page"}],"author":[{"embeddable":true,"href":"https:\/\/www.pessinaacciai.com\/de\/wp-json\/wp\/v2\/users\/1"}],"replies":[{"embeddable":true,"href":"https:\/\/www.pessinaacciai.com\/de\/wp-json\/wp\/v2\/comments?post=4987"}],"version-history":[{"count":3,"href":"https:\/\/www.pessinaacciai.com\/de\/wp-json\/wp\/v2\/pages\/4987\/revisions"}],"predecessor-version":[{"id":6406,"href":"https:\/\/www.pessinaacciai.com\/de\/wp-json\/wp\/v2\/pages\/4987\/revisions\/6406"}],"wp:attachment":[{"href":"https:\/\/www.pessinaacciai.com\/de\/wp-json\/wp\/v2\/media?parent=4987"}],"curies":[{"name":"wp","href":"https:\/\/api.w.org\/{rel}","templated":true}]}}