{"id":4993,"date":"2013-04-07T16:28:54","date_gmt":"2013-04-07T16:28:54","guid":{"rendered":"https:\/\/www.pessinaacciai.com\/imballo\/"},"modified":"2019-04-17T15:50:26","modified_gmt":"2019-04-17T14:50:26","slug":"verpackung","status":"publish","type":"page","link":"https:\/\/www.pessinaacciai.com\/de\/verpackung\/","title":{"rendered":"Verpackung"},"content":{"rendered":"<\/div><\/div><\/div><!-- close content main div --><\/div><\/div><div id='av_section_1' class='avia-section main_color avia-section-default avia-no-shadow avia-bg-style-scroll  container_wrap sidebar_right' style = 'background-repeat: no-repeat; background-image: url(https:\/\/www.pessinaacciai.com\/wp-content\/uploads\/2013\/04\/DSC_3566-1.jpg); background-attachment: scroll; background-position: top left; ' data-section-bg-repeat='no-repeat' ><div class='container' ><div class='template-page content  av-content-small alpha units'><div class='post-entry post-entry-type-page post-entry-4993'><div class='entry-content-wrapper clearfix'>\n<div style='padding-bottom:10px;color:#ffffff;' class='av-special-heading av-special-heading-h1 custom-color-heading blockquote modern-quote '><h1 class='av-special-heading-tag'  itemprop=\"headline\"  >Verpackung<\/h1><div class='special-heading-border'><div class='special-heading-inner-border' style='border-color:#ffffff'><\/div><\/div><\/div>\n<\/div><\/div><\/div><!-- close content main div --><\/div><\/div><div id='after_section_1' class='main_color av_default_container_wrap container_wrap sidebar_right'   ><div class='container' ><div class='template-page content  av-content-small alpha units'><div class='post-entry post-entry-type-page post-entry-4993'><div class='entry-content-wrapper clearfix'>\n<div class=\"flex_column av_one_full  av-animated-generic left-to-right  flex_column_div av-zero-column-padding first  \" style='border-radius:0px; '><p><div style='padding-bottom:10px;color:#084891;' class='av-special-heading av-special-heading-h3 custom-color-heading   '><h3 class='av-special-heading-tag'  itemprop=\"headline\"  > Wir handeln unsere Coils mit extremer Aufmerksamkeit.<\/h3><div class='special-heading-border'><div class='special-heading-inner-border' style='border-color:#084891'><\/div><\/div><\/div><br \/>\n<section class=\"av_textblock_section\"  itemscope=\"itemscope\" itemtype=\"https:\/\/schema.org\/CreativeWork\" ><div class='avia_textblock '   itemprop=\"text\" ><p style=\"text-align: justify;\">Die Verpackung wird von Kunden bestimmt, um den Produktschutz bis zum Moment der Verwendung zu bewahren und die Logistik zu optimieren. In voller Sicherheit.<\/p>\n<p style=\"text-align: justify;\">Wir liefern B\u00e4nder mit Durchmessern von 300, 400 oder 500 mm. Der maximale Au\u00dfendurchmesser betr\u00e4gt 1350 mm.<\/p>\n<p style=\"text-align: justify;\">Standardverpackung erfolgt mit \u00e4u\u00dferem Bindeband in L\u00e4ngsrichtung und zwei Querb\u00e4ndern pro Coil, sowie Befestigung an zwei Punkten auf der Palette.<br \/>\nAn jeder Palette findet sich eine angemessene Bezeichnung von G\u00fcte, Abmessungen und Gewicht und auch Angabe der Auftragsnummer des Kunden und der Nummer unseres Produktionsloses. Die R\u00fcckverfolgbarkeit ist vollst\u00e4ndig.<\/p>\n<p style=\"text-align: justify;\">Wegen Transport- oder Lagerbedingungennotwendigkeiten k\u00f6nnen Verpackungen mit Schrumpffolie, Papier zum Schutz gegen Abrieb und Zwischenlagen geliefert werden.<\/p>\n<\/div><\/section><br \/>\n<div style='height:30px' class='hr hr-invisible '><span class='hr-inner ' ><span class='hr-inner-style'><\/span><\/span><\/div><br \/>\n<div class='avia-gallery avia-gallery-1 avia_lazyload avia_animate_when_visible '  itemscope=\"itemscope\" itemtype=\"https:\/\/schema.org\/ImageObject\" ><a class='avia-gallery-big fakeLightbox lightbox avia-gallery-big-crop-thumb ' href='https:\/\/www.pessinaacciai.com\/wp-content\/uploads\/2013\/04\/Pessina-packaging-2-1030x773.jpg'  data-onclick='1' title='' ><span class='avia-gallery-big-inner'  itemprop=\"thumbnailUrl\" >\t<img width='1600' height='1200' src='https:\/\/www.pessinaacciai.com\/wp-content\/uploads\/2013\/04\/Pessina-packaging-2.jpg' title='Pessina-packaging-2' alt='' \/><\/span><\/a><div class='avia-gallery-thumb'> <a href='https:\/\/www.pessinaacciai.com\/wp-content\/uploads\/2013\/04\/Pessina-packaging-2-1030x773.jpg' data-rel='gallery-1' data-prev-img='https:\/\/www.pessinaacciai.com\/wp-content\/uploads\/2013\/04\/Pessina-packaging-2.jpg' class='first_thumb lightbox ' data-onclick='1' title=''  itemprop=\"thumbnailUrl\" ><img  src='https:\/\/www.pessinaacciai.com\/wp-content\/uploads\/2013\/04\/Pessina-packaging-2-495x400.jpg' width='495' height='400'  title='Pessina-packaging-2' alt='' \/><\/a> <a href='https:\/\/www.pessinaacciai.com\/wp-content\/uploads\/2013\/04\/Pessina-packaging-3-773x1030.jpg' data-rel='gallery-1' data-prev-img='https:\/\/www.pessinaacciai.com\/wp-content\/uploads\/2013\/04\/Pessina-packaging-3.jpg' class='lightbox ' data-onclick='2' title=''  itemprop=\"thumbnailUrl\" ><img  src='https:\/\/www.pessinaacciai.com\/wp-content\/uploads\/2013\/04\/Pessina-packaging-3-495x400.jpg' width='495' height='400'  title='Pessina-packaging-3' alt='' \/><\/a> <a href='https:\/\/www.pessinaacciai.com\/wp-content\/uploads\/2013\/04\/Pessina-pakaging-1-773x1030.jpg' data-rel='gallery-1' data-prev-img='https:\/\/www.pessinaacciai.com\/wp-content\/uploads\/2013\/04\/Pessina-pakaging-1.jpg' class='lightbox ' data-onclick='3' title=''  itemprop=\"thumbnailUrl\" ><img  src='https:\/\/www.pessinaacciai.com\/wp-content\/uploads\/2013\/04\/Pessina-pakaging-1-495x400.jpg' width='495' height='400'  title='Pessina-pakaging-1' alt='' \/><\/a> <a href='https:\/\/www.pessinaacciai.com\/wp-content\/uploads\/2013\/04\/rolling-shutters_Persiane-avvolgibili-773x1030.jpg' data-rel='gallery-1' data-prev-img='https:\/\/www.pessinaacciai.com\/wp-content\/uploads\/2013\/04\/rolling-shutters_Persiane-avvolgibili.jpg' class='lightbox ' data-onclick='4' title=''  itemprop=\"thumbnailUrl\" ><img  src='https:\/\/www.pessinaacciai.com\/wp-content\/uploads\/2013\/04\/rolling-shutters_Persiane-avvolgibili-495x400.jpg' width='495' height='400'  title='rolling-shutters_Persiane-avvolgibili' alt='' \/><\/a><\/div><\/div><\/p><\/div>\n","protected":false},"excerpt":{"rendered":"","protected":false},"author":1,"featured_media":0,"parent":0,"menu_order":0,"comment_status":"closed","ping_status":"closed","template":"","meta":{"footnotes":""},"_links":{"self":[{"href":"https:\/\/www.pessinaacciai.com\/de\/wp-json\/wp\/v2\/pages\/4993"}],"collection":[{"href":"https:\/\/www.pessinaacciai.com\/de\/wp-json\/wp\/v2\/pages"}],"about":[{"href":"https:\/\/www.pessinaacciai.com\/de\/wp-json\/wp\/v2\/types\/page"}],"author":[{"embeddable":true,"href":"https:\/\/www.pessinaacciai.com\/de\/wp-json\/wp\/v2\/users\/1"}],"replies":[{"embeddable":true,"href":"https:\/\/www.pessinaacciai.com\/de\/wp-json\/wp\/v2\/comments?post=4993"}],"version-history":[{"count":3,"href":"https:\/\/www.pessinaacciai.com\/de\/wp-json\/wp\/v2\/pages\/4993\/revisions"}],"predecessor-version":[{"id":6408,"href":"https:\/\/www.pessinaacciai.com\/de\/wp-json\/wp\/v2\/pages\/4993\/revisions\/6408"}],"wp:attachment":[{"href":"https:\/\/www.pessinaacciai.com\/de\/wp-json\/wp\/v2\/media?parent=4993"}],"curies":[{"name":"wp","href":"https:\/\/api.w.org\/{rel}","templated":true}]}}