{"id":5039,"date":"2017-07-12T13:52:06","date_gmt":"2017-07-12T12:52:06","guid":{"rendered":"https:\/\/www.pessinaacciai.com\/nastri-ad-alto-carbonio\/"},"modified":"2019-05-28T15:34:23","modified_gmt":"2019-05-28T14:34:23","slug":"gehaerteter-bandstahl-mit-hohem-kohlenstoffgehalt","status":"publish","type":"page","link":"https:\/\/www.pessinaacciai.com\/de\/stahlbaender\/gehaerteter-bandstahl-mit-hohem-kohlenstoffgehalt\/","title":{"rendered":"Mit mittlerem und hohem kohlenstoffgehalt"},"content":{"rendered":"<\/div><\/div><\/div><!-- close content main div --><\/div><\/div><div id='av_section_1' class='avia-section main_color avia-section-default avia-no-shadow avia-bg-style-scroll  container_wrap sidebar_right' style = 'background-repeat: no-repeat; background-image: url(https:\/\/www.pessinaacciai.com\/wp-content\/uploads\/2013\/04\/DSC_3566-1.jpg); background-attachment: scroll; background-position: top left; ' data-section-bg-repeat='no-repeat' ><div class='container' ><div class='template-page content  av-content-small alpha units'><div class='post-entry post-entry-type-page post-entry-5039'><div class='entry-content-wrapper clearfix'>\n<div style='padding-bottom:10px;color:#ffffff;' class='av-special-heading av-special-heading-h2 custom-color-heading blockquote modern-quote '><h2 class='av-special-heading-tag'  itemprop=\"headline\"  >Mit mittlerem und hohem kohlenstoffgehalt <\/h2><div class='special-heading-border'><div class='special-heading-inner-border' style='border-color:#ffffff'><\/div><\/div><\/div>\n<\/div><\/div><\/div><!-- close content main div --><\/div><\/div><div id='after_section_1' class='main_color av_default_container_wrap container_wrap sidebar_right'   ><div class='container' ><div class='template-page content  av-content-small alpha units'><div class='post-entry post-entry-type-page post-entry-5039'><div class='entry-content-wrapper clearfix'><div class=\"flex_column av_one_full  av-animated-generic left-to-right  flex_column_div av-zero-column-padding first  \" style='border-radius:0px; '><section class=\"av_textblock_section\"  itemscope=\"itemscope\" itemtype=\"https:\/\/schema.org\/CreativeWork\" ><div class='avia_textblock '   itemprop=\"text\" ><div class=\"intestazione\">\n<h1>Geh\u00e4rteter Bandstahl mit Hohem Kohlenstoffgehalt<\/h1>\n<h3>Geh\u00e4rteter Bandstahl mit Hohem Kohlenstoffgehalt sind f\u00fcr die Herstellung von mechanischen Teilen vorgesehen, die nach dem Scheren oder Umformen einer W\u00e4rmebehandlung unterzogen werden m\u00fcssen.<\/h3>\n<\/div>\n<p style=\"text-align: justify;\">Kaltgewalzte B\u00e4nder sind f\u00fcr die Herstellung von mechanischen Teilen vorgesehen, die nach dem Scheren oder Umformen einer W\u00e4rmebehandlung unterzogen werden m\u00fcssen. Abh\u00e4ngig von der geometrischen Komplexit\u00e4t des Teils und den Betriebsbedingungen wird der Kunde auf das am besten geeignete kaltgewalzte Produkt verwiesen.<\/p>\n<p style=\"text-align: justify;\">F\u00fcr die strengsten Anwendungen schlagen wir Ihnen vor, sich auf den Abschnitt der legierten Stahlb\u00e4nder zu beziehen.<\/p>\n<\/div><\/section><br \/>\n<div style='height:30px' class='hr hr-invisible '><span class='hr-inner ' ><span class='hr-inner-style'><\/span><\/span><\/div><br \/>\n<div  data-size='no scaling'  data-lightbox_size='large'  data-animation='slide'  data-ids='3724,3723'  data-video_counter='0'  data-autoplay='true'  data-bg_slider='false'  data-slide_height=''  data-handle='av_slideshow'  data-interval='5'  data-class=''  data-css_id=''  data-scroll_down=''  data-control_layout='av-control-default'  data-custom_markup=''  data-perma_caption=''  data-autoplay_stopper=''  data-image_attachment=''  data-min_height='0px'  class='avia-slideshow avia-slideshow-1  av-control-default av-default-height-applied avia-slideshow-no scaling av_slideshow  avia-slide-slider '  itemscope=\"itemscope\" itemtype=\"https:\/\/schema.org\/ImageObject\" ><ul class='avia-slideshow-inner' style='padding-bottom: 75%;'><li  class=' slide-1 ' ><div data-rel='slideshow-1' class='avia-slide-wrap'  ><img src='https:\/\/www.pessinaacciai.com\/wp-content\/uploads\/2017\/07\/high-carbon-steel-strips-2_Strisce-di-acciaio-al-carbonio-ad-alta-altezza.jpg' width='1920' height='1440' title='high-carbon-steel-strips-2_Strisce-di-acciaio-al-carbonio-ad-alta-altezza' alt=''  itemprop=\"thumbnailUrl\"   \/><\/div><\/li><li  class=' slide-2 ' ><div data-rel='slideshow-1' class='avia-slide-wrap'  ><img src='https:\/\/www.pessinaacciai.com\/wp-content\/uploads\/2017\/07\/high-carbon-steel-strips-1_Strisce-di-acciaio-al-carbonio-ad-alta-altezza.jpg' width='1920' height='1440' title='high-carbon-steel-strips-1_Strisce-di-acciaio-al-carbonio-ad-alta-altezza' alt=''  itemprop=\"thumbnailUrl\"   \/><\/div><\/li><\/ul><div class='avia-slideshow-arrows avia-slideshow-controls'><a href='#prev' class='prev-slide' aria-hidden='true' data-av_icon='\ue87c' data-av_iconfont='entypo-fontello'>Zur\u00fcck<\/a><a href='#next' class='next-slide' aria-hidden='true' data-av_icon='\ue87d' data-av_iconfont='entypo-fontello'>Weiter<\/a><\/div><div class='avia-slideshow-dots avia-slideshow-controls'><a href='#1' class='goto-slide active' >1<\/a><a href='#2' class='goto-slide ' >2<\/a><\/div><\/div><br \/>\n<div style='height:30px' class='hr hr-invisible '><span class='hr-inner ' ><span class='hr-inner-style'><\/span><\/span><\/div><\/p><\/div><div class=\"flex_column av_one_full  flex_column_div av-zero-column-padding first  \" style='border-radius:0px; '><p><div style='padding-bottom:10px;' class='av-special-heading av-special-heading-h3 meta-heading   '><h3 class='av-special-heading-tag'  itemprop=\"headline\"  >Standardg\u00fcten<\/h3><div class='special-heading-border'><div class='special-heading-inner-border' ><\/div><\/div><\/div><br \/>\n<section class=\"av_textblock_section\"  itemscope=\"itemscope\" itemtype=\"https:\/\/schema.org\/CreativeWork\" ><div class='avia_textblock '   itemprop=\"text\" ><p>In der Tabelle hierunten sind die Stahlg\u00fcten angegeben, die immer vorr\u00e4tig sind, andere k\u00f6nnen auf Anfrage geliefert werden.<\/p>\n<\/div><\/section><\/p><\/div><\/p>\n<div class=\"flex_column av_one_full  flex_column_div av-zero-column-padding first  \" style='border-radius:0px; '><p><div style='padding-bottom:10px;' class='av-special-heading av-special-heading-h3 meta-heading  '><h3 class='av-special-heading-tag'  itemprop=\"headline\"  >Lieferzustand<\/h3><div class='special-heading-border'><div class='special-heading-inner-border' ><\/div><\/div><\/div><br \/>\n<section class=\"av_textblock_section\"  itemscope=\"itemscope\" itemtype=\"https:\/\/schema.org\/CreativeWork\" ><div class='avia_textblock '   itemprop=\"text\" ><p>B\u00e4nder warmgewalzt, kaltgewalzt (+CR), gegl\u00fcht (+A), GKZ-gegl\u00fcht (+AC).<\/p>\n<p style=\"text-align: justify;\">Es folgen die mechanischen Standardeigenschaften f\u00fcr B\u00e4nder mit hohem Kohlenstoffgehalt. Andere Werte sind lieferbar nach Absprache mit unseren technischen Experten, die unseren Kunden immer zu Verf\u00fcgung stehen, um optimale Ergebnisse f\u00fcr jede Anwendung zu gew\u00e4hrleisten.<\/p>\n<\/div><\/section><br \/>\n<div class='avia-image-container  av-styling-   avia-align-left '  itemscope=\"itemscope\" itemtype=\"https:\/\/schema.org\/ImageObject\"  ><div class='avia-image-container-inner'><a href='https:\/\/www.pessinaacciai.com\/wp-content\/uploads\/2017\/07\/nastriacciaiomedioaltotenore.png' class='avia_image'  ><img class='avia_image ' src='https:\/\/www.pessinaacciai.com\/wp-content\/uploads\/2017\/07\/nastriacciaiomedioaltotenore.png' alt='' title='nastriacciaiomedioaltotenore'  itemprop=\"thumbnailUrl\"  \/><\/a><\/div><\/div><\/p><\/div>\n","protected":false},"excerpt":{"rendered":"","protected":false},"author":1,"featured_media":0,"parent":5048,"menu_order":0,"comment_status":"closed","ping_status":"closed","template":"","meta":{"footnotes":""},"_links":{"self":[{"href":"https:\/\/www.pessinaacciai.com\/de\/wp-json\/wp\/v2\/pages\/5039"}],"collection":[{"href":"https:\/\/www.pessinaacciai.com\/de\/wp-json\/wp\/v2\/pages"}],"about":[{"href":"https:\/\/www.pessinaacciai.com\/de\/wp-json\/wp\/v2\/types\/page"}],"author":[{"embeddable":true,"href":"https:\/\/www.pessinaacciai.com\/de\/wp-json\/wp\/v2\/users\/1"}],"replies":[{"embeddable":true,"href":"https:\/\/www.pessinaacciai.com\/de\/wp-json\/wp\/v2\/comments?post=5039"}],"version-history":[{"count":4,"href":"https:\/\/www.pessinaacciai.com\/de\/wp-json\/wp\/v2\/pages\/5039\/revisions"}],"predecessor-version":[{"id":6919,"href":"https:\/\/www.pessinaacciai.com\/de\/wp-json\/wp\/v2\/pages\/5039\/revisions\/6919"}],"up":[{"embeddable":true,"href":"https:\/\/www.pessinaacciai.com\/de\/wp-json\/wp\/v2\/pages\/5048"}],"wp:attachment":[{"href":"https:\/\/www.pessinaacciai.com\/de\/wp-json\/wp\/v2\/media?parent=5039"}],"curies":[{"name":"wp","href":"https:\/\/api.w.org\/{rel}","templated":true}]}}