{"id":5076,"date":"2013-04-07T16:28:54","date_gmt":"2013-04-07T16:28:54","guid":{"rendered":"https:\/\/www.pessinaacciai.com\/per-serrande\/"},"modified":"2019-05-28T15:24:24","modified_gmt":"2019-05-28T14:24:24","slug":"federn-fur-rollladen","status":"publish","type":"page","link":"https:\/\/www.pessinaacciai.com\/de\/gehaerteter-bandstahl\/federn-fur-rollladen\/","title":{"rendered":"F\u00fcr rolll\u00e4den"},"content":{"rendered":"<\/div><\/div><\/div><!-- close content main div --><\/div><\/div><div id='av_section_1' class='avia-section main_color avia-section-default avia-no-shadow avia-bg-style-scroll  container_wrap sidebar_right' style = 'background-repeat: no-repeat; background-image: url(https:\/\/www.pessinaacciai.com\/wp-content\/uploads\/2013\/04\/DSC_3566-1.jpg); background-attachment: scroll; background-position: top left; ' data-section-bg-repeat='no-repeat' ><div class='container' ><div class='template-page content  av-content-small alpha units'><div class='post-entry post-entry-type-page post-entry-5076'><div class='entry-content-wrapper clearfix'>\n<div style='padding-bottom:10px;color:#ffffff;' class='av-special-heading av-special-heading-h1 custom-color-heading blockquote modern-quote '><h1 class='av-special-heading-tag'  itemprop=\"headline\"  >FEDERN F\u00dcR ROLLL\u00c4DEN<\/h1><div class='special-heading-border'><div class='special-heading-inner-border' style='border-color:#ffffff'><\/div><\/div><\/div>\n<\/div><\/div><\/div><!-- close content main div --><\/div><\/div><div id='after_section_1' class='main_color av_default_container_wrap container_wrap sidebar_right'   ><div class='container' ><div class='template-page content  av-content-small alpha units'><div class='post-entry post-entry-type-page post-entry-5076'><div class='entry-content-wrapper clearfix'>\n<div class=\"flex_column av_one_full  flex_column_div av-zero-column-padding first  \" style='border-radius:0px; '><section class=\"av_textblock_section\"  itemscope=\"itemscope\" itemtype=\"https:\/\/schema.org\/CreativeWork\" ><div class='avia_textblock '   itemprop=\"text\" ><div class=\"intestazione\">\n<h2>B\u00e4nder f\u00fcr Rolladenfedern<\/h2>\n<h3>Spiralfedernbandstahl Pessina-B\u00e4nder\u201c f\u00fcr Rolll\u00e4denfedern werden heute mit der Kombination zwischen bestm\u00f6gliche Technik und langj\u00e4hrige Branchenerfahrung hergestellt und sind das Beste, das man f\u00fcr diese Anwendung auf dem Markt finden kann.<\/h3>\n<\/div>\n<p style=\"text-align: justify;\"><strong>\u201ePessina-B\u00e4nder\u201c f\u00fcr Rolll\u00e4denfedern\u00a0<\/strong>werden heute mit der Kombination zwischen bestm\u00f6gliche Technik und langj\u00e4hrige Branchenerfahrung hergestellt und sind das Beste, das man f\u00fcr diese Anwendung auf dem Markt finden kann.<\/p>\n<p style=\"text-align: justify;\">Beste Rohstoffe, Pr\u00e4zisionswalzverfahren, akkurate Schnitte, Kantenentgratung und konstante W\u00e4rmebehandlung gew\u00e4hrleisten ein Produkt mit gleichm\u00e4\u00dfigen geometrischen und mechanischen Eigenschaften f\u00fcr ein dauerhaft zuverl\u00e4ssiges Ergebnis. Jedes Coil verl\u00e4sst unser Werk nach Pr\u00fcfung von Breite, Dicke, H\u00e4rte, Biegung und Elastizit\u00e4t.<\/p>\n<p style=\"text-align: justify;\">Standardprodukte von Pessina sind 80-100 kg Coils auf Holzpalette mit 1000 kg Gesamtgewicht.<\/p>\n<p style=\"text-align: justify;\"><strong>Verpackungen und Formate der Coils k\u00f6nnen kundenspezifisch ausgef\u00fchrt werden.<\/strong><\/p>\n<\/div><\/section><br \/>\n<div class='avia-gallery avia-gallery-1 avia_lazyload avia_animate_when_visible '  itemscope=\"itemscope\" itemtype=\"https:\/\/schema.org\/ImageObject\" ><a class='avia-gallery-big fakeLightbox lightbox avia-gallery-big-crop-thumb ' href='https:\/\/www.pessinaacciai.com\/wp-content\/uploads\/2013\/04\/IMG_0996-1030x773.jpg'  data-onclick='1' title='' ><span class='avia-gallery-big-inner'  itemprop=\"thumbnailUrl\" >\t<img width='1920' height='1440' src='https:\/\/www.pessinaacciai.com\/wp-content\/uploads\/2013\/04\/IMG_0996.jpg' title='IMG_0996' alt='' \/><\/span><\/a><div class='avia-gallery-thumb'> <a href='https:\/\/www.pessinaacciai.com\/wp-content\/uploads\/2013\/04\/IMG_0996-1030x773.jpg' data-rel='gallery-1' data-prev-img='https:\/\/www.pessinaacciai.com\/wp-content\/uploads\/2013\/04\/IMG_0996.jpg' class='first_thumb lightbox ' data-onclick='1' title=''  itemprop=\"thumbnailUrl\" ><img  src='https:\/\/www.pessinaacciai.com\/wp-content\/uploads\/2013\/04\/IMG_0996-495x400.jpg' width='495' height='400'  title='IMG_0996' alt='' \/><\/a> <a href='https:\/\/www.pessinaacciai.com\/wp-content\/uploads\/2013\/04\/rolling-shutters_Persiane-avvolgibili-773x1030.jpg' data-rel='gallery-1' data-prev-img='https:\/\/www.pessinaacciai.com\/wp-content\/uploads\/2013\/04\/rolling-shutters_Persiane-avvolgibili.jpg' class='lightbox ' data-onclick='2' title=''  itemprop=\"thumbnailUrl\" ><img  src='https:\/\/www.pessinaacciai.com\/wp-content\/uploads\/2013\/04\/rolling-shutters_Persiane-avvolgibili-495x400.jpg' width='495' height='400'  title='rolling-shutters_Persiane-avvolgibili' alt='' \/><\/a><\/div><\/div><\/p><\/div><div class=\"flex_column av_one_full  flex_column_div av-zero-column-padding first  \" style='border-radius:0px; '><p><div style='padding-bottom:10px;' class='av-special-heading av-special-heading-h3 meta-heading  '><h3 class='av-special-heading-tag'  itemprop=\"headline\"  > Standardg\u00fcten<\/h3><div class='special-heading-border'><div class='special-heading-inner-border' ><\/div><\/div><\/div><br \/>\n<section class=\"av_textblock_section\"  itemscope=\"itemscope\" itemtype=\"https:\/\/schema.org\/CreativeWork\" ><div class='avia_textblock '   itemprop=\"text\" ><p>In der Tabelle unten sind die Stahlg\u00fcten angegeben, die immer vorr\u00e4tig sind, andere k\u00f6nnen auf Anfrage geliefert werden.<\/p>\n<\/div><\/section><br \/>\n<div class='avia-image-container  av-styling-   avia-align-left '  itemscope=\"itemscope\" itemtype=\"https:\/\/schema.org\/ImageObject\"  ><div class='avia-image-container-inner'><a href='https:\/\/www.pessinaacciai.com\/wp-content\/uploads\/2013\/04\/nastriacciaiotempratiperserrande.png' class='avia_image'  ><img class='avia_image ' src='https:\/\/www.pessinaacciai.com\/wp-content\/uploads\/2013\/04\/nastriacciaiotempratiperserrande.png' alt='' title='nastriacciaiotempratiperserrande'  itemprop=\"thumbnailUrl\"  \/><\/a><\/div><\/div><\/p><\/div><\/p>\n<div class=\"flex_column av_one_full  flex_column_div av-zero-column-padding first  \" style='border-radius:0px; '><section class=\"av_textblock_section\"  itemscope=\"itemscope\" itemtype=\"https:\/\/schema.org\/CreativeWork\" ><div class='avia_textblock '   itemprop=\"text\" ><p><strong>BENUTZEN SIE DIESEN FR\u00dcHLING MIT DER GLEICHEN PFLEGE, DIE WIR IN IHREM GEB\u00c4UDE HABEN!!!<\/strong><\/p>\n<p>Seit \u00fcber 60 Jahren produzieren wir B\u00e4nder aus geh\u00e4rtetem Kohlenstoffstahl.<br \/>\nPessina geh\u00e4rtete B\u00e4nder werden aus Rohstoffen der besten europ\u00e4ischen Stahlwerke hergestellt, die von uns kaltgewalzt werden, um eine gute Dickentoleranz sicherzustellen, alle kantig, geh\u00e4rtet und mit der neuesten Technologie gefunden, deren Kontrolle kontinuierlich und aufgezeichnet ist. Alle Rollen werden mit dem Biegetest, der Elastizit\u00e4t und der H\u00e4rte gem\u00e4\u00df den \u00fcber die Zeit verfeinerten Parametern getestet.<br \/>\nAll dies erm\u00f6glicht es uns, ein Produkt anzubieten, das perfekt geeignet ist f\u00fcr die Herstellung von Federn zum Heben von Rolll\u00e4den, die die Wiederholbarkeit der Leistung der einzelnen Ma\u00dfnahmen garantieren, vor allem aber die konstante Tragf\u00e4higkeit der geh\u00e4rteten Federlebensdauer: wenn es gut ist dimensioniert und zusammengebaut, gibt es keine Br\u00fcche in der Montage und die Lebensdauer dieser Federn \u00fcbersteigt weit die der anderen Komponenten der Fensterl\u00e4den.<br \/>\nDie Feder aus geh\u00e4rtetem Stahl hat keine Leistungsverschlechterung im Laufe der Zeit.<br \/>\nUnsere Mitarbeiter stehen Ihnen zur Verf\u00fcgung, um technische Aspekte zu vertiefen und eventuelle Zweifel an Dimensionierung und Montage zu kl\u00e4ren.<\/p>\n<p>Im Folgenden finden Sie die normalerweise produzierten Ma\u00dfnahmen und deren Tragf\u00e4higkeiten. Standardgr\u00f6\u00dfen sind immer auf Lager verf\u00fcgbar.<\/p>\n<\/div><\/section><\/div>\n<div class=\"flex_column av_one_full  flex_column_div av-zero-column-padding first  \" style='border-radius:0px; '><section class=\"av_textblock_section\"  itemscope=\"itemscope\" itemtype=\"https:\/\/schema.org\/CreativeWork\" ><div class='avia_textblock '   itemprop=\"text\" ><table border=\"0\" cellspacing=\"0\" cellpadding=\"0\">\n<tbody>\n<tr>\n<td class=\"xl37\" rowspan=\"2\" width=\"80\" height=\"52\">Misura<\/td>\n<td class=\"xl27\" colspan=\"3\" width=\"192\">Tiro in Kg con scatola\u00a0\u00f8<\/td>\n<td class=\"xl37\" rowspan=\"2\" width=\"80\">Misura<\/td>\n<td class=\"xl27\" colspan=\"3\" width=\"192\">Tiro in Kg con scatola\u00a0\u00f8<\/td>\n<td class=\"xl37\" rowspan=\"2\" width=\"64\">Misura<\/td>\n<td class=\"xl27\" colspan=\"3\" width=\"192\">Tiro in kg con scatola\u00a0\u00f8<\/td>\n<\/tr>\n<tr>\n<td>200<\/td>\n<td>220<\/td>\n<td>240<\/td>\n<td>200<\/td>\n<td>220<\/td>\n<td>240<\/td>\n<td>200<\/td>\n<td>220<\/td>\n<td>240<\/td>\n<\/tr>\n<tr>\n<td class=\"xl39\" width=\"80\" height=\"22\">40 x 1,0<\/td>\n<td class=\"xl24\" width=\"64\">14<\/td>\n<td class=\"xl25\" width=\"64\">12,5<\/td>\n<td class=\"xl31\" width=\"64\"><\/td>\n<td class=\"xl39\" width=\"80\">50 x 1,0<\/td>\n<td class=\"xl24\" width=\"64\">18<\/td>\n<td class=\"xl25\" width=\"64\">16<\/td>\n<td class=\"xl26\" width=\"64\">14<\/td>\n<td class=\"xl39\" width=\"64\">60 x 1,0<\/td>\n<td class=\"xl24\" width=\"64\">23<\/td>\n<td class=\"xl25\" width=\"64\">21<\/td>\n<td class=\"xl31\" width=\"64\">18<\/td>\n<\/tr>\n<tr>\n<td class=\"xl39\" width=\"80\" height=\"22\">40 x 1,1<\/td>\n<td class=\"xl24\" width=\"64\">15<\/td>\n<td class=\"xl25\" width=\"64\">14<\/td>\n<td class=\"xl31\" width=\"64\"><\/td>\n<td class=\"xl39\" width=\"80\">50 x 1,1<\/td>\n<td class=\"xl24\" width=\"64\">20<\/td>\n<td class=\"xl25\" width=\"64\">18<\/td>\n<td class=\"xl26\" width=\"64\">16<\/td>\n<td class=\"xl39\" width=\"64\">60 x 1,1<\/td>\n<td class=\"xl24\" width=\"64\">26<\/td>\n<td class=\"xl25\" width=\"64\">24<\/td>\n<td class=\"xl31\" width=\"64\">21<\/td>\n<\/tr>\n<tr>\n<td class=\"xl39\" width=\"80\" height=\"22\">40 x 1,2<\/td>\n<td class=\"xl24\" width=\"64\">16<\/td>\n<td class=\"xl25\" width=\"64\">14,5<\/td>\n<td class=\"xl31\" width=\"64\"><\/td>\n<td class=\"xl39\" width=\"80\">50 x 1,2<\/td>\n<td class=\"xl24\" width=\"64\">23<\/td>\n<td class=\"xl25\" width=\"64\">21<\/td>\n<td class=\"xl26\" width=\"64\">18<\/td>\n<td class=\"xl39\" width=\"64\">60 x 1,2<\/td>\n<td class=\"xl24\" width=\"64\">30<\/td>\n<td class=\"xl25\" width=\"64\">27,5<\/td>\n<td class=\"xl31\" width=\"64\">24<\/td>\n<\/tr>\n<tr>\n<td class=\"xl39\" width=\"80\" height=\"22\">40 x 1,3<\/td>\n<td class=\"xl24\" width=\"64\">17<\/td>\n<td class=\"xl25\" width=\"64\">15,5<\/td>\n<td class=\"xl31\" width=\"64\"><\/td>\n<td class=\"xl39\" width=\"80\">50 x 1,3<\/td>\n<td class=\"xl24\" width=\"64\">26<\/td>\n<td class=\"xl25\" width=\"64\">24<\/td>\n<td class=\"xl26\" width=\"64\">22<\/td>\n<td class=\"xl39\" width=\"64\">60 x 1,3<\/td>\n<td class=\"xl24\" width=\"64\">35<\/td>\n<td class=\"xl25\" width=\"64\">32<\/td>\n<td class=\"xl31\" width=\"64\">28<\/td>\n<\/tr>\n<tr>\n<td class=\"xl39\" width=\"80\" height=\"22\">40 x 1,4<\/td>\n<td class=\"xl24\" width=\"64\">20<\/td>\n<td class=\"xl25\" width=\"64\">18<\/td>\n<td class=\"xl31\" width=\"64\"><\/td>\n<td class=\"xl39\" width=\"80\">50 x 1,4<\/td>\n<td class=\"xl24\" width=\"64\">29<\/td>\n<td class=\"xl25\" width=\"64\">26,5<\/td>\n<td class=\"xl26\" width=\"64\">23,5<\/td>\n<td class=\"xl39\" width=\"64\">60 x 1,4<\/td>\n<td class=\"xl24\" width=\"64\">39<\/td>\n<td class=\"xl25\" width=\"64\">35<\/td>\n<td class=\"xl31\" width=\"64\">31<\/td>\n<\/tr>\n<tr>\n<td class=\"xl39\" width=\"80\" height=\"22\">45 x 1,0<\/td>\n<td class=\"xl24\" width=\"64\">16<\/td>\n<td class=\"xl25\" width=\"64\">14,5<\/td>\n<td class=\"xl31\" width=\"64\"><\/td>\n<td class=\"xl39\" width=\"80\">55 x 1,0<\/td>\n<td class=\"xl24\" width=\"64\">20<\/td>\n<td class=\"xl25\" width=\"64\">18<\/td>\n<td class=\"xl26\" width=\"64\">16<\/td>\n<td class=\"xl39\" width=\"64\">70 x 1,3<\/td>\n<td class=\"xl24\" width=\"64\">44<\/td>\n<td class=\"xl25\" width=\"64\">41<\/td>\n<td class=\"xl31\" width=\"64\">37<\/td>\n<\/tr>\n<tr>\n<td class=\"xl39\" width=\"80\" height=\"22\">45 x 1,1<\/td>\n<td class=\"xl24\" width=\"64\">17<\/td>\n<td class=\"xl25\" width=\"64\">15,5<\/td>\n<td class=\"xl31\" width=\"64\"><\/td>\n<td class=\"xl39\" width=\"80\">55 x 1,1<\/td>\n<td class=\"xl24\" width=\"64\">23<\/td>\n<td class=\"xl25\" width=\"64\">21<\/td>\n<td class=\"xl26\" width=\"64\">18<\/td>\n<td class=\"xl39\" width=\"64\">70 x 1,4<\/td>\n<td class=\"xl24\" width=\"64\">50<\/td>\n<td class=\"xl25\" width=\"64\">46<\/td>\n<td class=\"xl31\" width=\"64\">42<\/td>\n<\/tr>\n<tr>\n<td class=\"xl39\" width=\"80\" height=\"22\">45 x 1,2<\/td>\n<td class=\"xl24\" width=\"64\">19<\/td>\n<td class=\"xl25\" width=\"64\">17,5<\/td>\n<td class=\"xl31\" width=\"64\"><\/td>\n<td class=\"xl39\" width=\"80\">55 x 1,2<\/td>\n<td class=\"xl24\" width=\"64\">27<\/td>\n<td class=\"xl25\" width=\"64\">24,5<\/td>\n<td class=\"xl26\" width=\"64\">22,5<\/td>\n<td class=\"xl39\" width=\"64\">80 x 1,2<\/td>\n<td class=\"xl24\" width=\"64\">44<\/td>\n<td class=\"xl25\" width=\"64\">40,5<\/td>\n<td class=\"xl31\" width=\"64\">37<\/td>\n<\/tr>\n<tr>\n<td class=\"xl39\" width=\"80\" height=\"22\">45 x 1,3<\/td>\n<td class=\"xl24\" width=\"64\">22<\/td>\n<td class=\"xl25\" width=\"64\">20<\/td>\n<td class=\"xl31\" width=\"64\"><\/td>\n<td class=\"xl39\" width=\"80\">55 x 1,3<\/td>\n<td class=\"xl24\" width=\"64\">30<\/td>\n<td class=\"xl25\" width=\"64\">27,5<\/td>\n<td class=\"xl26\" width=\"64\">24<\/td>\n<td class=\"xl39\" width=\"64\">80 x 1,3<\/td>\n<td class=\"xl24\" width=\"64\">53<\/td>\n<td class=\"xl25\" width=\"64\">48,5<\/td>\n<td class=\"xl31\" width=\"64\">44<\/td>\n<\/tr>\n<tr>\n<td class=\"xl40\" width=\"80\" height=\"22\">45 x 1,4<\/td>\n<td class=\"xl29\" width=\"64\">25<\/td>\n<td class=\"xl33\" width=\"64\">23<\/td>\n<td class=\"xl32\" width=\"64\"><\/td>\n<td class=\"xl40\" width=\"80\">55 x 1.4<\/td>\n<td class=\"xl29\" width=\"64\">35<\/td>\n<td class=\"xl33\" width=\"64\">32<\/td>\n<td class=\"xl30\" width=\"64\">28<\/td>\n<td class=\"xl40\" width=\"64\">80 x 1,4<\/td>\n<td class=\"xl29\" width=\"64\">63<\/td>\n<td class=\"xl33\" width=\"64\">58<\/td>\n<td class=\"xl32\" width=\"64\">53<\/td>\n<\/tr>\n<\/tbody>\n<\/table>\n<\/div><\/section><br \/>\n<section class=\"av_textblock_section\"  itemscope=\"itemscope\" itemtype=\"https:\/\/schema.org\/CreativeWork\" ><div class='avia_textblock '   itemprop=\"text\" ><p style=\"text-align: justify;\">Die Kunden von Metallurgica Luigi Pessina Acciai werden von unseren Technikern bei der Auswahl der am besten geeigneten Ma\u00dfnahmen und bei der Befriedigung jedes einzelnen Bed\u00fcrfnisses begleitet.<br \/>\nWenn Sie mehr Informationen \u00fcber die von uns behandelten Produkte erhalten m\u00f6chten, teilen Sie uns bitte Ihre Adresse und die Referenz der Person mit, an die Sie die Dokumentation senden m\u00f6chten<\/p>\n<\/div><\/section><\/p><\/div>\n","protected":false},"excerpt":{"rendered":"","protected":false},"author":1,"featured_media":0,"parent":5136,"menu_order":0,"comment_status":"closed","ping_status":"closed","template":"","meta":{"footnotes":""},"_links":{"self":[{"href":"https:\/\/www.pessinaacciai.com\/de\/wp-json\/wp\/v2\/pages\/5076"}],"collection":[{"href":"https:\/\/www.pessinaacciai.com\/de\/wp-json\/wp\/v2\/pages"}],"about":[{"href":"https:\/\/www.pessinaacciai.com\/de\/wp-json\/wp\/v2\/types\/page"}],"author":[{"embeddable":true,"href":"https:\/\/www.pessinaacciai.com\/de\/wp-json\/wp\/v2\/users\/1"}],"replies":[{"embeddable":true,"href":"https:\/\/www.pessinaacciai.com\/de\/wp-json\/wp\/v2\/comments?post=5076"}],"version-history":[{"count":11,"href":"https:\/\/www.pessinaacciai.com\/de\/wp-json\/wp\/v2\/pages\/5076\/revisions"}],"predecessor-version":[{"id":6915,"href":"https:\/\/www.pessinaacciai.com\/de\/wp-json\/wp\/v2\/pages\/5076\/revisions\/6915"}],"up":[{"embeddable":true,"href":"https:\/\/www.pessinaacciai.com\/de\/wp-json\/wp\/v2\/pages\/5136"}],"wp:attachment":[{"href":"https:\/\/www.pessinaacciai.com\/de\/wp-json\/wp\/v2\/media?parent=5076"}],"curies":[{"name":"wp","href":"https:\/\/api.w.org\/{rel}","templated":true}]}}