{"id":5096,"date":"2017-07-12T14:31:00","date_gmt":"2017-07-12T13:31:00","guid":{"rendered":"https:\/\/www.pessinaacciai.com\/stahlbaender\/nastri-in-acciaio-legato\/"},"modified":"2019-05-24T10:29:13","modified_gmt":"2019-05-24T09:29:13","slug":"legierter-bandstahl","status":"publish","type":"page","link":"https:\/\/www.pessinaacciai.com\/de\/stahlbaender\/legierter-bandstahl\/","title":{"rendered":"Legierter bandstahl"},"content":{"rendered":"<\/div><\/div><\/div><!-- close content main div --><\/div><\/div><div id='av_section_1' class='avia-section main_color avia-section-default avia-no-shadow avia-bg-style-scroll  container_wrap sidebar_right' style = 'background-repeat: no-repeat; background-image: url(https:\/\/www.pessinaacciai.com\/wp-content\/uploads\/2013\/04\/DSC_3566-1.jpg); background-attachment: scroll; background-position: top left; ' data-section-bg-repeat='no-repeat' ><div class='container' ><div class='template-page content  av-content-small alpha units'><div class='post-entry post-entry-type-page post-entry-5096'><div class='entry-content-wrapper clearfix'>\n<div style='padding-bottom:10px;color:#ffffff;' class='av-special-heading av-special-heading-h1 custom-color-heading blockquote modern-quote '><h1 class='av-special-heading-tag'  itemprop=\"headline\"  >Legierter bandstahl<\/h1><div class='special-heading-border'><div class='special-heading-inner-border' style='border-color:#ffffff'><\/div><\/div><\/div>\n<\/div><\/div><\/div><!-- close content main div --><\/div><\/div><div id='after_section_1' class='main_color av_default_container_wrap container_wrap sidebar_right'   ><div class='container' ><div class='template-page content  av-content-small alpha units'><div class='post-entry post-entry-type-page post-entry-5096'><div class='entry-content-wrapper clearfix'>\n<div class=\"flex_column av_one_full  av-animated-generic left-to-right  flex_column_div av-zero-column-padding first  \" style='border-radius:0px; '><section class=\"av_textblock_section\"  itemscope=\"itemscope\" itemtype=\"https:\/\/schema.org\/CreativeWork\" ><div class='avia_textblock '   itemprop=\"text\" ><p style=\"text-align: justify;\">Diese St\u00e4hle wurden eigens entwickelt, um Ergebnisse zu erzielen, die mit normalem Kohlenstoffstahl nicht m\u00f6glich w\u00e4ren. Die verschiedenen Marken haben spezifische Legierungselemente, welche die f\u00fcr eine bestimmte Anwendung erforderlichen Eigenschaften aufweisen.<\/p>\n<p style=\"text-align: justify;\">Als Beispiele sind weiter unten die wichtigsten Auswirkungen einiger Elemente aufgef\u00fchrt, die zur Schmelzanalyse hinzugef\u00fcgt werden k\u00f6nnen.<\/p>\n<ul>\n<li><strong>Chrom: <\/strong>bessere Korrosionsbest\u00e4ndigkeit (se&gt;12% rostfreier Stahl)<\/li>\n<li><strong>Mangan: <\/strong>erh\u00f6ht die maximal erzielbare H\u00e4rte<\/li>\n<li><strong>Molybd\u00e4n: <\/strong>erh\u00f6ht die maximal erzielbare H\u00e4rte nach Verg\u00fcten<\/li>\n<li><strong>Vanadium: <\/strong>erh\u00f6ht die Erm\u00fcdungsfestigkeit und bildet sehr harte Karbide.<\/li>\n<li><strong>Nichel: <\/strong>erh\u00f6ht die Dehnbarkeit und verst\u00e4rkt die Eindringtiefe der H\u00e4rtung<\/li>\n<\/ul>\n<\/div><\/section><br \/>\n<div style='height:30px' class='hr hr-invisible '><span class='hr-inner ' ><span class='hr-inner-style'><\/span><\/span><\/div><br \/>\n<div class='avia-image-container  av-styling-   avia-align-left '  itemscope=\"itemscope\" itemtype=\"https:\/\/schema.org\/ImageObject\"  ><div class='avia-image-container-inner'><a href='https:\/\/www.pessinaacciai.com\/wp-content\/uploads\/2013\/04\/DSC_3643-1030x692.jpg' class='avia_image'  ><img class='avia_image ' src='https:\/\/www.pessinaacciai.com\/wp-content\/uploads\/2013\/04\/DSC_3643.jpg' alt='' title='DSC_3643'  itemprop=\"thumbnailUrl\"  \/><\/a><\/div><\/div><br \/>\n<div style='height:30px' class='hr hr-invisible '><span class='hr-inner ' ><span class='hr-inner-style'><\/span><\/span><\/div><\/p><\/div><div class=\"flex_column av_one_full  flex_column_div av-zero-column-padding first  \" style='border-radius:0px; '><p><div style='padding-bottom:10px;' class='av-special-heading av-special-heading-h3 meta-heading   '><h3 class='av-special-heading-tag'  itemprop=\"headline\"  >Hauptanwendungen<\/h3><div class='special-heading-border'><div class='special-heading-inner-border' ><\/div><\/div><\/div><br \/>\n<section class=\"av_textblock_section\"  itemscope=\"itemscope\" itemtype=\"https:\/\/schema.org\/CreativeWork\" ><div class='avia_textblock '   itemprop=\"text\" ><p style=\"text-align: justify;\">Stanzteile zum anschlie\u00dfenden Gl\u00fchen oder zur Behandlung mit chemisch-thermischen Verfahren: Ketten, Lager, Reibscheiben, Scharniere, Sprengringe, Tellerfedern und durch Stanzen oder Feinschneiden erhaltene Kleinteile.<\/p>\n<\/div><\/section><\/p><\/div><div class=\"flex_column av_one_full  flex_column_div av-zero-column-padding first  \" style='border-radius:0px; '><p><div style='padding-bottom:10px;' class='av-special-heading av-special-heading-h3 meta-heading   '><h3 class='av-special-heading-tag'  itemprop=\"headline\"  >Standardg\u00fcten<\/h3><div class='special-heading-border'><div class='special-heading-inner-border' ><\/div><\/div><\/div><br \/>\n<section class=\"av_textblock_section\"  itemscope=\"itemscope\" itemtype=\"https:\/\/schema.org\/CreativeWork\" ><div class='avia_textblock '   itemprop=\"text\" ><p style=\"text-align: justify;\">In der Tabelle hierunten sind die Stahlg\u00fcten angegeben, die immer vorr\u00e4tig sind, andere k\u00f6nnen auf Anfrage geliefert werden.<\/p>\n<\/div><\/section><br \/>\n<div class='avia-image-container  av-styling-   avia-align-left '  itemscope=\"itemscope\" itemtype=\"https:\/\/schema.org\/ImageObject\"  ><div class='avia-image-container-inner'><a href='https:\/\/www.pessinaacciai.com\/wp-content\/uploads\/2017\/07\/nastriacciaiolegati.png' class='avia_image'  ><img class='avia_image ' src='https:\/\/www.pessinaacciai.com\/wp-content\/uploads\/2017\/07\/nastriacciaiolegati.png' alt='' title='nastriacciaiolegati'  itemprop=\"thumbnailUrl\"  \/><\/a><\/div><\/div><\/p><\/div><div class=\"flex_column av_one_full  flex_column_div av-zero-column-padding first  \" style='border-radius:0px; '><p><div style='padding-bottom:10px;' class='av-special-heading av-special-heading-h3 meta-heading   '><h3 class='av-special-heading-tag'  itemprop=\"headline\"  >Lieferzustand<\/h3><div class='special-heading-border'><div class='special-heading-inner-border' ><\/div><\/div><\/div><br \/>\n<section class=\"av_textblock_section\"  itemscope=\"itemscope\" itemtype=\"https:\/\/schema.org\/CreativeWork\" ><div class='avia_textblock '   itemprop=\"text\" ><p style=\"text-align: justify;\">B\u00e4nder warmgewalzt, kaltgewalzt (+CR), gegl\u00fcht (+A), GKZ-gegl\u00fcht (+AC)<\/p>\n<p style=\"text-align: justify;\">Es folgt die mechanischen Standardeigenschaften f\u00fcr B\u00e4nder mit hohem Kohlenstoffgehalt. Andere Werte sind lieferbar nach Absprache mit unseren technischen Experten, die unseren Kunden immer zu Verf\u00fcgung stehen, um optimale Ergebnisse f\u00fcr jede Anwendung zu gew\u00e4hrleisten.<\/p>\n<\/div><\/section><\/p><\/div><\/p>\n","protected":false},"excerpt":{"rendered":"","protected":false},"author":1,"featured_media":0,"parent":5048,"menu_order":0,"comment_status":"closed","ping_status":"closed","template":"","meta":{"footnotes":""},"_links":{"self":[{"href":"https:\/\/www.pessinaacciai.com\/de\/wp-json\/wp\/v2\/pages\/5096"}],"collection":[{"href":"https:\/\/www.pessinaacciai.com\/de\/wp-json\/wp\/v2\/pages"}],"about":[{"href":"https:\/\/www.pessinaacciai.com\/de\/wp-json\/wp\/v2\/types\/page"}],"author":[{"embeddable":true,"href":"https:\/\/www.pessinaacciai.com\/de\/wp-json\/wp\/v2\/users\/1"}],"replies":[{"embeddable":true,"href":"https:\/\/www.pessinaacciai.com\/de\/wp-json\/wp\/v2\/comments?post=5096"}],"version-history":[{"count":4,"href":"https:\/\/www.pessinaacciai.com\/de\/wp-json\/wp\/v2\/pages\/5096\/revisions"}],"predecessor-version":[{"id":6921,"href":"https:\/\/www.pessinaacciai.com\/de\/wp-json\/wp\/v2\/pages\/5096\/revisions\/6921"}],"up":[{"embeddable":true,"href":"https:\/\/www.pessinaacciai.com\/de\/wp-json\/wp\/v2\/pages\/5048"}],"wp:attachment":[{"href":"https:\/\/www.pessinaacciai.com\/de\/wp-json\/wp\/v2\/media?parent=5096"}],"curies":[{"name":"wp","href":"https:\/\/api.w.org\/{rel}","templated":true}]}}