{"id":5532,"date":"2019-03-21T16:15:08","date_gmt":"2019-03-21T15:15:08","guid":{"rendered":"http:\/\/www.pessinaacciai.com\/?page_id=5532\/"},"modified":"2019-05-29T14:41:16","modified_gmt":"2019-05-29T13:41:16","slug":"production-feuillards-acier-lamines-a-froid","status":"publish","type":"page","link":"https:\/\/www.pessinaacciai.com\/fr\/production-feuillards-acier-lamines-a-froid\/","title":{"rendered":"Qui sommes &#8211; nous"},"content":{"rendered":"<\/div><\/div><\/div><!-- close content main div --><\/div><\/div><div id='av_section_1' class='avia-section main_color avia-section-default avia-no-shadow avia-bg-style-scroll  container_wrap sidebar_right' style = 'background-repeat: no-repeat; background-image: url(https:\/\/www.pessinaacciai.com\/wp-content\/uploads\/2013\/04\/DSC_3566-1.jpg); background-attachment: scroll; background-position: top left; ' data-section-bg-repeat='no-repeat' ><div class='container' ><div class='template-page content  av-content-small alpha units'><div class='post-entry post-entry-type-page post-entry-5532'><div class='entry-content-wrapper clearfix'>\n<div style='padding-bottom:10px;color:#ffffff;' class='av-special-heading av-special-heading-h2 custom-color-heading blockquote modern-quote '><h2 class='av-special-heading-tag'  itemprop=\"headline\"  >HISTORIQUE<\/h2><div class='special-heading-border'><div class='special-heading-inner-border' style='border-color:#ffffff'><\/div><\/div><\/div>\n<\/div><\/div><\/div><!-- close content main div --><\/div><\/div><div id='after_section_1' class='main_color av_default_container_wrap container_wrap sidebar_right'   ><div class='container' ><div class='template-page content  av-content-small alpha units'><div class='post-entry post-entry-type-page post-entry-5532'><div class='entry-content-wrapper clearfix'>\n<div class=\"flex_column av_one_half  av-animated-generic left-to-right  flex_column_div av-zero-column-padding first  \" style='border-radius:0px; '><p><div  class='hr hr-short hr-left '><span class='hr-inner ' ><span class='hr-inner-style'><\/span><\/span><\/div><br \/>\n<section class=\"av_textblock_section\"  itemscope=\"itemscope\" itemtype=\"https:\/\/schema.org\/CreativeWork\" ><div class='avia_textblock '   itemprop=\"text\" ><div class=\"intestazione\">\n<h1>Production feuillards acier lamin\u00e9s a froid<\/h1>\n<h2>Les meilleurs feuillards acier lamin\u00e9s a froid<\/h2>\n<h3>Production feuillards acier lamin\u00e9s a froid: la societ\u00e9 Metallurgica Pessina Acciai est sp\u00e9cialis\u00e9e dans la production de feuillard en acier au carbone lamin\u00e9s et alli\u00e9s selon les sp\u00e9cifiques du Client.<\/h3>\n<\/div>\n<h2><span style=\"font-size: 12pt;\">TRADITION ET INNOVATION POUR FOURNIR DES PRODUITS SUR MESURE<\/span><\/h2>\n<\/div><\/section><br \/>\n<section class=\"av_textblock_section\"  itemscope=\"itemscope\" itemtype=\"https:\/\/schema.org\/CreativeWork\" ><div class='avia_textblock '   itemprop=\"text\" ><p style=\"text-align: justify;\"><span style=\"font-weight: 400;\">Depuis 1934, la societ\u00e9 Metallurgica Pessina Acciai est sp\u00e9cialis\u00e9e dans la production de feuillard en acier au carbone et alli\u00e9s selon les sp\u00e9cifiques du Client. Cette entreprise de propriet\u00e9 et de gestion familiale, est en effet depuis toujours, tr\u00e8s attentive aux exigences de la client\u00e8le pour fournir un produit \u00ab\u00a0sur mesure\u00a0\u00bb. La flexibilit\u00e9, le savoir-faire, les technologies modernes et l&rsquo;efficacit\u00e9 constituent les bases pour construire, gr\u00e2ce\u00a0\u00e0 une collaboration active, des relations solides avec nos partenaires.<\/span><\/p>\n<p><span style=\"font-weight: 400;\">La fabrication s&rsquo;effectue dans notre \u00e9tablissement.<\/span><\/p>\n<p><span style=\"font-weight: 400;\">Nous voulons offrir \u00e0 nos Clients: <\/span><\/p>\n<ul>\n<li>des produits faits sur mesure de haute qualit\u00e9<\/li>\n<li>en temps rapides<\/li>\n<li style=\"font-weight: 400;\"><span style=\"font-weight: 400;\">\u00e0 un prix raisonnable<\/span><\/li>\n<\/ul>\n<\/div><\/section><\/p><\/div><div class=\"flex_column av_one_half  flex_column_div av-zero-column-padding   \" style='border-radius:0px; '><div id='av-masonry-1' class='av-masonry noHover av-flex-size av-large-gap av-hover-overlay- av-masonry-col-2 av-caption-always av-caption-style- av-masonry-gallery  '  ><div class='av-masonry-container isotope av-js-disabled ' ><div class='av-masonry-entry isotope-item av-masonry-item-no-image '><\/div><a href=\"https:\/\/www.pessinaacciai.com\/wp-content\/uploads\/2019\/03\/bandes-acier-carbon-1.jpg\" id='av-masonry-1-item-5566' data-av-masonry-item='5566' class='av-masonry-entry isotope-item post-5566 attachment type-attachment status-inherit hentry  av-masonry-item-with-image' title=\"\"  itemprop=\"thumbnailUrl\" ><div class='av-inner-masonry-sizer'><\/div><figure class='av-inner-masonry main_color'><div class=\"av-masonry-outerimage-container\"><div class=\"av-masonry-image-container\" style=\"background-image: url(https:\/\/www.pessinaacciai.com\/wp-content\/uploads\/2019\/03\/bandes-acier-carbon-1.jpg);\"><img src=\"https:\/\/www.pessinaacciai.com\/wp-content\/uploads\/2019\/03\/bandes-acier-carbon-1.jpg\" title=\"bandes-acier-carbon\" alt=\"\" \/><\/div><\/div><\/figure><\/a><!--end av-masonry entry--><a href=\"https:\/\/www.pessinaacciai.com\/wp-content\/uploads\/2019\/03\/bordures-1.jpg\" id='av-masonry-1-item-5570' data-av-masonry-item='5570' class='av-masonry-entry isotope-item post-5570 attachment type-attachment status-inherit hentry  av-masonry-item-with-image' title=\"\"  itemprop=\"thumbnailUrl\" ><div class='av-inner-masonry-sizer'><\/div><figure class='av-inner-masonry main_color'><div class=\"av-masonry-outerimage-container\"><div class=\"av-masonry-image-container\" style=\"background-image: url(https:\/\/www.pessinaacciai.com\/wp-content\/uploads\/2019\/03\/bordures-1.jpg);\"><img src=\"https:\/\/www.pessinaacciai.com\/wp-content\/uploads\/2019\/03\/bordures-1.jpg\" title=\"bordures\" alt=\"\" \/><\/div><\/div><\/figure><\/a><!--end av-masonry entry--><a href=\"https:\/\/www.pessinaacciai.com\/wp-content\/uploads\/2019\/03\/spring-1.jpg\" id='av-masonry-1-item-5574' data-av-masonry-item='5574' class='av-masonry-entry isotope-item post-5574 attachment type-attachment status-inherit hentry  av-masonry-item-with-image' title=\"\"  itemprop=\"thumbnailUrl\" ><div class='av-inner-masonry-sizer'><\/div><figure class='av-inner-masonry main_color'><div class=\"av-masonry-outerimage-container\"><div class=\"av-masonry-image-container\" style=\"background-image: url(https:\/\/www.pessinaacciai.com\/wp-content\/uploads\/2019\/03\/spring-1.jpg);\"><img src=\"https:\/\/www.pessinaacciai.com\/wp-content\/uploads\/2019\/03\/spring-1.jpg\" title=\"spring\" alt=\"\" \/><\/div><\/div><\/figure><\/a><!--end av-masonry entry--><a href=\"https:\/\/www.pessinaacciai.com\/wp-content\/uploads\/2013\/06\/saw.jpg\" id='av-masonry-1-item-6024' data-av-masonry-item='6024' class='av-masonry-entry isotope-item post-6024 attachment type-attachment status-inherit hentry  av-masonry-item-with-image' title=\"\"  itemprop=\"thumbnailUrl\" ><div class='av-inner-masonry-sizer'><\/div><figure class='av-inner-masonry main_color'><div class=\"av-masonry-outerimage-container\"><div class=\"av-masonry-image-container\" style=\"background-image: url(https:\/\/www.pessinaacciai.com\/wp-content\/uploads\/2013\/06\/saw.jpg);\"><img src=\"https:\/\/www.pessinaacciai.com\/wp-content\/uploads\/2013\/06\/saw.jpg\" title=\"saw\" alt=\"\" \/><\/div><\/div><\/figure><\/a><!--end av-masonry entry--><\/div><\/div><\/div><\/p>\n<div class=\"flex_column av_one_half  flex_column_div av-zero-column-padding first  \" style='border-radius:0px; '><p><div style='padding-bottom:30px;' class='av-special-heading av-special-heading-h3 meta-heading  '><h3 class='av-special-heading-tag'  itemprop=\"headline\"  >Tradition<\/h3><div class='special-heading-border'><div class='special-heading-inner-border' ><\/div><\/div><\/div><br \/>\n<div class='avia-image-container  av-styling-   avia-align-left '  itemscope=\"itemscope\" itemtype=\"https:\/\/schema.org\/ImageObject\"  ><div class='avia-image-container-inner'><a href='https:\/\/www.pessinaacciai.com\/wp-content\/uploads\/2013\/04\/DSC_3679-1030x691.jpg' class='avia_image'  ><img class='avia_image ' src='https:\/\/www.pessinaacciai.com\/wp-content\/uploads\/2013\/04\/DSC_3679.jpg' alt='' title='DSC_3679'  itemprop=\"thumbnailUrl\"  \/><\/a><\/div><\/div><\/p><\/div>\n<div class=\"flex_column av_one_half  flex_column_div av-zero-column-padding   \" style='border-radius:0px; '><p><div style='padding-bottom:30px;' class='av-special-heading av-special-heading-h3 meta-heading  '><h3 class='av-special-heading-tag'  itemprop=\"headline\"  >Innovation<\/h3><div class='special-heading-border'><div class='special-heading-inner-border' ><\/div><\/div><\/div><br \/>\n<div class='avia-image-container  av-styling-   avia-align-center '  itemscope=\"itemscope\" itemtype=\"https:\/\/schema.org\/ImageObject\"  ><div class='avia-image-container-inner'><a href='https:\/\/www.pessinaacciai.com\/wp-content\/uploads\/2013\/04\/Immagine-024-1030x691.jpg' class='avia_image'  ><img class='avia_image ' src='https:\/\/www.pessinaacciai.com\/wp-content\/uploads\/2013\/04\/Immagine-024.jpg' alt='' title='Immagine-024'  itemprop=\"thumbnailUrl\"  \/><\/a><\/div><\/div><\/p><\/div>\n<div class=\"flex_column av_one_full  flex_column_div av-zero-column-padding first  \" style='border-radius:0px; '><div style='background:#ffffff;color:#084891;border-color:#084891;' class='av_promobox avia-button-yes '>\t\t<div class='avia-promocontent'><\/p>\n<p style=\"text-align: left; font-size: 22px;\">Demandez plus d&rsquo;information. Nous sommes \u00e0 votre disposition!<\/p>\n<p>\n<\/div><div class='avia-button-wrap avia-button-right '><a href='\/fr\/contacts\/' class='avia-button  avia-icon_select-no avia-color-theme-color avia-size-large avia-position-right '   ><span class='avia_iconbox_title' >Contactez-nous<\/span><\/a><\/div>\t<\/div><\/div>\n","protected":false},"excerpt":{"rendered":"","protected":false},"author":1,"featured_media":0,"parent":0,"menu_order":0,"comment_status":"closed","ping_status":"closed","template":"","meta":{"footnotes":""},"_links":{"self":[{"href":"https:\/\/www.pessinaacciai.com\/fr\/wp-json\/wp\/v2\/pages\/5532"}],"collection":[{"href":"https:\/\/www.pessinaacciai.com\/fr\/wp-json\/wp\/v2\/pages"}],"about":[{"href":"https:\/\/www.pessinaacciai.com\/fr\/wp-json\/wp\/v2\/types\/page"}],"author":[{"embeddable":true,"href":"https:\/\/www.pessinaacciai.com\/fr\/wp-json\/wp\/v2\/users\/1"}],"replies":[{"embeddable":true,"href":"https:\/\/www.pessinaacciai.com\/fr\/wp-json\/wp\/v2\/comments?post=5532"}],"version-history":[{"count":18,"href":"https:\/\/www.pessinaacciai.com\/fr\/wp-json\/wp\/v2\/pages\/5532\/revisions"}],"predecessor-version":[{"id":6969,"href":"https:\/\/www.pessinaacciai.com\/fr\/wp-json\/wp\/v2\/pages\/5532\/revisions\/6969"}],"wp:attachment":[{"href":"https:\/\/www.pessinaacciai.com\/fr\/wp-json\/wp\/v2\/media?parent=5532"}],"curies":[{"name":"wp","href":"https:\/\/api.w.org\/{rel}","templated":true}]}}