{"id":5588,"date":"2013-04-07T16:28:54","date_gmt":"2013-04-07T16:28:54","guid":{"rendered":"http:\/\/www.pessinaacciai.com\/lavorazioni-nastri-acciaio\/"},"modified":"2019-05-29T14:43:44","modified_gmt":"2019-05-29T13:43:44","slug":"feuillard-trempe","status":"publish","type":"page","link":"https:\/\/www.pessinaacciai.com\/fr\/feuillard-trempe\/","title":{"rendered":"Production"},"content":{"rendered":"<\/div><\/div><\/div><!-- close content main div --><\/div><\/div><div id='av_section_1' class='avia-section main_color avia-section-default avia-no-shadow avia-bg-style-scroll  container_wrap sidebar_right' style = 'background-repeat: no-repeat; background-image: url(https:\/\/www.pessinaacciai.com\/wp-content\/uploads\/2013\/04\/DSC_3566-1.jpg); background-attachment: scroll; background-position: top center; ' data-section-bg-repeat='no-repeat' ><div class='container' ><div class='template-page content  av-content-small alpha units'><div class='post-entry post-entry-type-page post-entry-5588'><div class='entry-content-wrapper clearfix'>\n<div style='padding-bottom:10px;color:#ffffff;' class='av-special-heading av-special-heading-h2 custom-color-heading blockquote modern-quote modern-centered '><h2 class='av-special-heading-tag'  itemprop=\"headline\"  >Production<\/h2><div class='special-heading-border'><div class='special-heading-inner-border' style='border-color:#ffffff'><\/div><\/div><\/div>\n<\/div><\/div><\/div><!-- close content main div --><\/div><\/div><div id='after_section_1' class='main_color av_default_container_wrap container_wrap sidebar_right'   ><div class='container' ><div class='template-page content  av-content-small alpha units'><div class='post-entry post-entry-type-page post-entry-5588'><div class='entry-content-wrapper clearfix'>\n<div class=\"flex_column av_one_full  av-animated-generic left-to-right  flex_column_div av-zero-column-padding first  \" style='border-radius:0px; '><p><div style='padding-bottom:0px;font-size:24px;' class='av-special-heading av-special-heading-h2 meta-heading blockquote modern-quote modern-centered   av-inherit-size'><h2 class='av-special-heading-tag'  itemprop=\"headline\"  >Fabrication de feuillard en Acier Depuis 1934<\/h2><div class='special-heading-border'><div class='special-heading-inner-border' ><\/div><\/div><\/div><br \/>\n<div  class='hr hr-short hr-center '><span class='hr-inner ' ><span class='hr-inner-style'><\/span><\/span><\/div><br \/>\n<section class=\"av_textblock_section\"  itemscope=\"itemscope\" itemtype=\"https:\/\/schema.org\/CreativeWork\" ><div class='avia_textblock '   itemprop=\"text\" ><div class=\"intestazione\">\n<h1>Feuillard tremp\u00e9<\/h1>\n<h2>Production des feuillards en acier tremp\u00e9<\/h2>\n<h3>Feuillard tremp\u00e9: nous produisons des feuillards tempr\u00e9 et des feuillards en acier trempant recuit. Les principales applications de nos feuillards en acier tremp\u00e9 sont ressorts en spirale, ressorts de torsion, ressorts pour les rideaux m\u00e9talliques, scies \u00e0 ruban, &#8230;<\/h3>\n<\/div>\n<h2 style=\"text-align: center;\"><span style=\"font-size: 12pt;\">Fabrication en acier tremp\u00e9 et recuit pour diff\u00e9rentes applications m\u00e9tallurgiques<\/span><\/h2>\n<h3 style=\"text-align: center;\"><span style=\"font-size: 12pt;\">Nous produisons, depuis 1934 des feuillards en haute teneur de carbone et alli\u00e9s.<\/span><\/h3>\n<p style=\"text-align: center;\">Nous achetons les mati\u00e8res premi\u00e8res aux meilleures aci\u00e9ries europ\u00e9ennes et, \u00e0 travers la fabrication effectu\u00e9e enti\u00e8rement dans notre \u00e9tablissement, nous produisons des feuillards en acier tremp\u00e9 et des feuillards en acier trempant recuit. Les principales applications de nos feuillards en acier tremp\u00e9 sont ressorts en spirale, ressorts de torsion, ressorts pour les rideaux m\u00e9talliques, scies \u00e0 ruban, scies \u00e0 bois, scies circulaires, lames de cr\u00eapages, lames pour l&rsquo;industrie du cartonnage. Les principales applications pour nos feuillards en acier recuit sont l&rsquo; estampage, l&#8217;emboutissage, le d\u00e9coupage fin pour les secteurs appartenant \u00e0 la m\u00e9canique (cha\u00eenes, engrenages, pi\u00e8ces m\u00e9caniques unifi\u00e9es), \u00e0 l&rsquo;agriculture et au secteur de l&rsquo;automobile.<\/p>\n<\/div><\/section><\/p><\/div><\/div><\/div><\/div><!-- close content main div --><\/div><\/div><div id='av-layout-grid-1' class='av-layout-grid-container entry-content-wrapper main_color av-flex-cells  container_wrap sidebar_right'   >\n<div class=\"flex_cell no_margin av_one_half   \" style='height:300px; min-height:300px;background-image:url(https:\/\/www.pessinaacciai.com\/wp-content\/uploads\/2013\/04\/cold-rolling.jpg); background-position:center center; background-repeat:no-repeat; background-attachment:scroll; vertical-align:top; padding:30px; '><div class='flex_cell_inner' ><\/div><\/div><div class=\"flex_cell no_margin av_one_half   \" style='height:300px; min-height:300px;vertical-align:top; padding:80px; background-color:#f8f8f8; '><div class='flex_cell_inner' ><p><div style='padding-bottom:0px;' class='av-special-heading av-special-heading-h2  blockquote modern-quote  '><h2 class='av-special-heading-tag'  itemprop=\"headline\"  >Laminage<\/h2><div class='special-heading-border'><div class='special-heading-inner-border' ><\/div><\/div><\/div><br \/>\n<div  class='hr hr-short hr-left '><span class='hr-inner ' ><span class='hr-inner-style'><\/span><\/span><\/div><br \/>\n<section class=\"av_textblock_section\"  itemscope=\"itemscope\" itemtype=\"https:\/\/schema.org\/CreativeWork\" ><div class='avia_textblock '   itemprop=\"text\" ><p style=\"text-align: justify;\"><em>La Soci\u00e9t\u00e9 Metallurgica Pessina transforme le produit lamin\u00e9 \u00e0 chaud provenant des aci\u00e9ries en feuillards lamin\u00e9s \u00e0 froid de pr\u00e9cision.<br \/>\nL&rsquo;ensemble du cycle de production se produit dans nos ateliers. C&rsquo;est ce qui permet de garantir la capacit\u00e9 maximale pour satisfaire les demandes du Client et d&rsquo;avoir un meilleur contr\u00f4le sur le produit.<\/em><\/p>\n<\/div><\/section><br \/>\n<div style='height:30px' class='hr hr-invisible '><span class='hr-inner ' ><span class='hr-inner-style'><\/span><\/span><\/div><br \/>\n<div class='avia-button-wrap avia-button-left '><a href='\/fr\/laminage-a-froid\/' class='avia-button  avia-icon_select-no avia-color-theme-color avia-size-medium avia-position-left '   ><span class='avia_iconbox_title' >En savoir plus<\/span><\/a><\/div><\/p>\n<\/div><\/div>\n<\/div><\/p>\n<\/div><\/div><\/div><!-- close content main div --><\/div><\/div><div id='av-layout-grid-2' class='av-layout-grid-container entry-content-wrapper main_color av-flex-cells  container_wrap sidebar_right'   >\n<div class=\"flex_cell no_margin av_one_half   \" style='height:300px; min-height:300px;vertical-align:top; padding:100px 80px 100px 80px ; '><div class='flex_cell_inner' ><p><div style='padding-bottom:0px;' class='av-special-heading av-special-heading-h2  blockquote modern-quote '><h2 class='av-special-heading-tag'  itemprop=\"headline\"  >Refendage<\/h2><div class='special-heading-border'><div class='special-heading-inner-border' ><\/div><\/div><\/div><br \/>\n<div  class='hr hr-short hr-left '><span class='hr-inner ' ><span class='hr-inner-style'><\/span><\/span><\/div><br \/>\n<section class=\"av_textblock_section\"  itemscope=\"itemscope\" itemtype=\"https:\/\/schema.org\/CreativeWork\" ><div class='avia_textblock '   itemprop=\"text\" ><p style=\"text-align: justify;\"><em>Notre production peut compter sur diff\u00e9rentes lignes de coupe afin d&rsquo;obtenir les meilleures conditions en garantissant une fabrication de haut niveau.<br \/>\nToutes les lignes proviennent de constructeurs parmi les plus connus et elles sont mises \u00e0 jour pour \u00eatre toujours d&rsquo;avant-garde.<\/em><\/p>\n<\/div><\/section><br \/>\n<div style='height:30px' class='hr hr-invisible '><span class='hr-inner ' ><span class='hr-inner-style'><\/span><\/span><\/div><br \/>\n<div class='avia-button-wrap avia-button-left '><a href='\/fr\/coupe-cisaillement-rubans-lamines\/' class='avia-button  avia-icon_select-no avia-color-theme-color avia-size-medium avia-position-left '   ><span class='avia_iconbox_title' >En savoir plus<\/span><\/a><\/div><\/p>\n<\/div><\/div><div class=\"flex_cell no_margin av_one_half   \" style='height:300px; min-height:300px;background-image:url(https:\/\/www.pessinaacciai.com\/wp-content\/uploads\/2013\/04\/nastri-in-acciaio.jpg); background-position:center center; background-repeat:no-repeat; background-attachment:scroll; vertical-align:top; padding:80px; '><div class='flex_cell_inner' ><\/div><\/div>\n<\/div>\n<\/div><\/div><\/div><!-- close content main div --><\/div><\/div><div id='av-layout-grid-3' class='av-layout-grid-container entry-content-wrapper main_color av-flex-cells  container_wrap sidebar_right'   >\n<div class=\"flex_cell no_margin av_one_half   \" style='height:300px; min-height:300px;background-image:url(https:\/\/www.pessinaacciai.com\/wp-content\/uploads\/2013\/04\/machined-edges_Bordi-lavorati.jpg); background-position:center center; background-repeat:no-repeat; background-attachment:scroll; vertical-align:top; padding:30px; '><div class='flex_cell_inner' ><\/div><\/div><div class=\"flex_cell no_margin av_one_half   \" style='height:300px; min-height:300px;vertical-align:top; padding:100px 80px 100px 80px ; background-color:#f8f8f8; '><div class='flex_cell_inner' ><p><div style='padding-bottom:0px;' class='av-special-heading av-special-heading-h2  blockquote modern-quote  '><h2 class='av-special-heading-tag'  itemprop=\"headline\"  >Usinage de bords<\/h2><div class='special-heading-border'><div class='special-heading-inner-border' ><\/div><\/div><\/div><br \/>\n<div  class='hr hr-short hr-left '><span class='hr-inner ' ><span class='hr-inner-style'><\/span><\/span><\/div><br \/>\n<section class=\"av_textblock_section\"  itemscope=\"itemscope\" itemtype=\"https:\/\/schema.org\/CreativeWork\" ><div class='avia_textblock '   itemprop=\"text\" ><p style=\"text-align: justify;\"><em>Une vieille tradition dans l&rsquo;usinage de bords nous permet d&rsquo;offrir une large gamme de finitions standards et sur dessin.<\/em><em><br \/>\nNous sommes en mesure d&rsquo;offrir diff\u00e9rentes formes et diff\u00e9rentes finitions de bords en travaillant avec diff\u00e9rents types de machines. Aujourd&rsquo;hui, Metallurgica Pessina est en mesure d&rsquo;offrir des bords travaill\u00e9s \u00e0 outils, \u00e0 rouleaux ou \u00e0 la meule.\u00a0<\/em><\/p>\n<\/div><\/section><br \/>\n<div style='height:30px' class='hr hr-invisible '><span class='hr-inner ' ><span class='hr-inner-style'><\/span><\/span><\/div><br \/>\n<div class='avia-button-wrap avia-button-left '><a href='\/fr\/bordures-rubans-acier\/' class='avia-button  avia-icon_select-no avia-color-theme-color avia-size-medium avia-position-left '   ><span class='avia_iconbox_title' >En savoir plus<\/span><\/a><\/div><\/p>\n<\/div><\/div>\n<\/div>\n<\/div><\/div><\/div><!-- close content main div --><\/div><\/div><div id='av-layout-grid-4' class='av-layout-grid-container entry-content-wrapper main_color av-flex-cells  container_wrap sidebar_right'   >\n<div class=\"flex_cell no_margin av_one_half   \" style='height:300px; min-height:300px;vertical-align:top; padding:80px; '><div class='flex_cell_inner' ><p><div style='padding-bottom:0px;' class='av-special-heading av-special-heading-h2  blockquote modern-quote  '><h2 class='av-special-heading-tag'  itemprop=\"headline\"  >Trempe<\/h2><div class='special-heading-border'><div class='special-heading-inner-border' ><\/div><\/div><\/div><br \/>\n<div  class='hr hr-short hr-left '><span class='hr-inner ' ><span class='hr-inner-style'><\/span><\/span><\/div><br \/>\n<section class=\"av_textblock_section\"  itemscope=\"itemscope\" itemtype=\"https:\/\/schema.org\/CreativeWork\" ><div class='avia_textblock '   itemprop=\"text\" ><p style=\"text-align: justify;\"><em>Aujourd&rsquo;hui, comme en 1934, la trempe des feuillards en acier repr\u00e9sente la principale activit\u00e9 de la soci\u00e9t\u00e9 Metallurgica Luigi Pessina Acciai. La recherche constante pour satisfaire la Client\u00e8le repr\u00e9sente notre priorit\u00e9 et le fait d&rsquo;avoir affront\u00e9 les probl\u00e8mes sp\u00e9cifiques dans de nombreux domaines d&rsquo;application, nous permet de pouvoir offrir un professionnalisme de tr\u00e8s haut niveau pour aider nos clients \u00e0 atteindre les objectifs les plus difficiles.<\/em><\/p>\n<\/div><\/section><br \/>\n<div style='height:30px' class='hr hr-invisible '><span class='hr-inner ' ><span class='hr-inner-style'><\/span><\/span><\/div><br \/>\n<div class='avia-button-wrap avia-button-left '><a href='\/fr\/trempe-rubans-acier\/' class='avia-button  avia-icon_select-no avia-color-theme-color avia-size-medium avia-position-left '   ><span class='avia_iconbox_title' >En savoir plus<\/span><\/a><\/div><\/p>\n<\/div><\/div><div class=\"flex_cell no_margin av_one_half   \" style='height:300px; min-height:300px;background-image:url(https:\/\/www.pessinaacciai.com\/wp-content\/uploads\/2013\/04\/tempra.jpg); background-position:center center; background-repeat:no-repeat; background-attachment:scroll; vertical-align:top; padding:80px; '><div class='flex_cell_inner' ><\/div><\/div>\n<\/div>\n<\/div><\/div><\/div><!-- close content main div --><\/div><\/div><div id='av-layout-grid-5' class='av-layout-grid-container entry-content-wrapper main_color av-flex-cells  container_wrap sidebar_right'   >\n<div class=\"flex_cell no_margin av_one_half   \" style='height:300px; min-height:300px;background-image:url(https:\/\/www.pessinaacciai.com\/wp-content\/uploads\/2013\/04\/hydrogen-hardening-2_indurimento-idrogeno.jpg); background-position:center center; background-repeat:no-repeat; background-attachment:scroll; vertical-align:top; padding:30px; '><div class='flex_cell_inner' ><\/div><\/div><div class=\"flex_cell no_margin av_one_half   \" style='height:300px; min-height:300px;vertical-align:top; padding:80px; background-color:#f8f8f8; '><div class='flex_cell_inner' ><p><div style='padding-bottom:0px;' class='av-special-heading av-special-heading-h2  blockquote modern-quote  '><h2 class='av-special-heading-tag'  itemprop=\"headline\"  >Trempe \u00e0 Hydrog\u00e8ne<\/h2><div class='special-heading-border'><div class='special-heading-inner-border' ><\/div><\/div><\/div><br \/>\n<div  class='hr hr-short hr-left '><span class='hr-inner ' ><span class='hr-inner-style'><\/span><\/span><\/div><br \/>\n<section class=\"av_textblock_section\"  itemscope=\"itemscope\" itemtype=\"https:\/\/schema.org\/CreativeWork\" ><div class='avia_textblock '   itemprop=\"text\" ><p><em>Le premier feuillard en acier au carbone tremp\u00e9 \u00e0 hydrog\u00e8ne<br \/>\n<\/em><\/p>\n<p><em>PRINCIPAUX AVANTAGES:<\/em><\/p>\n<ul>\n<li><em> Surfaces absolument propres<\/em><\/li>\n<li><em> Absence de plomb ou d&rsquo;autres \u00e9l\u00e9ments toxiques sur les surfaces<\/em><\/li>\n<li><em>100% de compatibilit\u00e9 avec l&rsquo;environnement<\/em><\/li>\n<\/ul>\n<\/div><\/section><br \/>\n<div style='height:30px' class='hr hr-invisible '><span class='hr-inner ' ><span class='hr-inner-style'><\/span><\/span><\/div><br \/>\n<div class='avia-button-wrap avia-button-left '><a href='\/fr\/trempe-a-hydrogene-rubans-acier\/' class='avia-button  avia-icon_select-no avia-color-theme-color avia-size-medium avia-position-left '   ><span class='avia_iconbox_title' >En savoir plus<\/span><\/a><\/div><\/p>\n<\/div><\/div>\n<\/div>\n<\/div><\/div><\/div><!-- close content main div --><\/div><\/div><div id='av-layout-grid-6' class='av-layout-grid-container entry-content-wrapper main_color av-flex-cells  container_wrap sidebar_right'   >\n<div class=\"flex_cell no_margin av_one_half   \" style='height:300px; min-height:300px;vertical-align:top; padding:80px; '><div class='flex_cell_inner' ><p><div style='padding-bottom:0px;' class='av-special-heading av-special-heading-h2  blockquote modern-quote  '><h2 class='av-special-heading-tag'  itemprop=\"headline\"  >Emballage<\/h2><div class='special-heading-border'><div class='special-heading-inner-border' ><\/div><\/div><\/div><br \/>\n<div  class='hr hr-short hr-left '><span class='hr-inner ' ><span class='hr-inner-style'><\/span><\/span><\/div><br \/>\n<section class=\"av_textblock_section\"  itemscope=\"itemscope\" itemtype=\"https:\/\/schema.org\/CreativeWork\" ><div class='avia_textblock '   itemprop=\"text\" ><p style=\"text-align: justify;\"><em>L\u2019emballage est d\u00e9fini avec le Client pour garantir le bon \u00e9tat du produit et l&rsquo;optimisation de la logistique jusqu&rsquo;au moment o\u00f9 il sera utilis\u00e9, dans une s\u00e9curit\u00e9 totale.<\/em>\u00a0 <em><br \/>\nNous pouvons fournir des feuillards avec un diam\u00e8tre interne de 300, 400 ou 500 mm. Le diam\u00e8tre externe maximum est de 1350 mm.<\/em><\/p>\n<\/div><\/section><br \/>\n<div style='height:30px' class='hr hr-invisible '><span class='hr-inner ' ><span class='hr-inner-style'><\/span><\/span><\/div><br \/>\n<div class='avia-button-wrap avia-button-left '><a href='\/fr\/emballage-rubans-acier\/' class='avia-button  avia-icon_select-no avia-color-theme-color avia-size-medium avia-position-left '   ><span class='avia_iconbox_title' >En savoir plus<\/span><\/a><\/div><\/p>\n<\/div><\/div><div class=\"flex_cell no_margin av_one_half   avia-full-stretch \" style='height:300px; min-height:300px;background-image:url(https:\/\/www.pessinaacciai.com\/wp-content\/uploads\/2013\/04\/Pessina-pakaging-1.jpg); background-position:center center; background-repeat:no-repeat; background-attachment:scroll; vertical-align:top; padding:80px; '><div class='flex_cell_inner' ><\/div><\/div>\n<\/div>\n<div class=\"flex_column av_one_full  flex_column_div av-zero-column-padding first  \" style='border-radius:0px; '><div style='background:#ffffff;color:#084891;border-color:#084891;' class='av_promobox avia-button-yes '>\t\t<div class='avia-promocontent'><\/p>\n<p style=\"text-align: left; font-size: 22px;\">Demandez plus d&rsquo;information. Nous sommes \u00e0 votre disposition!<\/p>\n<p>\n<\/div><div class='avia-button-wrap avia-button-right '><a href='\/fr\/contacts\/' class='avia-button  avia-icon_select-no avia-color-theme-color avia-size-large avia-position-right '   ><span class='avia_iconbox_title' >Contactez-nous<\/span><\/a><\/div>\t<\/div><\/div>\n","protected":false},"excerpt":{"rendered":"","protected":false},"author":1,"featured_media":0,"parent":0,"menu_order":0,"comment_status":"closed","ping_status":"closed","template":"","meta":{"footnotes":""},"_links":{"self":[{"href":"https:\/\/www.pessinaacciai.com\/fr\/wp-json\/wp\/v2\/pages\/5588"}],"collection":[{"href":"https:\/\/www.pessinaacciai.com\/fr\/wp-json\/wp\/v2\/pages"}],"about":[{"href":"https:\/\/www.pessinaacciai.com\/fr\/wp-json\/wp\/v2\/types\/page"}],"author":[{"embeddable":true,"href":"https:\/\/www.pessinaacciai.com\/fr\/wp-json\/wp\/v2\/users\/1"}],"replies":[{"embeddable":true,"href":"https:\/\/www.pessinaacciai.com\/fr\/wp-json\/wp\/v2\/comments?post=5588"}],"version-history":[{"count":31,"href":"https:\/\/www.pessinaacciai.com\/fr\/wp-json\/wp\/v2\/pages\/5588\/revisions"}],"predecessor-version":[{"id":6970,"href":"https:\/\/www.pessinaacciai.com\/fr\/wp-json\/wp\/v2\/pages\/5588\/revisions\/6970"}],"wp:attachment":[{"href":"https:\/\/www.pessinaacciai.com\/fr\/wp-json\/wp\/v2\/media?parent=5588"}],"curies":[{"name":"wp","href":"https:\/\/api.w.org\/{rel}","templated":true}]}}