{"id":5610,"date":"2013-04-07T16:28:54","date_gmt":"2013-04-07T16:28:54","guid":{"rendered":"http:\/\/www.pessinaacciai.com\/laminazione-a-freddo\/"},"modified":"2019-05-29T14:47:50","modified_gmt":"2019-05-29T13:47:50","slug":"feuillards-lamines-a-froid","status":"publish","type":"page","link":"https:\/\/www.pessinaacciai.com\/fr\/feuillards-lamines-a-froid\/","title":{"rendered":"Laminage"},"content":{"rendered":"<\/div><\/div><\/div><!-- close content main div --><\/div><\/div><div id='av_section_1' class='avia-section main_color avia-section-default avia-no-shadow avia-bg-style-scroll  container_wrap sidebar_right' style = 'background-repeat: no-repeat; background-image: url(https:\/\/www.pessinaacciai.com\/wp-content\/uploads\/2013\/04\/DSC_3566-1.jpg); background-attachment: scroll; background-position: top left; ' data-section-bg-repeat='no-repeat' ><div class='container' ><div class='template-page content  av-content-small alpha units'><div class='post-entry post-entry-type-page post-entry-5610'><div class='entry-content-wrapper clearfix'>\n<div style='padding-bottom:10px;color:#ffffff;' class='av-special-heading av-special-heading-h1 custom-color-heading blockquote modern-quote '><h1 class='av-special-heading-tag'  itemprop=\"headline\"  >Laminage \u00e0 froid<\/h1><div class='special-heading-border'><div class='special-heading-inner-border' style='border-color:#ffffff'><\/div><\/div><\/div>\n<\/div><\/div><\/div><!-- close content main div --><\/div><\/div><div id='after_section_1' class='main_color av_default_container_wrap container_wrap sidebar_right'   ><div class='container' ><div class='template-page content  av-content-small alpha units'><div class='post-entry post-entry-type-page post-entry-5610'><div class='entry-content-wrapper clearfix'>\n<div class=\"flex_column av_one_full  av-animated-generic left-to-right  flex_column_div av-zero-column-padding first  \" style='border-radius:0px; '><section class=\"av_textblock_section\"  itemscope=\"itemscope\" itemtype=\"https:\/\/schema.org\/CreativeWork\" ><div class='avia_textblock '   itemprop=\"text\" ><div class=\"intestazione\">\n<h1>Feuillards lamin\u00e9s \u00e0 froid<\/h1>\n<h2>Feuillards aciers recuit<\/h2>\n<h3>Feuillards lamin\u00e9s a froid de precision et feuillards aciers recuit: la Soci\u00e9t\u00e9 Metallurgica Pessina transforme le produit lamin\u00e9 \u00e0 chaud provenant des aci\u00e9ries en feuillards lamin\u00e9s \u00e0 froid de pr\u00e9cision.<\/h3>\n<\/div>\n<h2><span style=\"font-size: 12pt;\">FEUILLARDS LAMIN\u00c9S A FROID DE PR\u00c9CISION <\/span><\/h2>\n<p style=\"text-align: justify;\">La Soci\u00e9t\u00e9 Metallurgica Pessina transforme le produit lamin\u00e9 \u00e0 chaud provenant des aci\u00e9ries en feuillards lamin\u00e9s \u00e0 froid de pr\u00e9cision.<br \/>\nL&rsquo;ensemble du cycle de production se produit dans nos ateliers. C&rsquo;est ce qui permet de garantir la capacit\u00e9 maximale pour satisfaire les demandes du Client et d&rsquo;avoir un meilleur contr\u00f4le sur le produit.<\/p>\n<p>Notre production d\u00e9bute par le laminage \u00e0 froid: notre exp\u00e9rience alli\u00e9e aux technologies les plus modernes, garantissent un soin maximal et une grande flexibilit\u00e9 lors de la pr\u00e9paration des mat\u00e9riaux pour les \u00e9tapes suivantes de fabrication avec un contr\u00f4le optimal d\u00e9s le d\u00e9but de la production. La mati\u00e8re premi\u00e8re provient exclusivement des meilleurs\u00a0 producteurs europ\u00e9ens pour la meilleure garantie de qualit\u00e9, dans le respect total des r\u00e8glements, y compris les r\u00e8glements environnementaux. Nous recevons les t\u00f4les directement des aci\u00e9ries dans une largeur maximum de 1800 mm et un poids maximum de 32 tonnes. Nous sommes en mesure d&rsquo;offrir des feuillards d&rsquo;une \u00e9paisseur allant de 0.20 \u00e0 6.0 mm avec des tol\u00e9rances conformes \u00e0 la norme\u00a0 EN10140 voir mieux.<\/p>\n<\/div><\/section><br \/>\n<div style='height:30px' class='hr hr-invisible '><span class='hr-inner ' ><span class='hr-inner-style'><\/span><\/span><\/div><br \/>\n<div class='avia-gallery avia-gallery-1 avia_lazyload avia_animate_when_visible '  itemscope=\"itemscope\" itemtype=\"https:\/\/schema.org\/ImageObject\" ><a class='avia-gallery-big fakeLightbox lightbox avia-gallery-big-crop-thumb ' href='https:\/\/www.pessinaacciai.com\/wp-content\/uploads\/2013\/04\/cold-rolling_laminazione-a-freddo-1030x773.jpg'  data-onclick='1' title='' ><span class='avia-gallery-big-inner'  itemprop=\"thumbnailUrl\" >\t<img width='1920' height='1440' src='https:\/\/www.pessinaacciai.com\/wp-content\/uploads\/2013\/04\/cold-rolling_laminazione-a-freddo.jpg' title='cold-rolling_laminazione-a-freddo' alt='' \/><\/span><\/a><div class='avia-gallery-thumb'> <a href='https:\/\/www.pessinaacciai.com\/wp-content\/uploads\/2013\/04\/cold-rolling_laminazione-a-freddo-1030x773.jpg' data-rel='gallery-1' data-prev-img='https:\/\/www.pessinaacciai.com\/wp-content\/uploads\/2013\/04\/cold-rolling_laminazione-a-freddo.jpg' class='first_thumb lightbox ' data-onclick='1' title=''  itemprop=\"thumbnailUrl\" ><img  src='https:\/\/www.pessinaacciai.com\/wp-content\/uploads\/2013\/04\/cold-rolling_laminazione-a-freddo-495x400.jpg' width='495' height='400'  title='cold-rolling_laminazione-a-freddo' alt='' \/><\/a> <a href='https:\/\/www.pessinaacciai.com\/wp-content\/uploads\/2013\/04\/IMG_1407-1030x773.jpg' data-rel='gallery-1' data-prev-img='https:\/\/www.pessinaacciai.com\/wp-content\/uploads\/2013\/04\/IMG_1407.jpg' class='lightbox ' data-onclick='2' title=''  itemprop=\"thumbnailUrl\" ><img  src='https:\/\/www.pessinaacciai.com\/wp-content\/uploads\/2013\/04\/IMG_1407-495x400.jpg' width='495' height='400'  title='IMG_1407' alt='' \/><\/a><\/div><\/div><\/p><\/div>\n","protected":false},"excerpt":{"rendered":"","protected":false},"author":1,"featured_media":0,"parent":0,"menu_order":0,"comment_status":"closed","ping_status":"closed","template":"","meta":{"footnotes":""},"_links":{"self":[{"href":"https:\/\/www.pessinaacciai.com\/fr\/wp-json\/wp\/v2\/pages\/5610"}],"collection":[{"href":"https:\/\/www.pessinaacciai.com\/fr\/wp-json\/wp\/v2\/pages"}],"about":[{"href":"https:\/\/www.pessinaacciai.com\/fr\/wp-json\/wp\/v2\/types\/page"}],"author":[{"embeddable":true,"href":"https:\/\/www.pessinaacciai.com\/fr\/wp-json\/wp\/v2\/users\/1"}],"replies":[{"embeddable":true,"href":"https:\/\/www.pessinaacciai.com\/fr\/wp-json\/wp\/v2\/comments?post=5610"}],"version-history":[{"count":9,"href":"https:\/\/www.pessinaacciai.com\/fr\/wp-json\/wp\/v2\/pages\/5610\/revisions"}],"predecessor-version":[{"id":6971,"href":"https:\/\/www.pessinaacciai.com\/fr\/wp-json\/wp\/v2\/pages\/5610\/revisions\/6971"}],"wp:attachment":[{"href":"https:\/\/www.pessinaacciai.com\/fr\/wp-json\/wp\/v2\/media?parent=5610"}],"curies":[{"name":"wp","href":"https:\/\/api.w.org\/{rel}","templated":true}]}}