{"id":5649,"date":"2013-04-07T16:28:54","date_gmt":"2013-04-07T16:28:54","guid":{"rendered":"http:\/\/www.pessinaacciai.com\/tempra-nastri-in-acciaio\/"},"modified":"2019-05-28T16:23:07","modified_gmt":"2019-05-28T15:23:07","slug":"trempe-feuillards-acier","status":"publish","type":"page","link":"https:\/\/www.pessinaacciai.com\/fr\/trempe-feuillards-acier\/","title":{"rendered":"Trempe"},"content":{"rendered":"<\/div><\/div><\/div><!-- close content main div --><\/div><\/div><div id='av_section_1' class='avia-section main_color avia-section-default avia-no-shadow avia-bg-style-scroll  container_wrap sidebar_right' style = 'background-repeat: no-repeat; background-image: url(https:\/\/www.pessinaacciai.com\/wp-content\/uploads\/2013\/04\/DSC_3566-1.jpg); background-attachment: scroll; background-position: top left; ' data-section-bg-repeat='no-repeat' ><div class='container' ><div class='template-page content  av-content-small alpha units'><div class='post-entry post-entry-type-page post-entry-5649'><div class='entry-content-wrapper clearfix'>\n<div style='padding-bottom:10px;color:#ffffff;' class='av-special-heading av-special-heading-h1 custom-color-heading blockquote modern-quote '><h1 class='av-special-heading-tag'  itemprop=\"headline\"  >Trempe pour feuillards en Acier<\/h1><div class='special-heading-border'><div class='special-heading-inner-border' style='border-color:#ffffff'><\/div><\/div><\/div>\n<\/div><\/div><\/div><!-- close content main div --><\/div><\/div><div id='after_section_1' class='main_color av_default_container_wrap container_wrap sidebar_right'   ><div class='container' ><div class='template-page content  av-content-small alpha units'><div class='post-entry post-entry-type-page post-entry-5649'><div class='entry-content-wrapper clearfix'><div class=\"flex_column av_one_full  av-animated-generic left-to-right  flex_column_div av-zero-column-padding first  \" style='border-radius:0px; '><section class=\"av_textblock_section\"  itemscope=\"itemscope\" itemtype=\"https:\/\/schema.org\/CreativeWork\" ><div class='avia_textblock '   itemprop=\"text\" ><h2><span style=\"font-size: 12pt;\">NOTRE ACTIVIT\u00c9 PRINCIPALE <\/span><\/h2>\n<p>Aujourd&rsquo;hui, comme en 1934, la trempe des feuillards en acier repr\u00e9sente la principale activit\u00e9 de la soci\u00e9t\u00e9 Metallurgica Luigi Pessina Acciai. La recherche constante pour satisfaire la Client\u00e8le repr\u00e9sente notre priorit\u00e9 et le fait d&rsquo;avoir affront\u00e9 les probl\u00e8mes sp\u00e9cifiques dans de nombreux domaines d&rsquo;application, nous permet de pouvoir offrir un professionnalisme de tr\u00e8s haut niveau pour aider nos clients \u00e0 atteindre les objectifs les plus difficiles.<\/p>\n<p>La fabrication est effectu\u00e9e dans nos ateliers et elle repr\u00e9sente l&rsquo;expression d&rsquo;une technologie d&rsquo;avant-garde avec un regard orient\u00e9 vers l&rsquo;avenir.<\/p>\n<p>Nous pouvons offrir des feuillards tremp\u00e9s avec une \u00e9paisseur \u00a0de 0,20 \u00e0 4,00 mm et avec une largeur jusqu&rsquo;\u00e0 400 mm dans diff\u00e9rentes finitions de surface :\u00a0 gris bleu\u00a0 et poli blanc, bleu et jaune.<\/p>\n<p>Tous les proc\u00e9d\u00e9s sont g\u00e9r\u00e9s par des syst\u00e8mes de supervision modernes pour assurer la constance des param\u00e8tres et la reproduction des fournitures.<\/p>\n<p>Un syst\u00e8me informatique garantit une totale tra\u00e7abilit\u00e9 des produits et une mise en archives correcte des donn\u00e9es relev\u00e9es.<\/p>\n<p>La trempe \u00e0 haute fr\u00e9quence pour le traitement sp\u00e9cifique des bords est par ailleurs possible: particuli\u00e8rement appr\u00e9ci\u00e9e car une bonne dur\u00e9e du bord de feuillards se combine avec un bon pliage du feuillards tout en limitant les co\u00fbts.<\/p>\n<\/div><\/section><br \/>\n<div style='height:30px' class='hr hr-invisible '><span class='hr-inner ' ><span class='hr-inner-style'><\/span><\/span><\/div><br \/>\n<div class='avia-gallery avia-gallery-1 avia_lazyload avia_animate_when_visible '  itemscope=\"itemscope\" itemtype=\"https:\/\/schema.org\/ImageObject\" ><a class='avia-gallery-big fakeLightbox lightbox avia-gallery-big-crop-thumb ' href='https:\/\/www.pessinaacciai.com\/wp-content\/uploads\/2013\/04\/tempra-1030x773.jpg'  data-onclick='1' title='' ><span class='avia-gallery-big-inner'  itemprop=\"thumbnailUrl\" >\t<img width='495' height='400' src='https:\/\/www.pessinaacciai.com\/wp-content\/uploads\/2013\/04\/tempra-495x400.jpg' title='tempra' alt='' \/><\/span><\/a><div class='avia-gallery-thumb'> <a href='https:\/\/www.pessinaacciai.com\/wp-content\/uploads\/2013\/04\/tempra-1030x773.jpg' data-rel='gallery-1' data-prev-img='https:\/\/www.pessinaacciai.com\/wp-content\/uploads\/2013\/04\/tempra-495x400.jpg' class='first_thumb lightbox ' data-onclick='1' title=''  itemprop=\"thumbnailUrl\" ><img  src='https:\/\/www.pessinaacciai.com\/wp-content\/uploads\/2013\/04\/tempra-495x400.jpg' width='495' height='400'  title='tempra' alt='' \/><\/a> <a href='https:\/\/www.pessinaacciai.com\/wp-content\/uploads\/2013\/04\/tempra1-1030x773.jpg' data-rel='gallery-1' data-prev-img='https:\/\/www.pessinaacciai.com\/wp-content\/uploads\/2013\/04\/tempra1-495x400.jpg' class='lightbox ' data-onclick='2' title=''  itemprop=\"thumbnailUrl\" ><img  src='https:\/\/www.pessinaacciai.com\/wp-content\/uploads\/2013\/04\/tempra1-495x400.jpg' width='495' height='400'  title='tempra1' alt='' \/><\/a><\/div><\/div><\/p><\/div><\/p>\n","protected":false},"excerpt":{"rendered":"","protected":false},"author":1,"featured_media":0,"parent":0,"menu_order":0,"comment_status":"closed","ping_status":"closed","template":"","meta":{"footnotes":""},"_links":{"self":[{"href":"https:\/\/www.pessinaacciai.com\/fr\/wp-json\/wp\/v2\/pages\/5649"}],"collection":[{"href":"https:\/\/www.pessinaacciai.com\/fr\/wp-json\/wp\/v2\/pages"}],"about":[{"href":"https:\/\/www.pessinaacciai.com\/fr\/wp-json\/wp\/v2\/types\/page"}],"author":[{"embeddable":true,"href":"https:\/\/www.pessinaacciai.com\/fr\/wp-json\/wp\/v2\/users\/1"}],"replies":[{"embeddable":true,"href":"https:\/\/www.pessinaacciai.com\/fr\/wp-json\/wp\/v2\/comments?post=5649"}],"version-history":[{"count":7,"href":"https:\/\/www.pessinaacciai.com\/fr\/wp-json\/wp\/v2\/pages\/5649\/revisions"}],"predecessor-version":[{"id":6943,"href":"https:\/\/www.pessinaacciai.com\/fr\/wp-json\/wp\/v2\/pages\/5649\/revisions\/6943"}],"wp:attachment":[{"href":"https:\/\/www.pessinaacciai.com\/fr\/wp-json\/wp\/v2\/media?parent=5649"}],"curies":[{"name":"wp","href":"https:\/\/api.w.org\/{rel}","templated":true}]}}