{"id":5696,"date":"2017-07-20T14:31:38","date_gmt":"2017-07-20T13:31:38","guid":{"rendered":"http:\/\/www.pessinaacciai.com\/controllo-test-laboratorio-nastri-acciaio\/"},"modified":"2019-05-29T15:32:58","modified_gmt":"2019-05-29T14:32:58","slug":"controle-production-feuillards-trempes","status":"publish","type":"page","link":"https:\/\/www.pessinaacciai.com\/fr\/controle-production-feuillards-trempes\/","title":{"rendered":"Contr\u00f4le"},"content":{"rendered":"<\/div><\/div><\/div><!-- close content main div --><\/div><\/div><div id='av_section_1' class='avia-section main_color avia-section-default avia-no-shadow avia-bg-style-scroll  container_wrap sidebar_right' style = 'background-repeat: no-repeat; background-image: url(https:\/\/www.pessinaacciai.com\/wp-content\/uploads\/2013\/04\/DSC_3566-1.jpg); background-attachment: scroll; background-position: top left; ' data-section-bg-repeat='no-repeat' ><div class='container' ><div class='template-page content  av-content-small alpha units'><div class='post-entry post-entry-type-page post-entry-5696'><div class='entry-content-wrapper clearfix'>\n<div style='padding-bottom:10px;color:#ffffff;' class='av-special-heading av-special-heading-h2 custom-color-heading blockquote modern-quote '><h2 class='av-special-heading-tag'  itemprop=\"headline\"  >Contr\u00f4le par tests de laboratoire<\/h2><div class='special-heading-border'><div class='special-heading-inner-border' style='border-color:#ffffff'><\/div><\/div><\/div>\n<\/div><\/div><\/div><!-- close content main div --><\/div><\/div><div id='after_section_1' class='main_color av_default_container_wrap container_wrap sidebar_right'   ><div class='container' ><div class='template-page content  av-content-small alpha units'><div class='post-entry post-entry-type-page post-entry-5696'><div class='entry-content-wrapper clearfix'><div class=\"flex_column av_one_half  av-animated-generic left-to-right  flex_column_div av-zero-column-padding first  \" style='border-radius:0px; '><section class=\"av_textblock_section\"  itemscope=\"itemscope\" itemtype=\"https:\/\/schema.org\/CreativeWork\" ><div class='avia_textblock '   itemprop=\"text\" ><div class=\"intestazione\">\n<h1>Contr\u00f4le Production Feuillards Tremp\u00e9s<\/h1>\n<h2>Le meilleur contr\u00f4le dans la production des feuillards tremp\u00e9s<\/h2>\n<h3>Le contr\u00f4le dans la production des feuillards tremp\u00e9s pr\u00e9voie des tests m\u00e9caniques et des analyses structurelles pour assurer une meilleure qualit\u00e9 des produits.<\/h3>\n<\/div>\n<h2><span style=\"font-size: 12pt;\">TESTS M\u00c9CANIQUES ET ANALYSES STRUCTURELLES POUR ASSURER UNE MEILLEURE QUALIT\u00c9 DES PRODUITS<\/span><\/h2>\n<p style=\"text-align: justify;\">Tous les proc\u00e9d\u00e9s sont g\u00e9r\u00e9s par des syst\u00e8mes de supervision modernes pour assurer la constance des param\u00e8tres et la reproduction des fournitures. Un syst\u00e8me informatique garantit une totale tra\u00e7abilit\u00e9 des produits et une mise en archives correcte des \u00e9l\u00e9ments relev\u00e9es.<\/p>\n<p style=\"text-align: justify;\">Contr\u00f4les d&rsquo;\u00e9paisseur, de duret\u00e9, de traction et de plan\u00e9it\u00e9 :\u00a0 seulement comme \u00e7a\u00a0 nous pouvons garantir un produit \u00e0 la hauteur du travail de nos clients.<\/p>\n<p style=\"text-align: justify;\">Notre plan de contr\u00f4le peut \u00eatre int\u00e9gr\u00e9 avec d&rsquo;\u00e9ventuelles sp\u00e9cifications demand\u00e9es par le client.<br \/>\nNous avons un plan de formation complet mis \u00e0 jour r\u00e9guli\u00e8rement afin d&rsquo;avoir \u00e0 disposition un personnel form\u00e9 et attentif aux nombreux besoins de notre client\u00e8le.<br \/>\nNotre laboratoire interne poss\u00e8de tous les instruments n\u00e9cessaires pour effectuer des tests m\u00e9caniques et des analyses structurelles. Chaque jour, des \u00e9chantillons de contr\u00f4le sont pr\u00e9lev\u00e9s de la production pour assurer une excellente qualit\u00e9 des proc\u00e9d\u00e9s et du produit.<\/p>\n<\/div><\/section><\/div><div class=\"flex_column av_one_half  flex_column_div av-zero-column-padding   \" style='border-radius:0px; '><div class='avia-image-container  av-styling- av-hover-grow  avia-align-right '  itemscope=\"itemscope\" itemtype=\"https:\/\/schema.org\/ImageObject\"  ><div class='avia-image-container-inner'><a href='https:\/\/www.pessinaacciai.com\/wp-content\/uploads\/2013\/04\/controllo-1.jpg' class='avia_image'  ><img class='avia_image ' src='https:\/\/www.pessinaacciai.com\/wp-content\/uploads\/2013\/04\/controllo-1.jpg' alt='' title='controllo'  itemprop=\"thumbnailUrl\"  \/><\/a><\/div><\/div><\/div><\/p>\n<div class=\"flex_column av_one_full  flex_column_div av-zero-column-padding first  \" style='border-radius:0px; '><div style='background:#ffffff;color:#084891;border-color:#084891;' class='av_promobox avia-button-yes '>\t\t<div class='avia-promocontent'><\/p>\n<p style=\"text-align: left; font-size: 22px;\">Demandez plus d&rsquo;information. Nous sommes \u00e0 votre disposition!<\/p>\n<p>\n<\/div><div class='avia-button-wrap avia-button-right '><a href='\/fr\/contacts\/' class='avia-button  avia-icon_select-no avia-color-theme-color avia-size-large avia-position-right '   ><span class='avia_iconbox_title' >Contactez-nous<\/span><\/a><\/div>\t<\/div><\/div>\n","protected":false},"excerpt":{"rendered":"","protected":false},"author":1,"featured_media":0,"parent":0,"menu_order":0,"comment_status":"closed","ping_status":"closed","template":"","meta":{"footnotes":""},"_links":{"self":[{"href":"https:\/\/www.pessinaacciai.com\/fr\/wp-json\/wp\/v2\/pages\/5696"}],"collection":[{"href":"https:\/\/www.pessinaacciai.com\/fr\/wp-json\/wp\/v2\/pages"}],"about":[{"href":"https:\/\/www.pessinaacciai.com\/fr\/wp-json\/wp\/v2\/types\/page"}],"author":[{"embeddable":true,"href":"https:\/\/www.pessinaacciai.com\/fr\/wp-json\/wp\/v2\/users\/1"}],"replies":[{"embeddable":true,"href":"https:\/\/www.pessinaacciai.com\/fr\/wp-json\/wp\/v2\/comments?post=5696"}],"version-history":[{"count":8,"href":"https:\/\/www.pessinaacciai.com\/fr\/wp-json\/wp\/v2\/pages\/5696\/revisions"}],"predecessor-version":[{"id":6989,"href":"https:\/\/www.pessinaacciai.com\/fr\/wp-json\/wp\/v2\/pages\/5696\/revisions\/6989"}],"wp:attachment":[{"href":"https:\/\/www.pessinaacciai.com\/fr\/wp-json\/wp\/v2\/media?parent=5696"}],"curies":[{"name":"wp","href":"https:\/\/api.w.org\/{rel}","templated":true}]}}