{"id":5703,"date":"2017-07-20T14:32:28","date_gmt":"2017-07-20T13:32:28","guid":{"rendered":"http:\/\/www.pessinaacciai.com\/certificazioni-laminazione-trattamento-prodotti-acciaio\/"},"modified":"2026-02-11T17:47:25","modified_gmt":"2026-02-11T16:47:25","slug":"certifications-feuillards-trempes","status":"publish","type":"page","link":"https:\/\/www.pessinaacciai.com\/fr\/certifications-feuillards-trempes\/","title":{"rendered":"Certifications"},"content":{"rendered":"<\/div><\/div><\/div><!-- close content main div --><\/div><\/div><div id='av_section_1' class='avia-section main_color avia-section-default avia-no-shadow avia-bg-style-scroll  container_wrap sidebar_right' style = 'background-repeat: no-repeat; background-image: url(https:\/\/www.pessinaacciai.com\/wp-content\/uploads\/2013\/04\/DSC_3566-1.jpg); background-attachment: scroll; background-position: top left; ' data-section-bg-repeat='no-repeat' ><div class='container' ><div class='template-page content  av-content-small alpha units'><div class='post-entry post-entry-type-page post-entry-5703'><div class='entry-content-wrapper clearfix'>\n<div style='padding-bottom:10px;color:#ffffff;' class='av-special-heading av-special-heading-h2 custom-color-heading blockquote modern-quote '><h2 class='av-special-heading-tag'  itemprop=\"headline\"  > Certifications pour le laminage et le traitement de produits en acier <\/h2><div class='special-heading-border'><div class='special-heading-inner-border' style='border-color:#ffffff'><\/div><\/div><\/div>\n<\/div><\/div><\/div><!-- close content main div --><\/div><\/div><div id='after_section_1' class='main_color av_default_container_wrap container_wrap sidebar_right'   ><div class='container' ><div class='template-page content  av-content-small alpha units'><div class='post-entry post-entry-type-page post-entry-5703'><div class='entry-content-wrapper clearfix'>\n<div class=\"flex_column av_one_full  av-animated-generic left-to-right  flex_column_div av-zero-column-padding first  \" style='border-radius:0px; '><section class=\"av_textblock_section\"  itemscope=\"itemscope\" itemtype=\"https:\/\/schema.org\/CreativeWork\" ><div class='avia_textblock '   itemprop=\"text\" ><div class=\"intestazione\">\n<h1>Certifications Feuillards Tremp\u00e9s<\/h1>\n<h2>&#8230;&#8230;..<\/h2>\n<h3>&#8230;&#8230;&#8230;.<\/h3>\n<\/div>\n<h2><span style=\"font-size: 12pt;\">ENTREPRISE CERTIFI\u00c9E TUV DEPUIS 2006<\/span><\/h2>\n<p style=\"text-align: justify;\">Depuis 1997, la soci\u00e9t\u00e9 Metallurgica Luigi Pessina poss\u00e8de un syst\u00e8me de qualit\u00e9 certifi\u00e9 et depuis 2006 l&rsquo;entreprise est certifi\u00e9e TUV.<\/p>\n<p style=\"text-align: justify;\">Chaque \u00e9tape du proc\u00e9d\u00e9 de production est g\u00e9r\u00e9 par de proc\u00e9dures sp\u00e9cifiques: de l&rsquo;\u00e9mission de la commande \u00e0 la r\u00e9ception de la mati\u00e8re premi\u00e8re ; de la confirmation de commande au certificat ; de la production \u00e0 l&rsquo;exp\u00e9dition. Chaque \u00e9tape poss\u00e8de un contr\u00f4le sp\u00e9cifique ; chaque chose est \u00e0 sa place.<\/p>\n<p style=\"text-align: justify;\">Tous les mat\u00e9riaux que nous fabriquons quittent notre entreprise avec un certificat \u00e9mis conform\u00e9ment \u00e0 la norme EN10204:2005 type 3.1 indiquant l&rsquo;analyse chimique et les principales valeurs m\u00e9caniques. D&rsquo;autres certifications parfois plus compl\u00e8tes peuvent \u00eatre fournies sur demande.<\/p>\n<\/div><\/section><\/div>\n<div class=\"flex_column av_one_half  flex_column_div av-zero-column-padding first  \" style='border-radius:0px; '><div class='avia-image-container  av-styling-   avia-align-center '  itemscope=\"itemscope\" itemtype=\"https:\/\/schema.org\/ImageObject\"  ><div class='avia-image-container-inner'><a href='\/wp-content\/uploads\/Certificato-ISO-9001-50-100-14902-Rev.003-scad.-2028_compressed-1.jpg' class='avia_image'   target=\"_blank\" ><img class='avia_image ' src='https:\/\/www.pessinaacciai.com\/wp-content\/uploads\/Certificato-ISO-9001-50-100-14902-Rev.003-scad.-2028_compressed-1.jpg' alt='' title='Certificato-ISO-9001-50-100-14902-Rev.003-scad.-2028_compressed-1'  itemprop=\"thumbnailUrl\"  \/><\/a><\/div><\/div><\/div><div class=\"flex_column av_one_half  flex_column_div av-zero-column-padding   \" style='border-radius:0px; '><div class='avia-image-container  av-styling-   avia-align-center '  itemscope=\"itemscope\" itemtype=\"https:\/\/schema.org\/ImageObject\"  ><div class='avia-image-container-inner'><a href='\/wp-content\/uploads\/M-5.3-01-Politica-per-la-Qualita.jpg' class='avia_image'   target=\"_blank\" ><img class='avia_image ' src='https:\/\/www.pessinaacciai.com\/wp-content\/uploads\/M-5.3-01-Politica-per-la-Qualita.jpg' alt='' title='M-5.3-01-Politica-per-la-Qualita\u0300'  itemprop=\"thumbnailUrl\"  \/><\/a><\/div><\/div><\/div><div class=\"flex_column av_one_full  flex_column_div av-zero-column-padding first  \" style='border-radius:0px; '><div style='background:#ffffff;color:#084891;border-color:#084891;' class='av_promobox avia-button-yes '>\t\t<div class='avia-promocontent'><\/p>\n<p style=\"text-align: left; font-size: 22px;\">Demandez plus d&rsquo;information. Nous sommes \u00e0 votre disposition!<\/p>\n<p>\n<\/div><div class='avia-button-wrap avia-button-right '><a href='\/fr\/contacts\/' class='avia-button  avia-icon_select-no avia-color-theme-color avia-size-large avia-position-right '   ><span class='avia_iconbox_title' >Contactez-nous<\/span><\/a><\/div>\t<\/div><\/div><\/p>\n","protected":false},"excerpt":{"rendered":"","protected":false},"author":1,"featured_media":0,"parent":0,"menu_order":0,"comment_status":"closed","ping_status":"closed","template":"","meta":{"footnotes":""},"_links":{"self":[{"href":"https:\/\/www.pessinaacciai.com\/fr\/wp-json\/wp\/v2\/pages\/5703"}],"collection":[{"href":"https:\/\/www.pessinaacciai.com\/fr\/wp-json\/wp\/v2\/pages"}],"about":[{"href":"https:\/\/www.pessinaacciai.com\/fr\/wp-json\/wp\/v2\/types\/page"}],"author":[{"embeddable":true,"href":"https:\/\/www.pessinaacciai.com\/fr\/wp-json\/wp\/v2\/users\/1"}],"replies":[{"embeddable":true,"href":"https:\/\/www.pessinaacciai.com\/fr\/wp-json\/wp\/v2\/comments?post=5703"}],"version-history":[{"count":13,"href":"https:\/\/www.pessinaacciai.com\/fr\/wp-json\/wp\/v2\/pages\/5703\/revisions"}],"predecessor-version":[{"id":7815,"href":"https:\/\/www.pessinaacciai.com\/fr\/wp-json\/wp\/v2\/pages\/5703\/revisions\/7815"}],"wp:attachment":[{"href":"https:\/\/www.pessinaacciai.com\/fr\/wp-json\/wp\/v2\/media?parent=5703"}],"curies":[{"name":"wp","href":"https:\/\/api.w.org\/{rel}","templated":true}]}}