{"id":5724,"date":"2013-04-05T13:33:38","date_gmt":"2013-04-05T13:33:38","guid":{"rendered":"http:\/\/www.pessinaacciai.com\/contatti\/"},"modified":"2019-05-10T11:14:09","modified_gmt":"2019-05-10T10:14:09","slug":"contacts","status":"publish","type":"page","link":"https:\/\/www.pessinaacciai.com\/fr\/contacts\/","title":{"rendered":"Contacts"},"content":{"rendered":"<section class=\"av_textblock_section\"  itemscope=\"itemscope\" itemtype=\"https:\/\/schema.org\/CreativeWork\" ><div class='avia_textblock '   itemprop=\"text\" ><p><iframe loading=\"lazy\" style=\"border: 0;\" src=\"https:\/\/www.google.com\/maps\/embed?pb=!1m18!1m12!1m3!1d2791.824573587776!2d9.031168715938268!3d45.59407117910274!2m3!1f0!2f0!3f0!3m2!1i1024!2i768!4f13.1!3m3!1m2!1s0x47869388ab61a6a1%3A0x384572a646c487d7!2sVia+Lambro%2C+76%2C+21042+Caronno+Pertusella+VA!5e0!3m2!1sit!2sit!4v1489507422944\" width=\"100%\" height=\"350\" frameborder=\"0\" allowfullscreen=\"allowfullscreen\"><\/iframe><\/p>\n<\/div><\/section>\n<div class=\"flex_column av_one_half  av-animated-generic left-to-right  flex_column_div av-zero-column-padding first  \" style='border-radius:0px; '><p><div style='padding-bottom:10px;' class='av-special-heading av-special-heading-h3 meta-heading   '><h3 class='av-special-heading-tag'  itemprop=\"headline\"  >Spa Metallurgica Luigi Pessina Acciai<\/h3><div class='special-heading-border'><div class='special-heading-inner-border' ><\/div><\/div><\/div><br \/>\n<div class='avia-icon-list-container '><ul class='avia-icon-list avia-icon-list-left av-iconlist-small avia_animate_when_almost_visible'>\n<li><div  style='font-size:20px; ' class='iconlist_icon  avia-font-entypo-fontello'><span class='iconlist-char' aria-hidden='true' data-av_icon='\ue842' data-av_iconfont='entypo-fontello'><\/span><\/div><article class=\"article-icon-entry \"  itemscope=\"itemscope\" itemtype=\"https:\/\/schema.org\/CreativeWork\" ><div class='iconlist_content_wrap'><header class=\"entry-content-header\"><div class='av_iconlist_title iconlist_title_small '  itemprop=\"headline\"   style='font-size:20px; '>Adresse<\/div><\/header><div class='iconlist_content '  itemprop=\"text\"  ><p>Via Lambro, 76 &#8211; 21042 Caronno Pertusella VA &#8211; Italy<\/p>\n<\/div><\/div><footer class=\"entry-footer\"><\/footer><\/article><div class='iconlist-timeline'><\/div><\/li>\n<li><div  style='font-size:20px; ' class='iconlist_icon  avia-font-entypo-fontello'><span class='iconlist-char' aria-hidden='true' data-av_icon='\ue854' data-av_iconfont='entypo-fontello'><\/span><\/div><article class=\"article-icon-entry \"  itemscope=\"itemscope\" itemtype=\"https:\/\/schema.org\/CreativeWork\" ><div class='iconlist_content_wrap'><header class=\"entry-content-header\"><div class='av_iconlist_title iconlist_title_small '  itemprop=\"headline\"   style='font-size:20px; '>T\u00e9l\u00e9phone<\/div><\/header><div class='iconlist_content '  itemprop=\"text\"  ><p><a href=\"tel: +39029630971\">+39 02 9630971<\/a><\/p>\n<\/div><\/div><footer class=\"entry-footer\"><\/footer><\/article><div class='iconlist-timeline'><\/div><\/li>\n<li><div  style='font-size:20px; ' class='iconlist_icon  avia-font-entypo-fontello'><span class='iconlist-char' aria-hidden='true' data-av_icon='\ue83a' data-av_iconfont='entypo-fontello'><\/span><\/div><article class=\"article-icon-entry \"  itemscope=\"itemscope\" itemtype=\"https:\/\/schema.org\/CreativeWork\" ><div class='iconlist_content_wrap'><header class=\"entry-content-header\"><div class='av_iconlist_title iconlist_title_small '  itemprop=\"headline\"   style='font-size:20px; '>Fax<\/div><\/header><div class='iconlist_content '  itemprop=\"text\"  ><p>+39 02 9657704<\/p>\n<\/div><\/div><footer class=\"entry-footer\"><\/footer><\/article><div class='iconlist-timeline'><\/div><\/li>\n<li><div  style='font-size:20px; ' class='iconlist_icon  avia-font-entypo-fontello'><span class='iconlist-char' aria-hidden='true' data-av_icon='\ue805' data-av_iconfont='entypo-fontello'><\/span><\/div><article class=\"article-icon-entry \"  itemscope=\"itemscope\" itemtype=\"https:\/\/schema.org\/CreativeWork\" ><div class='iconlist_content_wrap'><header class=\"entry-content-header\"><div class='av_iconlist_title iconlist_title_small '  itemprop=\"headline\"   style='font-size:20px; '>Email<\/div><\/header><div class='iconlist_content '  itemprop=\"text\"  ><p><a href=\"mailto:Info@pessinaacciai.com\">info@pessinaacciai.com<\/a><\/p>\n<\/div><\/div><footer class=\"entry-footer\"><\/footer><\/article><div class='iconlist-timeline'><\/div><\/li>\n<\/ul><\/div><br \/>\n<div  class='hr hr-default '><span class='hr-inner ' ><span class='hr-inner-style'><\/span><\/span><\/div><br \/>\n<div class='av-social-sharing-box  av-social-sharing-box-minimal'><div class='av-share-box'><h5 class='av-share-link-description'>Partager sur les r\u00e9seaux sociaux<\/h5><ul class='av-share-box-list noLightbox'><li class='av-share-link av-social-link-facebook' ><a target='_blank' href='http:\/\/www.facebook.com\/sharer.php?u=https:\/\/www.pessinaacciai.com\/fr\/contacts\/&amp;t=Contacts' aria-hidden='true' data-av_icon='\ue8f3' data-av_iconfont='entypo-fontello' title='' data-avia-related-tooltip='Partager sur Facebook'><span class='avia_hidden_link_text'>Partager sur Facebook<\/span><\/a><\/li><li class='av-share-link av-social-link-twitter' ><a target='_blank' href='https:\/\/twitter.com\/share?text=Contacts&url=https:\/\/www.pessinaacciai.com\/fr\/?p=5724' aria-hidden='true' data-av_icon='\ue8f1' data-av_iconfont='entypo-fontello' title='' data-avia-related-tooltip='Partager sur Twitter'><span class='avia_hidden_link_text'>Partager sur Twitter<\/span><\/a><\/li><li class='av-share-link av-social-link-linkedin' ><a target='_blank' href='http:\/\/linkedin.com\/shareArticle?mini=true&amp;title=Contacts&amp;url=https:\/\/www.pessinaacciai.com\/fr\/contacts\/' aria-hidden='true' data-av_icon='\ue8fc' data-av_iconfont='entypo-fontello' title='' data-avia-related-tooltip='Partager sur Linkedin'><span class='avia_hidden_link_text'>Partager sur Linkedin<\/span><\/a><\/li><\/ul><\/div><\/div><\/p><\/div><div class=\"flex_column av_one_half  av-animated-generic right-to-left  flex_column_div av-zero-column-padding   \" style='border-radius:0px; '><p><div style='padding-bottom:10px;' class='av-special-heading av-special-heading-h3 meta-heading  '><h3 class='av-special-heading-tag'  itemprop=\"headline\"  >Demandez plus d\u2019informations<\/h3><div class='special-heading-border'><div class='special-heading-inner-border' ><\/div><\/div><\/div><br \/>\n<section class=\"av_textblock_section\"  itemscope=\"itemscope\" itemtype=\"https:\/\/schema.org\/CreativeWork\" ><div class='avia_textblock '   itemprop=\"text\" ><style type=\"text\/css\" id=\"103\" data-form-unique-id=\"93509\" >.arf_fieldset .page_break {\npadding-bottom: 10px;\n}<\/style><div class=\"arf_form ar_main_div_103 arf_form_outer_wrapper \" id=\"arffrm_103_container\"><div id=\"arf_message_success_popup\" style=\"display:none;\"><div class=\"msg-detail\"><div class=\"msg-description-success\">Form is successfully submitted. Thank you!<\/div><\/div><\/div><form enctype=\"multipart\/form-data\" method=\"post\" class=\"arfshowmainform  \" style=\"\" data-form-id=\"form_hp1rpn\"  novalidate=\"\" data-id=\"93509\"  data-random-id=\"103_xTEiXka43r\"  data-submission-key=\"o7zul4rP\"  data-popup-id=\"\"><input type='text' name='arf_filter_input' data-jqvalidate='false' data-random-key='103_xTEiXka43r' value='' style='opacity:0 !important;display:none !important;visibility:hidden !important;' \/><input type='hidden' id='arf_ajax_url' value='https:\/\/www.pessinaacciai.com\/wp-admin\/admin-ajax.php' \/><input type=\"hidden\" data-jqvalidate=\"false\" name=\"\" class=\"kpress\" value=\"\" \/><input type=\"hidden\" data-jqvalidate=\"false\" name=\"\" class=\"stime\" value=\"1776627350\" \/><input type=\"hidden\" data-jqvalidate=\"false\" data-id=\"nonce_start_time\" class=\"nonce_start_time\" value=\"form_filter_st\" \/><input type=\"hidden\" data-jqvalidate=\"false\" data-id=\"nonce_keyboard_press\" class=\"nonce_keyboard_press\" value=\"form_filter_kp\" \/><input type=\"hidden\" data-jqvalidate=\"false\" data-id=\"arm_nonce_check\" name=\"arm_nonce_check\" value=\"f20850f77c\" \/><input type=\"hidden\" data-jqvalidate=\"false\" name=\"arf_browser_name\" data-id=\"arf_browser_name\" data-version=\"?\" value=\"Unknown\" \/><input type=\"hidden\" data-jqvalidate=\"false\" name=\"imagename_103_93509\" id=\"imagename_103_93509\" value=\"\" \/><input type=\"hidden\" data-jqvalidate=\"false\" name=\"upload_field_id_103_93509\" id=\"upload_field_id_103_93509\" value=\"\" \/><input type=\"hidden\" data-jqvalidate=\"false\" name=\"arfdecimal_separator\" data-id=\"arfdecimal_separator\" value=\".\" \/><input type=\"hidden\" data-jqvalidate=\"false\" name=\"arfform_date_formate_103\" data-id=\"arfform_date_formate_103\" value=\"DD\/MM\/YYYY\" \/><input type=\"hidden\" data-jqvalidate=\"false\" name=\"form_key_103\" data-id=\"form_key_103\" value=\"hp1rpn\" \/><input type=\"hidden\" data-jqvalidate=\"false\" name=\"arf_success_message_show_time_103\" data-id=\"arf_success_message_show_time_103\" value=\"3\" \/><input type=\"hidden\" data-jqvalidate=\"false\" name=\"arf_form_hide_after_submit_103\" data-id=\"arf_form_hide_after_submit_103\" value=\"\" \/><input type=\"hidden\" data-jqvalidate=\"false\" name=\"is_form_preview_103\" data-id=\"is_form_preview_103\" value=\"\" \/><input type=\"hidden\" data-jqvalidate=\"false\" name=\"arf_validate_outside_103\" data-id=\"arf_validate_outside_103\" data-validate=\"0\" value=\"0\" \/><input type=\"hidden\" data-jqvalidate=\"false\" name=\"arf_is_validate_outside_103\" data-id=\"arf_is_validate_outside_103\" data-validate=\"0\" value=\"0\" \/><input type=\"hidden\" data-jqvalidate=\"false\" name=\"arf_is_resetform_aftersubmit_103\" data-id=\"arf_is_resetform_aftersubmit_103\" value=\"1\" \/><input type=\"hidden\" data-jqvalidate=\"false\" name=\"arf_is_resetform_outside_103\" data-id=\"arf_is_resetform_outside_103\" value=\"0\" \/><input type=\"hidden\" data-jqvalidate=\"false\" name=\"arf_form_enable_cookie_103\" data-id=\"arf_form_enable_cookie_103\" value=\"\" \/><input type=\"hidden\" data-jqvalidate=\"false\" name=\"arf_tooltip_settings_103\" data-id=\"arf_tooltip_settings_103\" class=\"arf_front_tooltip_settings\" data-form-id=\"103\" data-color=\"#FFFFFF\" data-position=\"\" data-width=\"\" data-bg-color=\"#000000\" \/><input type=\"hidden\" data-jqvalidate=\"false\" name=\"form_tooltip_error_103\" data-id=\"form_tooltip_error_103\" data-color=\"\" data-position=\"bottom\" value=\"advance\" \/><input type=\"text\" data-jqvalidate=\"false\" name=\"fake_text\" data-id=\"fake_text\" value=\"\" style=\"height:0 !important; margin:0 !important; opacity: 0 !important; filter:alpha(opacity=0); padding:0 !important; width:0 !important; float:left;\" \/><input type=\"hidden\" data-jqvalidate=\"false\" name=\"arfaction\" value=\"create\" \/><input type=\"hidden\" data-jqvalidate=\"false\" name=\"form_id\" data-id=\"form_id\" value=\"103\" \/><input type=\"hidden\" data-jqvalidate=\"false\" name=\"form_data_id\" data-id=\"form_data_id\" value=\"93509\" \/><input type=\"hidden\" data-jqvalidate=\"false\" name=\"form_key\" data-id=\"form_key\" value=\"hp1rpn\" \/><input type=\"hidden\" data-jqvalidate=\"false\" name=\"is_load_js_and_css_in_all_pages\" data-id=\"is_load_js_and_css_in_all_pages\" value=\"0\" \/><input type=\"hidden\" data-jqvalidate=\"false\" name=\"form_display_type\" data-id=\"form_display_type\" value=\"0|https:\/\/www.pessinaacciai.com\/fr\/contacts\/\" \/><input type=\"hidden\" data-jqvalidate=\"false\" name=\"form_submit_type\" data-id=\"form_submit_type\" value=\"1\" \/><input type=\"hidden\" data-jqvalidate=\"false\" name=\"arf_http_referrer_url\" data-id=\"arf_http_referrer_url\" value=\"\" \/><input type=\"hidden\" data-jqvalidate=\"false\" name=\"entry_key\" value=\"\" \/><div class=\"allfields\"  style=\"visibility:hidden;height:0;\"><div class=\"arf_fieldset arf_standard_form\" id=\"arf_fieldset_93509\"><div class=\"arftitlecontainer\"><div class=\"formtitle_style\">Demandez plus d'information<\/div><\/div><div id=\"page_0\" class=\"page_break\"><div id=\"arf_field_249_93509_container\" class=\"arfformfield control-group arfmainformfield  arffieldrequired arf_field_type_text  top_container top_container arfformfield  arf_field_249\"  style='width: 100%' data-field-type=\"text\" ><label for=\"field_5m080w_93509\" class=\"arf_main_label arf_main_label_14px\">Pr\u00e9nom<span class=\"arfcheckrequiredfield\">*<\/span><\/label><div class=\"controls\"   ><input   type=\"text\" id=\"field_5m080w_93509\"  name=\"item_meta[249]\"  class=\" arf_required\" data-validation-required-message=\"Champ obligatoire\"   \/><\/div><\/div><div style=\"clear:both;\"><\/div><div id=\"arf_field_250_93509_container\" class=\"arfformfield control-group arfmainformfield  arffieldrequired arf_field_type_text  top_container top_container arfformfield  arf_field_250\"  style='width: 100%' data-field-type=\"text\" ><label for=\"field_ktdl2i_93509\" class=\"arf_main_label arf_main_label_14px\">Nom<span class=\"arfcheckrequiredfield\">*<\/span><\/label><div class=\"controls\"   ><input   type=\"text\" id=\"field_ktdl2i_93509\"  name=\"item_meta[250]\"  class=\" arf_required\" data-validation-required-message=\"Champ obligatoire\"   \/><\/div><\/div><div style=\"clear:both;\"><\/div><div id=\"arf_field_255_93509_container\" class=\"arfformfield control-group arfmainformfield  arf_field_type_text  top_container top_container arfformfield  arf_field_255\"  style='width: 100%' data-field-type=\"text\" ><label for=\"field_rg2029_93509\" class=\"arf_main_label arf_main_label_14px\">Entreprise<\/label><div class=\"controls\"   ><input   type=\"text\" id=\"field_rg2029_93509\"  name=\"item_meta[255]\"   \/><\/div><\/div><div style=\"clear:both;\"><\/div><div id=\"arf_field_251_93509_container\" class=\"arfformfield control-group arfmainformfield  arffieldrequired arf_field_type_email  top_container  top_container arfformfield  arf_field_251\"  style='width: 100%'  data-field-type=\"email\"><label for=\"field_xgh4ge_93509\" class=\"arf_main_label arf_main_label_14px\">Email<span class=\"arfcheckrequiredfield\">*<\/span><\/label><div class=\"controls\"   ><input type=\"text\" id=\"field_xgh4ge_93509\" name=\"item_meta[251]\"  class=\" arf_required\" data-validation-required-message=\"Champ obligatoire\"  data-validation-regex-regex=\"[A-Za-z0-9._%+-]+@[A-Za-z0-9.-]+\\.[A-Za-z]+\" data-validation-regex-message=\"\"  \/><\/div><\/div><div style=\"clear:both;\"><\/div><div id=\"arf_field_254_93509_container\" class=\"arfformfield control-group arfmainformfield   arf_field_type_number  top_container  top_container arfformfield  arf_field_254\"  style='width: 100%'  data-field-type=\"number\"><label for=\"field_28ozcd_93509\" class=\"arf_main_label arf_main_label_14px\">T\u00e9l\u00e9phone<\/label><div class=\"controls\"   ><input type=\"text\" class=\"arf_number_field\" id=\"field_28ozcd_93509\" dir=\" ltr\"name=\"item_meta[254]\"  onkeydown=\"arfvalidatenumber(this, event);\" \/><\/div><\/div><div style=\"clear:both;\"><\/div><div id=\"arf_field_252_93509_container\" class=\"arfformfield control-group arfmainformfield  arf_field_type_textarea  top_container top_container arfformfield  arf_field_252\"  style='width: 100%'  data-field-type=\"textarea\"><label for=\"field_9ytq4z_93509\" class=\"arf_main_label arf_main_label_14px\">Message<\/label><div class=\"controls\"   ><textarea class=\"\" name=\"item_meta[252]\" id=\"field_9ytq4z_93509\"  ><\/textarea><\/div><\/div><div style=\"clear:both;\"><\/div><div id=\"arf_field_10757_93509_container\" class=\"arfformfield control-group arfmainformfield  arf_horizontal_radio  arffieldrequired arf_field_type_checkbox   top_container  top_container arfformfield  arf_field_10757\"  style='width: 100%'  data-field-type=\"checkbox\"><div class=\"setting_checkbox controls arf_standard_checkbox\" style=\"padding-top:5px;\" ><div class=\"arf_checkbox_style \" id=\"frm_checkbox_10757-0\"><div class='arf_checkbox_input_wrapper'><input type=\"checkbox\" name=\"item_meta[10757][]\" id=\"field_10757-0-93509\" value=\"CONSENTEMENT AU TRAITEMENT DE DONN\u00c9ES PERSONNELLES&lt;br&gt;Cher Spa Metallurgica Luigi Pessina Acciai, apr\u00e8s avoir lu attentivement &lt;a href=&quot;\/fr\/traitement-des-donnes-personnels\/&quot; target=&quot;_blank&quot;&gt;les informations&lt;\/a&gt; et avoir compris les caract\u00e9ristiques du traitement de mes donn\u00e9es personnelles par vos soins, je vous donne, gratuitement, un consentement sp\u00e9cifique, inform\u00e9 et sans \u00e9quivoque au traitement de ces donn\u00e9es \u00e0 caract\u00e8re personnel aux fins indiqu\u00e9es dans les informations susmentionn\u00e9es, ou \u00e0 contacter afin de recevoir plus d&#039;informations sur vos services.\"    class=\" arf_required\"data-validation-minchecked-minchecked=\"1\" data-validation-minchecked-message=\"Champ obligatoire\" style=''  \/><span><\/span><\/div><label for=\"field_10757-0-93509\" >CONSENTEMENT AU TRAITEMENT DE DONN\u00c9ES PERSONNELLES<br>Cher Spa Metallurgica Luigi Pessina Acciai, apr\u00e8s avoir lu attentivement <a href=\"\/fr\/traitement-des-donnes-personnels\/\" target=\"_blank\">les informations<\/a> et avoir compris les caract\u00e9ristiques du traitement de mes donn\u00e9es personnelles par vos soins, je vous donne, gratuitement, un consentement sp\u00e9cifique, inform\u00e9 et sans \u00e9quivoque au traitement de ces donn\u00e9es \u00e0 caract\u00e8re personnel aux fins indiqu\u00e9es dans les informations susmentionn\u00e9es, ou \u00e0 contacter afin de recevoir plus d'informations sur vos services.<\/label><\/div><\/div><\/div><div style=\"clear:both;\"><\/div><div style=\"clear:both;height:1px;\">&nbsp;<\/div><\/div><!-- page_break && page_0--><div class=\"arfsubmitbutton top_container\" ><div class=\"arf_submit_div  top_container\"><input type=\"hidden\" data-jqvalidate=\"false\" value=\"1\" name=\"is_submit_form_103\" data-id=\"is_submit_form_103\" \/><input type=\"hidden\" data-jqvalidate=\"false\" value=\"0\" data-val=\"0\" data-max=\"0\" name=\"submit_form_103\" data-id=\"submit_form_103\" \/><button class=\"arf_submit_btn  btn-info arfstyle-button  unknown\"  id=\"arf_submit_btn_93509\" name=\"arf_submit_btn_93509\" data-style=\"zoom-in\"  ><span class=\"arfsubmitloader\"><\/span><span class=\"arfstyle-label\">Envoi<\/span><\/button><\/div><\/div><div style=\"clear:both\"><\/div><div id=\"brand-div\" class=\"brand-div top_container\" style=\"margin-top:30px; font-size:12px !important; color: #444444 !important; display:block !important; visibility: visible !important;\">Propuls\u00e9 par&#32;<a href=\"https:\/\/codecanyon.net\/item\/arforms-exclusive-wordpress-form-builder-plugin\/6023165?ref=reputeinfosystems\" target=\"_blank\" style=\"color:#0066cc !important; font-size:12px !important; display:inline !important; visibility:visible !important;\">ARForms<\/a><span style=\"color:#FF0000 !important; font-size:12px !important; display:inline !important; visibility: visible !important;\">&nbsp;&nbsp;(Unlicensed)<\/span><\/div><\/div><!-- arf_fieldset --><\/div><!-- allfields --><\/form><script type='text\/javascript' data-cfasync='false'>if(!window['arf_conditional_logic']){window['arf_conditional_logic'] = new Array();}window['arf_conditional_logic'][93509] = {\"logic\":[],\"dependents\":[],\"defaults\":[]};<\/script><\/div><!--arf_form_outer_wrapper --><div class=\"brand-div\"><\/div><div class=\"\"><input type=\"hidden\" data-jqvalidate=\"false\" name=\"form_id\" data-id=\"form_id\" value=\"103\" \/><input type=\"hidden\" data-jqvalidate=\"false\" name=\"arfmainformurl\" data-id=\"arfmainformurl\" value=\"https:\/\/www.pessinaacciai.com\/wp-content\/plugins\/arforms\" \/><\/div><input type='hidden' id='arf_settings_recaptcha_v2_public_key' value='' \/><input type='hidden' id='arf_settings_recaptcha_v2_public_theme' value='red' \/><input type='hidden' id='arf_settings_recaptcha_v2_public_lang' value='en' \/>\n<\/div><\/section><\/p><\/div><\/p>\n","protected":false},"excerpt":{"rendered":"","protected":false},"author":1,"featured_media":0,"parent":0,"menu_order":0,"comment_status":"closed","ping_status":"closed","template":"","meta":{"footnotes":""},"_links":{"self":[{"href":"https:\/\/www.pessinaacciai.com\/fr\/wp-json\/wp\/v2\/pages\/5724"}],"collection":[{"href":"https:\/\/www.pessinaacciai.com\/fr\/wp-json\/wp\/v2\/pages"}],"about":[{"href":"https:\/\/www.pessinaacciai.com\/fr\/wp-json\/wp\/v2\/types\/page"}],"author":[{"embeddable":true,"href":"https:\/\/www.pessinaacciai.com\/fr\/wp-json\/wp\/v2\/users\/1"}],"replies":[{"embeddable":true,"href":"https:\/\/www.pessinaacciai.com\/fr\/wp-json\/wp\/v2\/comments?post=5724"}],"version-history":[{"count":16,"href":"https:\/\/www.pessinaacciai.com\/fr\/wp-json\/wp\/v2\/pages\/5724\/revisions"}],"predecessor-version":[{"id":6684,"href":"https:\/\/www.pessinaacciai.com\/fr\/wp-json\/wp\/v2\/pages\/5724\/revisions\/6684"}],"wp:attachment":[{"href":"https:\/\/www.pessinaacciai.com\/fr\/wp-json\/wp\/v2\/media?parent=5724"}],"curies":[{"name":"wp","href":"https:\/\/api.w.org\/{rel}","templated":true}]}}