{"id":5730,"date":"2017-07-12T14:55:01","date_gmt":"2017-07-12T13:55:01","guid":{"rendered":"http:\/\/www.pessinaacciai.com\/spring-box\/"},"modified":"2019-03-24T17:34:01","modified_gmt":"2019-03-24T16:34:01","slug":"spring-box","status":"publish","type":"page","link":"https:\/\/www.pessinaacciai.com\/fr\/spring-box\/","title":{"rendered":"Spring Box"},"content":{"rendered":"<\/div><\/div><\/div><!-- close content main div --><\/div><\/div><div id='av_section_1' class='avia-section main_color avia-section-default avia-no-shadow avia-bg-style-scroll  container_wrap sidebar_right' style = 'background-repeat: no-repeat; background-image: url(https:\/\/www.pessinaacciai.com\/wp-content\/uploads\/2013\/04\/DSC_3566-1.jpg); background-attachment: scroll; background-position: top left; ' data-section-bg-repeat='no-repeat' ><div class='container' ><div class='template-page content  av-content-small alpha units'><div class='post-entry post-entry-type-page post-entry-5730'><div class='entry-content-wrapper clearfix'>\n<div style='padding-bottom:10px;color:#ffffff;' class='av-special-heading av-special-heading-h1 custom-color-heading blockquote modern-quote '><h1 class='av-special-heading-tag'  itemprop=\"headline\"  >Spring Box<\/h1><div class='special-heading-border'><div class='special-heading-inner-border' style='border-color:#ffffff'><\/div><\/div><\/div>\n<\/div><\/div><\/div><!-- close content main div --><\/div><\/div><div id='after_section_1' class='main_color av_default_container_wrap container_wrap sidebar_right'   ><div class='container' ><div class='template-page content  av-content-small alpha units'><div class='post-entry post-entry-type-page post-entry-5730'><div class='entry-content-wrapper clearfix'>\n<div class=\"flex_column av_one_full  av-animated-generic left-to-right  flex_column_div av-zero-column-padding first  \" style='border-radius:0px; '><section class=\"av_textblock_section\"  itemscope=\"itemscope\" itemtype=\"https:\/\/schema.org\/CreativeWork\" ><div class='avia_textblock '   itemprop=\"text\" ><h2><span style=\"font-size: 12pt;\">SYST\u00c8ME D&rsquo;\u00c9QUILIBRAGE POUR PORTES SECTIONNELLES<\/span><\/h2>\n<p>Spring Box est le syst\u00e8me d&rsquo;\u00e9quilibrage innovant pour portes sectionnelles, brevet\u00e9 par Metallurgica Pessina Acciai.<\/p>\n<p>Parmi les nombreuses fonctionnalit\u00e9s de Spring Box, on trouve:<\/p>\n<ul>\n<li><strong>Compact<\/strong>: seulement 72 mm de haut<\/li>\n<li><strong>Polyvalent<\/strong>: il peut \u00eatre mont\u00e9 dans diff\u00e9rentes positions<\/li>\n<li><strong>Rapide \u00e0 installer<\/strong>: juste le temps de faire 4 trous et de charger les ressorts<\/li>\n<li><strong>S\u00fbr<\/strong>: le chargement du ressort est facile et s\u00fbr<\/li>\n<\/ul>\n<\/div><\/section><br \/>\n<div style='height:30px' class='hr hr-invisible '><span class='hr-inner ' ><span class='hr-inner-style'><\/span><\/span><\/div><br \/>\n<div class='avia-image-container  av-styling-   avia-align-left '  itemscope=\"itemscope\" itemtype=\"https:\/\/schema.org\/ImageObject\"  ><div class='avia-image-container-inner'><a href='https:\/\/www.pessinaacciai.com\/wp-content\/uploads\/2017\/07\/spring-box-1-1030x572.jpg' class='avia_image'  ><img class='avia_image ' src='https:\/\/www.pessinaacciai.com\/wp-content\/uploads\/2017\/07\/spring-box-1.jpg' alt='' title='spring-box'  itemprop=\"thumbnailUrl\"  \/><\/a><\/div><\/div><\/p><\/div>\n<div class=\"flex_column av_one_full  av-animated-generic left-to-right  flex_column_div av-zero-column-padding first  \" style='border-radius:0px; '><section class=\"av_textblock_section\"  itemscope=\"itemscope\" itemtype=\"https:\/\/schema.org\/CreativeWork\" ><div class='avia_textblock '   itemprop=\"text\" ><p>Il existe plusieurs tailles de Spring Box en fonction de la taille et du poids de la porte \u00e0 \u00e9quilibrer.<\/p>\n<p>Contactez nos techniciens pour choisir le mod\u00e8le appropri\u00e9.<\/p>\n<p>T\u00e9l\u00e9chargez\u00a0<a href=\"\/wp-content\/uploads\/2017\/07\/Spring-Box.pdf\" target=\"_blank\" rel=\"noopener\">ici<\/a>\u00a0les s\u00e9quences de montage.<\/p>\n<\/div><\/section><\/div>\n","protected":false},"excerpt":{"rendered":"","protected":false},"author":1,"featured_media":0,"parent":0,"menu_order":0,"comment_status":"closed","ping_status":"closed","template":"","meta":{"footnotes":""},"_links":{"self":[{"href":"https:\/\/www.pessinaacciai.com\/fr\/wp-json\/wp\/v2\/pages\/5730"}],"collection":[{"href":"https:\/\/www.pessinaacciai.com\/fr\/wp-json\/wp\/v2\/pages"}],"about":[{"href":"https:\/\/www.pessinaacciai.com\/fr\/wp-json\/wp\/v2\/types\/page"}],"author":[{"embeddable":true,"href":"https:\/\/www.pessinaacciai.com\/fr\/wp-json\/wp\/v2\/users\/1"}],"replies":[{"embeddable":true,"href":"https:\/\/www.pessinaacciai.com\/fr\/wp-json\/wp\/v2\/comments?post=5730"}],"version-history":[{"count":4,"href":"https:\/\/www.pessinaacciai.com\/fr\/wp-json\/wp\/v2\/pages\/5730\/revisions"}],"predecessor-version":[{"id":5925,"href":"https:\/\/www.pessinaacciai.com\/fr\/wp-json\/wp\/v2\/pages\/5730\/revisions\/5925"}],"wp:attachment":[{"href":"https:\/\/www.pessinaacciai.com\/fr\/wp-json\/wp\/v2\/media?parent=5730"}],"curies":[{"name":"wp","href":"https:\/\/api.w.org\/{rel}","templated":true}]}}