{"id":5737,"date":"2018-02-23T10:21:26","date_gmt":"2018-02-23T09:21:26","guid":{"rendered":"http:\/\/www.pessinaacciai.com\/nastri-temprati\/"},"modified":"2019-05-28T13:52:39","modified_gmt":"2019-05-28T12:52:39","slug":"feuillards-en-acier-trempe","status":"publish","type":"page","link":"https:\/\/www.pessinaacciai.com\/fr\/feuillards-en-acier-trempe\/","title":{"rendered":"Feuillards en acier tremp\u00e9"},"content":{"rendered":"<\/div><\/div><\/div><!-- close content main div --><\/div><\/div><div id='av_section_1' class='avia-section main_color avia-section-default avia-no-shadow avia-bg-style-scroll  container_wrap sidebar_right' style = 'background-repeat: no-repeat; background-image: url(https:\/\/www.pessinaacciai.com\/wp-content\/uploads\/2013\/04\/DSC_3566-1.jpg); background-attachment: scroll; background-position: top left; ' data-section-bg-repeat='no-repeat' ><div class='container' ><div class='template-page content  av-content-small alpha units'><div class='post-entry post-entry-type-page post-entry-5737'><div class='entry-content-wrapper clearfix'>\n<div style='padding-bottom:10px;color:#ffffff;' class='av-special-heading av-special-heading-h1 custom-color-heading blockquote modern-quote '><h1 class='av-special-heading-tag'  itemprop=\"headline\"  >FEUILLARDS EN ACIER TREMP\u00c9 <\/h1><div class='special-heading-border'><div class='special-heading-inner-border' style='border-color:#ffffff'><\/div><\/div><\/div>\n<\/div><\/div><\/div><!-- close content main div --><\/div><\/div><div id='after_section_1' class='main_color av_default_container_wrap container_wrap sidebar_right'   ><div class='container' ><div class='template-page content  av-content-small alpha units'><div class='post-entry post-entry-type-page post-entry-5737'><div class='entry-content-wrapper clearfix'><div class=\"flex_column av_one_full  av-animated-generic left-to-right  flex_column_div av-zero-column-padding first  \" style='border-radius:0px; '><section class=\"av_textblock_section\"  itemscope=\"itemscope\" itemtype=\"https:\/\/schema.org\/CreativeWork\" ><div class='avia_textblock '   itemprop=\"text\" ><div class=\"intestazione\">\n<h2>Trempe des feuillards en acier<\/h2>\n<h3>Feuillards acier tremp\u00e9: dans la trempe des feuillards en acier toutes les \u00e9tapes de fabrication, du laminage \u00e0 l\u2019emballage sont effectu\u00e9es \u00e0 l\u2019interier par notre personnel interne sp\u00e9cialis\u00e9.<\/h3>\n<\/div>\n<h2><span style=\"font-size: 12pt;\">TREMPE DES FEUILLARDS EN ACIER: \u00c9TAPES DE PRODUCTION<\/span><\/h2>\n<p style=\"text-align: justify;\">Le proc\u00e9d\u00e9 de trempe des feuillards en acier est aujourd&rsquo;hui, comme en 1934, l&rsquo;aspect principal de notre activit\u00e9..<br \/>\nToutes les \u00e9tapes de fabrication, du laminage \u00e0 l&#8217;emballage, sont effectu\u00e9es \u00e0 l&rsquo;interier par notre personnel interne sp\u00e9cialis\u00e9. Cela pour assurer la plus grande flexibilit\u00e9 et pour r\u00e9duire les d\u00e9lais de livraison.<\/p>\n<p style=\"text-align: justify;\">Rien n&rsquo;est standard et le client est libre de faire son choix en fonction de ses exigences, puisqu&rsquo;il n&rsquo;existe pas de limites de dimensions ou de caract\u00e9ristiques commerciales particuli\u00e8res.<br \/>\nTous les proc\u00e9d\u00e9s sont effectu\u00e9s par de machines fiables et modernes: cela garantit les meilleurs r\u00e9sultats en termes de plan\u00e9it\u00e9, de finition de surface et de constance des caract\u00e9ristiques m\u00e9caniques.<br \/>\nLes traitements sont g\u00e9r\u00e9s par des logiciels attest\u00e9s permettant une bonne r\u00e9p\u00e9titivit\u00e9 des param\u00e8tres pour des lots homog\u00e8nes au cours du temps et pour l&rsquo;archive des param\u00e8tres pour une tra\u00e7abilit\u00e9 fiable dans le temps.<\/p>\n<\/div><\/section><br \/>\n<div style='height:30px' class='hr hr-invisible '><span class='hr-inner ' ><span class='hr-inner-style'><\/span><\/span><\/div><br \/>\n<div class='avia-image-container  av-styling-   avia-align-left '  itemscope=\"itemscope\" itemtype=\"https:\/\/schema.org\/ImageObject\"  ><div class='avia-image-container-inner'><a href='https:\/\/www.pessinaacciai.com\/wp-content\/uploads\/2013\/04\/nastriacciaiotempratitempramartensitica.jpg' class='avia_image'  ><img class='avia_image ' src='https:\/\/www.pessinaacciai.com\/wp-content\/uploads\/2013\/04\/nastriacciaiotempratitempramartensitica.jpg' alt='' title='nastriacciaiotempratitempramartensitica'  itemprop=\"thumbnailUrl\"  \/><\/a><\/div><\/div><\/p><\/div><\/p>\n<div style='padding-bottom:10px;' class='av-special-heading av-special-heading-h3 meta-heading   '><h3 class='av-special-heading-tag'  itemprop=\"headline\"  > Applications principales<\/h3><div class='special-heading-border'><div class='special-heading-inner-border' ><\/div><\/div><\/div>\n<section class=\"av_textblock_section\"  itemscope=\"itemscope\" itemtype=\"https:\/\/schema.org\/CreativeWork\" ><div class='avia_textblock '   itemprop=\"text\" ><p style=\"text-align: justify;\">Ressorts en g\u00e9n\u00e9ral, ressorts pour les rideaux m\u00e9talliques, scies, scies circulaires, lames pour l&rsquo;industrie du papier et du cuir, pi\u00e8ces particuliers d\u00e9coup\u00e9s.<\/p>\n<\/div><\/section>\n<div style='padding-bottom:10px;' class='av-special-heading av-special-heading-h3 meta-heading   '><h3 class='av-special-heading-tag'  itemprop=\"headline\"  >Finition de surface<\/h3><div class='special-heading-border'><div class='special-heading-inner-border' ><\/div><\/div><\/div>\n<section class=\"av_textblock_section\"  itemscope=\"itemscope\" itemtype=\"https:\/\/schema.org\/CreativeWork\" ><div class='avia_textblock '   itemprop=\"text\" ><p>Blanc, gris et bleu four,\u00a0blanc, bleu et jaune.<\/p>\n<\/div><\/section>\n<div style='padding-bottom:10px;' class='av-special-heading av-special-heading-h3 meta-heading   '><h3 class='av-special-heading-tag'  itemprop=\"headline\"  >Dimensions<\/h3><div class='special-heading-border'><div class='special-heading-inner-border' ><\/div><\/div><\/div>\n<section class=\"av_textblock_section\"  itemscope=\"itemscope\" itemtype=\"https:\/\/schema.org\/CreativeWork\" ><div class='avia_textblock '   itemprop=\"text\" ><p>Le tableau ci-apr\u00e8s indique la gamme des dimensions que nous pouvons fournir avec les diff\u00e9rentes finitions. Notre bureau technique reste \u00e0 votre disposition pour d&rsquo;\u00e9ventuelles \u00e9claircissements ou pour toute demande hors standard.<\/p>\n<\/div><\/section>\n<div style='height:30px' class='hr hr-invisible '><span class='hr-inner ' ><span class='hr-inner-style'><\/span><\/span><\/div>\n<div class='avia-image-container  av-styling-   avia-align-left '  itemscope=\"itemscope\" itemtype=\"https:\/\/schema.org\/ImageObject\"  ><div class='avia-image-container-inner'><a href='https:\/\/www.pessinaacciai.com\/wp-content\/uploads\/2013\/04\/nastriacciaiotempratidimensioni.jpg' class='avia_image'  ><img class='avia_image ' src='https:\/\/www.pessinaacciai.com\/wp-content\/uploads\/2013\/04\/nastriacciaiotempratidimensioni.jpg' alt='' title='nastriacciaiotempratidimensioni'  itemprop=\"thumbnailUrl\"  \/><\/a><\/div><\/div>\n<div style='height:30px' class='hr hr-invisible '><span class='hr-inner ' ><span class='hr-inner-style'><\/span><\/span><\/div>\n<div style='padding-bottom:10px;' class='av-special-heading av-special-heading-h3 meta-heading   '><h3 class='av-special-heading-tag'  itemprop=\"headline\"  >Dimension des rouleaux<\/h3><div class='special-heading-border'><div class='special-heading-inner-border' ><\/div><\/div><\/div>\n<section class=\"av_textblock_section\"  itemscope=\"itemscope\" itemtype=\"https:\/\/schema.org\/CreativeWork\" ><div class='avia_textblock '   itemprop=\"text\" ><p>Nous pouvons fournir des rouleaux avec des diam\u00e8tres internes allant de 300 \u00e0 700 mm et un diam\u00e8tre externe maximum de 1400 mm.<br \/>\nLe poids maximum du rouleau est de 4 tonnes.<\/p>\n<\/div><\/section>\n<div style='padding-bottom:10px;' class='av-special-heading av-special-heading-h3 meta-heading   '><h3 class='av-special-heading-tag'  itemprop=\"headline\"  >Qualit\u00e9 standard<\/h3><div class='special-heading-border'><div class='special-heading-inner-border' ><\/div><\/div><\/div>\n<section class=\"av_textblock_section\"  itemscope=\"itemscope\" itemtype=\"https:\/\/schema.org\/CreativeWork\" ><div class='avia_textblock '   itemprop=\"text\" ><p>Le tableau suivant indique les diff\u00e9rentes qualit\u00e9s d&rsquo;acier en stock dans notre magasin, mais d&rsquo;autres peuvent \u00eatre fournies sur demande.<\/p>\n<\/div><\/section>\n<div style='height:30px' class='hr hr-invisible '><span class='hr-inner ' ><span class='hr-inner-style'><\/span><\/span><\/div>\n<div class='avia-image-container  av-styling-   avia-align-left '  itemscope=\"itemscope\" itemtype=\"https:\/\/schema.org\/ImageObject\"  ><div class='avia-image-container-inner'><a href='https:\/\/www.pessinaacciai.com\/wp-content\/uploads\/2013\/04\/nastriacciaiotempratiqualitastandard.jpg' class='avia_image'  ><img class='avia_image ' src='https:\/\/www.pessinaacciai.com\/wp-content\/uploads\/2013\/04\/nastriacciaiotempratiqualitastandard.jpg' alt='' title='nastriacciaiotempratiqualitastandard'  itemprop=\"thumbnailUrl\"  \/><\/a><\/div><\/div>\n","protected":false},"excerpt":{"rendered":"","protected":false},"author":1,"featured_media":0,"parent":0,"menu_order":0,"comment_status":"closed","ping_status":"closed","template":"","meta":{"footnotes":""},"_links":{"self":[{"href":"https:\/\/www.pessinaacciai.com\/fr\/wp-json\/wp\/v2\/pages\/5737"}],"collection":[{"href":"https:\/\/www.pessinaacciai.com\/fr\/wp-json\/wp\/v2\/pages"}],"about":[{"href":"https:\/\/www.pessinaacciai.com\/fr\/wp-json\/wp\/v2\/types\/page"}],"author":[{"embeddable":true,"href":"https:\/\/www.pessinaacciai.com\/fr\/wp-json\/wp\/v2\/users\/1"}],"replies":[{"embeddable":true,"href":"https:\/\/www.pessinaacciai.com\/fr\/wp-json\/wp\/v2\/comments?post=5737"}],"version-history":[{"count":13,"href":"https:\/\/www.pessinaacciai.com\/fr\/wp-json\/wp\/v2\/pages\/5737\/revisions"}],"predecessor-version":[{"id":6881,"href":"https:\/\/www.pessinaacciai.com\/fr\/wp-json\/wp\/v2\/pages\/5737\/revisions\/6881"}],"wp:attachment":[{"href":"https:\/\/www.pessinaacciai.com\/fr\/wp-json\/wp\/v2\/media?parent=5737"}],"curies":[{"name":"wp","href":"https:\/\/api.w.org\/{rel}","templated":true}]}}