{"id":5747,"date":"2013-04-07T16:28:54","date_gmt":"2013-04-07T16:28:54","guid":{"rendered":"http:\/\/www.pessinaacciai.com\/tempre-de-rubans\/nastri-per-seghe\/"},"modified":"2019-05-29T14:57:29","modified_gmt":"2019-05-29T13:57:29","slug":"feuillards-trempes-pour-scies","status":"publish","type":"page","link":"https:\/\/www.pessinaacciai.com\/fr\/feuillards-en-acier-trempe\/feuillards-trempes-pour-scies\/","title":{"rendered":"Feuillards tremp\u00e9s pour scies"},"content":{"rendered":"<\/div><\/div><\/div><!-- close content main div --><\/div><\/div><div id='av_section_1' class='avia-section main_color avia-section-default avia-no-shadow avia-bg-style-scroll  container_wrap sidebar_right' style = 'background-repeat: no-repeat; background-image: url(https:\/\/www.pessinaacciai.com\/wp-content\/uploads\/2013\/04\/DSC_3566-1.jpg); background-attachment: scroll; background-position: top left; ' data-section-bg-repeat='no-repeat' ><div class='container' ><div class='template-page content  av-content-small alpha units'><div class='post-entry post-entry-type-page post-entry-5747'><div class='entry-content-wrapper clearfix'>\n<div style='padding-bottom:10px;color:#ffffff;' class='av-special-heading av-special-heading-h1 custom-color-heading blockquote modern-quote '><h1 class='av-special-heading-tag'  itemprop=\"headline\"  >FEUILLARDS TREMP\u00c9S POUR SCIES<\/h1><div class='special-heading-border'><div class='special-heading-inner-border' style='border-color:#ffffff'><\/div><\/div><\/div>\n<\/div><\/div><\/div><!-- close content main div --><\/div><\/div><div id='after_section_1' class='main_color av_default_container_wrap container_wrap sidebar_right'   ><div class='container' ><div class='template-page content  av-content-small alpha units'><div class='post-entry post-entry-type-page post-entry-5747'><div class='entry-content-wrapper clearfix'><div class=\"flex_column av_one_full  av-animated-generic left-to-right  flex_column_div av-zero-column-padding first  \" style='border-radius:0px; '><section class=\"av_textblock_section\"  itemscope=\"itemscope\" itemtype=\"https:\/\/schema.org\/CreativeWork\" ><div class='avia_textblock '   itemprop=\"text\" ><div class=\"intestazione\">\n<h2>Feuillard aciers tremp\u00e9s pour sci\u00e9s<\/h2>\n<h3>Feuillards tremp\u00e9s pour scies \u00e0 bois, feuillards aciers tremp\u00e9s pour sci\u00e9s. Les feuillards tremp\u00e9s pour scies ne sont pas des feuillards: ils constituent le point de d\u00e9part pour r\u00e9aliser des outils de pr\u00e9cision.<\/h3>\n<\/div>\n<h2><span style=\"font-size: 12pt;\">PURET\u00c9 DE L&rsquo;ACIER, LAMINAGE, TREMPE CONSTANTE<\/span><\/h2>\n<p style=\"text-align: justify;\">Les feuillards d&rsquo;acier tremp\u00e9 pour le march\u00e9 des scies ne sont pas des feuillards: ils constituent le point de d\u00e9part pour r\u00e9aliser des outils de pr\u00e9cision.<\/p>\n<p>Le mat\u00e9riel pour les scies de la soci\u00e9t\u00e9 Metallurgica Pessina repr\u00e9sente le r\u00e9sultat d&rsquo;un proc\u00e9d\u00e9 de recherche continu et de d\u00e9veloppement partant des mati\u00e8res premi\u00e8res et qui finit par des techniques d&#8217;emballage. La puret\u00e9 de la mati\u00e8re premi\u00e8re, un laminage\u00a0 \u00e0 froid, une coupe sans micro-fractures, des bords bien cisaill\u00e9s, une trempe constante et un emballage conforme permettent \u00e0 nos clients d&rsquo;avoir l&rsquo;assurance d&rsquo;une production de qualit\u00e9.<\/p>\n<\/div><\/section><br \/>\n<div style='height:30px' class='hr hr-invisible '><span class='hr-inner ' ><span class='hr-inner-style'><\/span><\/span><\/div><br \/>\n<div class='avia-gallery avia-gallery-1 avia_lazyload avia_animate_when_visible '  itemscope=\"itemscope\" itemtype=\"https:\/\/schema.org\/ImageObject\" ><a class='avia-gallery-big fakeLightbox lightbox avia-gallery-big-crop-thumb ' href='https:\/\/www.pessinaacciai.com\/wp-content\/uploads\/2013\/04\/DSC_3643-1-1030x691.jpg'  data-onclick='1' title='' ><span class='avia-gallery-big-inner'  itemprop=\"thumbnailUrl\" >\t<img width='1920' height='1289' src='https:\/\/www.pessinaacciai.com\/wp-content\/uploads\/2013\/04\/DSC_3643-1.jpg' title='DSC_3643' alt='' \/><\/span><\/a><div class='avia-gallery-thumb'> <a href='https:\/\/www.pessinaacciai.com\/wp-content\/uploads\/2013\/04\/DSC_3643-1-1030x691.jpg' data-rel='gallery-1' data-prev-img='https:\/\/www.pessinaacciai.com\/wp-content\/uploads\/2013\/04\/DSC_3643-1.jpg' class='first_thumb lightbox ' data-onclick='1' title=''  itemprop=\"thumbnailUrl\" ><img  src='https:\/\/www.pessinaacciai.com\/wp-content\/uploads\/2013\/04\/DSC_3643-1-495x400.jpg' width='495' height='400'  title='DSC_3643' alt='' \/><\/a> <a href='https:\/\/www.pessinaacciai.com\/wp-content\/uploads\/2013\/04\/saw_sega-1-1030x773.jpg' data-rel='gallery-1' data-prev-img='https:\/\/www.pessinaacciai.com\/wp-content\/uploads\/2013\/04\/saw_sega-1.jpg' class='lightbox ' data-onclick='2' title=''  itemprop=\"thumbnailUrl\" ><img  src='https:\/\/www.pessinaacciai.com\/wp-content\/uploads\/2013\/04\/saw_sega-1-495x400.jpg' width='495' height='400'  title='saw_sega' alt='' \/><\/a> <a href='https:\/\/www.pessinaacciai.com\/wp-content\/uploads\/2013\/04\/seghe-per-legno-977x1030.jpg' data-rel='gallery-1' data-prev-img='https:\/\/www.pessinaacciai.com\/wp-content\/uploads\/2013\/04\/seghe-per-legno.jpg' class='lightbox ' data-onclick='3' title=''  itemprop=\"thumbnailUrl\" ><img  src='https:\/\/www.pessinaacciai.com\/wp-content\/uploads\/2013\/04\/seghe-per-legno-495x400.jpg' width='495' height='400'  title='seghe-per-legno' alt='' \/><\/a> <a href='https:\/\/www.pessinaacciai.com\/wp-content\/uploads\/2013\/04\/stone-gang-saw-steel-969x1030.jpg' data-rel='gallery-1' data-prev-img='https:\/\/www.pessinaacciai.com\/wp-content\/uploads\/2013\/04\/stone-gang-saw-steel.jpg' class='lightbox ' data-onclick='4' title=''  itemprop=\"thumbnailUrl\" ><img  src='https:\/\/www.pessinaacciai.com\/wp-content\/uploads\/2013\/04\/stone-gang-saw-steel-495x400.jpg' width='495' height='400'  title='stone-gang-saw-steel' alt='' \/><\/a><\/div><\/div><br \/>\n<div style='height:30px' class='hr hr-invisible '><span class='hr-inner ' ><span class='hr-inner-style'><\/span><\/span><\/div><\/p><\/div><div class=\"flex_column av_one_full  flex_column_div av-zero-column-padding first  \" style='border-radius:0px; '><div style='padding-bottom:10px;' class='av-special-heading av-special-heading-h3 meta-heading  '><h3 class='av-special-heading-tag'  itemprop=\"headline\"  >Applications Principales<\/h3><div class='special-heading-border'><div class='special-heading-inner-border' ><\/div><\/div><\/div><\/div><\/p>\n<div class=\"flex_column av_one_half  flex_column_div av-zero-column-padding first  \" style='border-radius:0px; '><section class=\"av_textblock_section\"  itemscope=\"itemscope\" itemtype=\"https:\/\/schema.org\/CreativeWork\" ><div class='avia_textblock '   itemprop=\"text\" ><p><strong>Industrie du bois<\/strong><\/p>\n<ul>\n<li>Scies \u00e0 ruban<\/li>\n<li>Scies circulaires<\/li>\n<li>Scies \u00e0 main<\/li>\n<\/ul>\n<\/div><\/section><\/div>\n<div class=\"flex_column av_one_half  flex_column_div av-zero-column-padding   \" style='border-radius:0px; '><section class=\"av_textblock_section\"  itemscope=\"itemscope\" itemtype=\"https:\/\/schema.org\/CreativeWork\" ><div class='avia_textblock '   itemprop=\"text\" ><p><strong>Industrie du marble<\/strong><\/p>\n<ul>\n<li>Scies circulaires<\/li>\n<\/ul>\n<\/div><\/section><\/div>\n<div class=\"flex_column av_one_full  flex_column_div av-zero-column-padding first  \" style='border-radius:0px; '><p><div style='padding-bottom:10px;' class='av-special-heading av-special-heading-h3 meta-heading  '><h3 class='av-special-heading-tag'  itemprop=\"headline\"  >Qualit\u00e9 standard<\/h3><div class='special-heading-border'><div class='special-heading-inner-border' ><\/div><\/div><\/div><br \/>\n<section class=\"av_textblock_section\"  itemscope=\"itemscope\" itemtype=\"https:\/\/schema.org\/CreativeWork\" ><div class='avia_textblock '   itemprop=\"text\" ><p>Le tableau suivant indique les diff\u00e9rentes qualit\u00e9s d&rsquo;acier en stock dans notre magasin, mais d&rsquo;autres peuvent \u00eatre fournies sur demande.<\/p>\n<\/div><\/section><br \/>\n<div class='avia-image-container  av-styling-   avia-align-left '  itemscope=\"itemscope\" itemtype=\"https:\/\/schema.org\/ImageObject\"  ><div class='avia-image-container-inner'><a href='https:\/\/www.pessinaacciai.com\/wp-content\/uploads\/2013\/04\/nastriacciaiotempratiperseghe.png' class='avia_image'  ><img class='avia_image ' src='https:\/\/www.pessinaacciai.com\/wp-content\/uploads\/2013\/04\/nastriacciaiotempratiperseghe.png' alt='' title='nastriacciaiotempratiperseghe'  itemprop=\"thumbnailUrl\"  \/><\/a><\/div><\/div><\/p><\/div>\n","protected":false},"excerpt":{"rendered":"","protected":false},"author":1,"featured_media":0,"parent":5737,"menu_order":0,"comment_status":"closed","ping_status":"closed","template":"","meta":{"footnotes":""},"_links":{"self":[{"href":"https:\/\/www.pessinaacciai.com\/fr\/wp-json\/wp\/v2\/pages\/5747"}],"collection":[{"href":"https:\/\/www.pessinaacciai.com\/fr\/wp-json\/wp\/v2\/pages"}],"about":[{"href":"https:\/\/www.pessinaacciai.com\/fr\/wp-json\/wp\/v2\/types\/page"}],"author":[{"embeddable":true,"href":"https:\/\/www.pessinaacciai.com\/fr\/wp-json\/wp\/v2\/users\/1"}],"replies":[{"embeddable":true,"href":"https:\/\/www.pessinaacciai.com\/fr\/wp-json\/wp\/v2\/comments?post=5747"}],"version-history":[{"count":7,"href":"https:\/\/www.pessinaacciai.com\/fr\/wp-json\/wp\/v2\/pages\/5747\/revisions"}],"predecessor-version":[{"id":6974,"href":"https:\/\/www.pessinaacciai.com\/fr\/wp-json\/wp\/v2\/pages\/5747\/revisions\/6974"}],"up":[{"embeddable":true,"href":"https:\/\/www.pessinaacciai.com\/fr\/wp-json\/wp\/v2\/pages\/5737"}],"wp:attachment":[{"href":"https:\/\/www.pessinaacciai.com\/fr\/wp-json\/wp\/v2\/media?parent=5747"}],"curies":[{"name":"wp","href":"https:\/\/api.w.org\/{rel}","templated":true}]}}