{"id":5765,"date":"2013-04-07T16:28:54","date_gmt":"2013-04-07T16:28:54","guid":{"rendered":"http:\/\/www.pessinaacciai.com\/rubans-tempres\/molle-per-serrande\/"},"modified":"2019-05-29T15:00:32","modified_gmt":"2019-05-29T14:00:32","slug":"feuillaurds-trempes-pour-rideaux-metalliques","status":"publish","type":"page","link":"https:\/\/www.pessinaacciai.com\/fr\/feuillards-en-acier-trempe\/feuillaurds-trempes-pour-rideaux-metalliques\/","title":{"rendered":"Rideaux Metalliques"},"content":{"rendered":"<\/div><\/div><\/div><!-- close content main div --><\/div><\/div><div id='av_section_1' class='avia-section main_color avia-section-default avia-no-shadow avia-bg-style-scroll  container_wrap sidebar_right' style = 'background-repeat: no-repeat; background-image: url(https:\/\/www.pessinaacciai.com\/wp-content\/uploads\/2013\/04\/DSC_3566-1.jpg); background-attachment: scroll; background-position: top left; ' data-section-bg-repeat='no-repeat' ><div class='container' ><div class='template-page content  av-content-small alpha units'><div class='post-entry post-entry-type-page post-entry-5765'><div class='entry-content-wrapper clearfix'>\n<div style='padding-bottom:10px;color:#ffffff;' class='av-special-heading av-special-heading-h2 custom-color-heading blockquote modern-quote '><h2 class='av-special-heading-tag'  itemprop=\"headline\"  >Ressorts pour rideaux metalliques <\/h2><div class='special-heading-border'><div class='special-heading-inner-border' style='border-color:#ffffff'><\/div><\/div><\/div>\n<\/div><\/div><\/div><!-- close content main div --><\/div><\/div><div id='after_section_1' class='main_color av_default_container_wrap container_wrap sidebar_right'   ><div class='container' ><div class='template-page content  av-content-small alpha units'><div class='post-entry post-entry-type-page post-entry-5765'><div class='entry-content-wrapper clearfix'><div class=\"flex_column av_one_full  flex_column_div av-zero-column-padding first  \" style='border-radius:0px; '><section class=\"av_textblock_section\"  itemscope=\"itemscope\" itemtype=\"https:\/\/schema.org\/CreativeWork\" ><div class='avia_textblock '   itemprop=\"text\" ><div class=\"intestazione\">\n<h1>Feuillards Tremp\u00e9s pour Rideaux Metalliqu\u00e9s<\/h1>\n<h2>ressorts pour rideaux metalliques et ressorts pour volet roulant<\/h2>\n<h3>Les feuillards tremp\u00e9s pour rideaux metalliqu\u00e9s \u00ab Pessina \u00bb sont aujourd\u2019hui fabriqu\u00e9s \u00e0 l\u2019aide de la plus grande technologie et gr\u00e2ce \u00e0 la longue exp\u00e9rience de l\u2019entreprise dans ce secteur.<\/h3>\n<\/div>\n<h2><span style=\"font-size: 12pt;\">FEUILLARDS TREMP\u00c9S POUR RIDEAUX METALLIQUES<\/span><\/h2>\n<p style=\"text-align: justify;\">Les feuillards pour les rideaux m\u00e9talliques \u00ab\u00a0Pessina\u00a0\u00bb\u00a0sont aujourd&rsquo;hui fabriqu\u00e9s \u00e0 l&rsquo;aide de la plus grande technologie et gr\u00e2ce \u00e0 la longue exp\u00e9rience de l&rsquo;entreprise dans ce secteur. Cela constitue ce qu&rsquo;il y a de mieux sur le march\u00e9 concernant cette application.<\/p>\n<p style=\"text-align: justify;\">Les meilleures mati\u00e8res premi\u00e8res, un laminage de pr\u00e9cision, une coupe pr\u00e9cise, un \u00e9bavurage sur les bords et la constance du traitement thermique garantissent un produit avec des caract\u00e9ristiques g\u00e9om\u00e9triques et m\u00e9caniques uniformes\u00a0 pour un produit fiable dans le temps.\u00a0Chaque rouleau sortant de notre entreprise a \u00e9t\u00e9 contr\u00f4l\u00e9 : largeur, \u00e9paisseur, duret\u00e9, pliage, \u00e9lasticit\u00e9. Le standard \u00ab\u00a0Pessina\u00a0\u00bb pr\u00e9voit des rouleaux de 80-100 kg positionn\u00e9s sur des palettes en bois d&rsquo;environ kg.1000.<\/p>\n<p><strong>Nous pouvons effectuer des emballages et des formats de rouleaux sur demande.<br \/>\n<\/strong><\/p>\n<\/div><\/section><br \/>\n<div class='avia-gallery avia-gallery-1 avia_lazyload avia_animate_when_visible '  itemscope=\"itemscope\" itemtype=\"https:\/\/schema.org\/ImageObject\" ><a class='avia-gallery-big fakeLightbox lightbox avia-gallery-big-crop-thumb ' href='https:\/\/www.pessinaacciai.com\/wp-content\/uploads\/2013\/04\/IMG_0996-1030x773.jpg'  data-onclick='1' title='' ><span class='avia-gallery-big-inner'  itemprop=\"thumbnailUrl\" >\t<img width='1920' height='1440' src='https:\/\/www.pessinaacciai.com\/wp-content\/uploads\/2013\/04\/IMG_0996.jpg' title='IMG_0996' alt='' \/><\/span><\/a><div class='avia-gallery-thumb'> <a href='https:\/\/www.pessinaacciai.com\/wp-content\/uploads\/2013\/04\/IMG_0996-1030x773.jpg' data-rel='gallery-1' data-prev-img='https:\/\/www.pessinaacciai.com\/wp-content\/uploads\/2013\/04\/IMG_0996.jpg' class='first_thumb lightbox ' data-onclick='1' title=''  itemprop=\"thumbnailUrl\" ><img  src='https:\/\/www.pessinaacciai.com\/wp-content\/uploads\/2013\/04\/IMG_0996-495x400.jpg' width='495' height='400'  title='IMG_0996' alt='' \/><\/a> <a href='https:\/\/www.pessinaacciai.com\/wp-content\/uploads\/2013\/04\/rolling-shutters_Persiane-avvolgibili-773x1030.jpg' data-rel='gallery-1' data-prev-img='https:\/\/www.pessinaacciai.com\/wp-content\/uploads\/2013\/04\/rolling-shutters_Persiane-avvolgibili.jpg' class='lightbox ' data-onclick='2' title=''  itemprop=\"thumbnailUrl\" ><img  src='https:\/\/www.pessinaacciai.com\/wp-content\/uploads\/2013\/04\/rolling-shutters_Persiane-avvolgibili-495x400.jpg' width='495' height='400'  title='rolling-shutters_Persiane-avvolgibili' alt='' \/><\/a><\/div><\/div><\/p><\/div><div class=\"flex_column av_one_full  flex_column_div av-zero-column-padding first  \" style='border-radius:0px; '><p><div style='padding-bottom:10px;' class='av-special-heading av-special-heading-h3 meta-heading  '><h3 class='av-special-heading-tag'  itemprop=\"headline\"  >Qualit\u00e9 standard<\/h3><div class='special-heading-border'><div class='special-heading-inner-border' ><\/div><\/div><\/div><br \/>\n<section class=\"av_textblock_section\"  itemscope=\"itemscope\" itemtype=\"https:\/\/schema.org\/CreativeWork\" ><div class='avia_textblock '   itemprop=\"text\" ><p>Le tableau suivant indique les diff\u00e9rentes qualit\u00e9s d&rsquo;acier en stock dans notre magasin, mais d&rsquo;autres peuvent \u00eatre fournies sur demande.<\/p>\n<\/div><\/section><br \/>\n<div class='avia-image-container  av-styling-   avia-align-left '  itemscope=\"itemscope\" itemtype=\"https:\/\/schema.org\/ImageObject\"  ><div class='avia-image-container-inner'><a href='https:\/\/www.pessinaacciai.com\/wp-content\/uploads\/2013\/04\/nastriacciaiotempratiperserrande.png' class='avia_image'  ><img class='avia_image ' src='https:\/\/www.pessinaacciai.com\/wp-content\/uploads\/2013\/04\/nastriacciaiotempratiperserrande.png' alt='' title='nastriacciaiotempratiperserrande'  itemprop=\"thumbnailUrl\"  \/><\/a><\/div><\/div><\/p><\/div><\/p>\n<div class=\"flex_column av_one_full  flex_column_div av-zero-column-padding first  \" style='border-radius:0px; '><section class=\"av_textblock_section\"  itemscope=\"itemscope\" itemtype=\"https:\/\/schema.org\/CreativeWork\" ><div class='avia_textblock '   itemprop=\"text\" ><p><span style=\"font-size: 12pt;\"><strong>UTILISEZ CE RESSORT SOIGNEUSEMENT, COMME NOUS L&rsquo;AVONS FAIT POUR LE FABRIQUER !!!<\/strong><\/span><\/p>\n<p style=\"text-align: justify;\">Nous produisons depuis plus de soixante ans des feuillards tremp\u00e9s en acier fin au Carbone.<br \/>\nLes feuillards tremp\u00e9s Pessina sont obtenus en utilisant des mati\u00e8res premi\u00e8res provenant des meilleures aci\u00e9ries europ\u00e9ennes, que nous avons lamin\u00e9 \u00e0 froid pour assurer une bonne tol\u00e9rance au niveau de l&rsquo;\u00e9paisseur, tous avec des bordures et travaill\u00e9 au moyen des technologies parmi les plus modernes et un contr\u00f4le continu. Tous les\u00a0 rouleaux sont test\u00e9s en effectuant un essai de pliage, d&rsquo;\u00e9lasticit\u00e9 et de duret\u00e9 en suivant des param\u00e8tres ayant \u00e9t\u00e9 mis au point dans le temps.<br \/>\nTout ceci nous permet d&rsquo;offrir un produit parfaitement adapt\u00e9 pour la fabrication de ressorts de levage de rideaux de protection capable de garantir une r\u00e9p\u00e9titivit\u00e9 de prestation sur chaque dimension, mais aussi de garantir une constance au niveau de la capacit\u00e9 de levage durant la longue p\u00e9riode de dur\u00e9e de vie du ressort tremp\u00e9 : en effet, si celui-ci poss\u00e8de une dimension correcte et qu&rsquo;il est bien mont\u00e9, il n&rsquo;y a aucun risque de rupture lors du montage et la dur\u00e9e de vie de ces ressorts d\u00e9passe largement celle des autres composants des rideaux.<br \/>\nLe ressort en acier tremp\u00e9 ne se casse pas \u00e0 l&rsquo;usure.<br \/>\nNotre \u00e9quipe reste \u00e0 votre disposition pour approfondir les aspects techniques et pour expliquer tout type de doute \u00a0\u00e0 la dimension et au montage.<\/p>\n<p style=\"text-align: justify;\">Vous trouverez ci-dessous les mesures normalement produites et les capacit\u00e9s de charge relatives. Les mesures standard sont toujours disponibles en stock.<\/p>\n<\/div><\/section><\/div>\n<div class=\"flex_column av_one_full  flex_column_div av-zero-column-padding first  \" style='border-radius:0px; '><section class=\"av_textblock_section\"  itemscope=\"itemscope\" itemtype=\"https:\/\/schema.org\/CreativeWork\" ><div class='avia_textblock '   itemprop=\"text\" ><table border=\"0\" cellspacing=\"0\" cellpadding=\"0\">\n<tbody>\n<tr>\n<td class=\"xl37\" rowspan=\"2\" width=\"80\" height=\"52\">Misura<\/td>\n<td class=\"xl27\" colspan=\"3\" width=\"192\">Tiro in Kg con scatola\u00a0\u00f8<\/td>\n<td class=\"xl37\" rowspan=\"2\" width=\"80\">Misura<\/td>\n<td class=\"xl27\" colspan=\"3\" width=\"192\">Tiro in Kg con scatola\u00a0\u00f8<\/td>\n<td class=\"xl37\" rowspan=\"2\" width=\"64\">Misura<\/td>\n<td class=\"xl27\" colspan=\"3\" width=\"192\">Tiro in kg con scatola\u00a0\u00f8<\/td>\n<\/tr>\n<tr>\n<td>200<\/td>\n<td>220<\/td>\n<td>240<\/td>\n<td>200<\/td>\n<td>220<\/td>\n<td>240<\/td>\n<td>200<\/td>\n<td>220<\/td>\n<td>240<\/td>\n<\/tr>\n<tr>\n<td class=\"xl39\" width=\"80\" height=\"22\">40 x 1,0<\/td>\n<td class=\"xl24\" width=\"64\">14<\/td>\n<td class=\"xl25\" width=\"64\">12,5<\/td>\n<td class=\"xl31\" width=\"64\"><\/td>\n<td class=\"xl39\" width=\"80\">50 x 1,0<\/td>\n<td class=\"xl24\" width=\"64\">18<\/td>\n<td class=\"xl25\" width=\"64\">16<\/td>\n<td class=\"xl26\" width=\"64\">14<\/td>\n<td class=\"xl39\" width=\"64\">60 x 1,0<\/td>\n<td class=\"xl24\" width=\"64\">23<\/td>\n<td class=\"xl25\" width=\"64\">21<\/td>\n<td class=\"xl31\" width=\"64\">18<\/td>\n<\/tr>\n<tr>\n<td class=\"xl39\" width=\"80\" height=\"22\">40 x 1,1<\/td>\n<td class=\"xl24\" width=\"64\">15<\/td>\n<td class=\"xl25\" width=\"64\">14<\/td>\n<td class=\"xl31\" width=\"64\"><\/td>\n<td class=\"xl39\" width=\"80\">50 x 1,1<\/td>\n<td class=\"xl24\" width=\"64\">20<\/td>\n<td class=\"xl25\" width=\"64\">18<\/td>\n<td class=\"xl26\" width=\"64\">16<\/td>\n<td class=\"xl39\" width=\"64\">60 x 1,1<\/td>\n<td class=\"xl24\" width=\"64\">26<\/td>\n<td class=\"xl25\" width=\"64\">24<\/td>\n<td class=\"xl31\" width=\"64\">21<\/td>\n<\/tr>\n<tr>\n<td class=\"xl39\" width=\"80\" height=\"22\">40 x 1,2<\/td>\n<td class=\"xl24\" width=\"64\">16<\/td>\n<td class=\"xl25\" width=\"64\">14,5<\/td>\n<td class=\"xl31\" width=\"64\"><\/td>\n<td class=\"xl39\" width=\"80\">50 x 1,2<\/td>\n<td class=\"xl24\" width=\"64\">23<\/td>\n<td class=\"xl25\" width=\"64\">21<\/td>\n<td class=\"xl26\" width=\"64\">18<\/td>\n<td class=\"xl39\" width=\"64\">60 x 1,2<\/td>\n<td class=\"xl24\" width=\"64\">30<\/td>\n<td class=\"xl25\" width=\"64\">27,5<\/td>\n<td class=\"xl31\" width=\"64\">24<\/td>\n<\/tr>\n<tr>\n<td class=\"xl39\" width=\"80\" height=\"22\">40 x 1,3<\/td>\n<td class=\"xl24\" width=\"64\">17<\/td>\n<td class=\"xl25\" width=\"64\">15,5<\/td>\n<td class=\"xl31\" width=\"64\"><\/td>\n<td class=\"xl39\" width=\"80\">50 x 1,3<\/td>\n<td class=\"xl24\" width=\"64\">26<\/td>\n<td class=\"xl25\" width=\"64\">24<\/td>\n<td class=\"xl26\" width=\"64\">22<\/td>\n<td class=\"xl39\" width=\"64\">60 x 1,3<\/td>\n<td class=\"xl24\" width=\"64\">35<\/td>\n<td class=\"xl25\" width=\"64\">32<\/td>\n<td class=\"xl31\" width=\"64\">28<\/td>\n<\/tr>\n<tr>\n<td class=\"xl39\" width=\"80\" height=\"22\">40 x 1,4<\/td>\n<td class=\"xl24\" width=\"64\">20<\/td>\n<td class=\"xl25\" width=\"64\">18<\/td>\n<td class=\"xl31\" width=\"64\"><\/td>\n<td class=\"xl39\" width=\"80\">50 x 1,4<\/td>\n<td class=\"xl24\" width=\"64\">29<\/td>\n<td class=\"xl25\" width=\"64\">26,5<\/td>\n<td class=\"xl26\" width=\"64\">23,5<\/td>\n<td class=\"xl39\" width=\"64\">60 x 1,4<\/td>\n<td class=\"xl24\" width=\"64\">39<\/td>\n<td class=\"xl25\" width=\"64\">35<\/td>\n<td class=\"xl31\" width=\"64\">31<\/td>\n<\/tr>\n<tr>\n<td class=\"xl39\" width=\"80\" height=\"22\">45 x 1,0<\/td>\n<td class=\"xl24\" width=\"64\">16<\/td>\n<td class=\"xl25\" width=\"64\">14,5<\/td>\n<td class=\"xl31\" width=\"64\"><\/td>\n<td class=\"xl39\" width=\"80\">55 x 1,0<\/td>\n<td class=\"xl24\" width=\"64\">20<\/td>\n<td class=\"xl25\" width=\"64\">18<\/td>\n<td class=\"xl26\" width=\"64\">16<\/td>\n<td class=\"xl39\" width=\"64\">70 x 1,3<\/td>\n<td class=\"xl24\" width=\"64\">44<\/td>\n<td class=\"xl25\" width=\"64\">41<\/td>\n<td class=\"xl31\" width=\"64\">37<\/td>\n<\/tr>\n<tr>\n<td class=\"xl39\" width=\"80\" height=\"22\">45 x 1,1<\/td>\n<td class=\"xl24\" width=\"64\">17<\/td>\n<td class=\"xl25\" width=\"64\">15,5<\/td>\n<td class=\"xl31\" width=\"64\"><\/td>\n<td class=\"xl39\" width=\"80\">55 x 1,1<\/td>\n<td class=\"xl24\" width=\"64\">23<\/td>\n<td class=\"xl25\" width=\"64\">21<\/td>\n<td class=\"xl26\" width=\"64\">18<\/td>\n<td class=\"xl39\" width=\"64\">70 x 1,4<\/td>\n<td class=\"xl24\" width=\"64\">50<\/td>\n<td class=\"xl25\" width=\"64\">46<\/td>\n<td class=\"xl31\" width=\"64\">42<\/td>\n<\/tr>\n<tr>\n<td class=\"xl39\" width=\"80\" height=\"22\">45 x 1,2<\/td>\n<td class=\"xl24\" width=\"64\">19<\/td>\n<td class=\"xl25\" width=\"64\">17,5<\/td>\n<td class=\"xl31\" width=\"64\"><\/td>\n<td class=\"xl39\" width=\"80\">55 x 1,2<\/td>\n<td class=\"xl24\" width=\"64\">27<\/td>\n<td class=\"xl25\" width=\"64\">24,5<\/td>\n<td class=\"xl26\" width=\"64\">22,5<\/td>\n<td class=\"xl39\" width=\"64\">80 x 1,2<\/td>\n<td class=\"xl24\" width=\"64\">44<\/td>\n<td class=\"xl25\" width=\"64\">40,5<\/td>\n<td class=\"xl31\" width=\"64\">37<\/td>\n<\/tr>\n<tr>\n<td class=\"xl39\" width=\"80\" height=\"22\">45 x 1,3<\/td>\n<td class=\"xl24\" width=\"64\">22<\/td>\n<td class=\"xl25\" width=\"64\">20<\/td>\n<td class=\"xl31\" width=\"64\"><\/td>\n<td class=\"xl39\" width=\"80\">55 x 1,3<\/td>\n<td class=\"xl24\" width=\"64\">30<\/td>\n<td class=\"xl25\" width=\"64\">27,5<\/td>\n<td class=\"xl26\" width=\"64\">24<\/td>\n<td class=\"xl39\" width=\"64\">80 x 1,3<\/td>\n<td class=\"xl24\" width=\"64\">53<\/td>\n<td class=\"xl25\" width=\"64\">48,5<\/td>\n<td class=\"xl31\" width=\"64\">44<\/td>\n<\/tr>\n<tr>\n<td class=\"xl40\" width=\"80\" height=\"22\">45 x 1,4<\/td>\n<td class=\"xl29\" width=\"64\">25<\/td>\n<td class=\"xl33\" width=\"64\">23<\/td>\n<td class=\"xl32\" width=\"64\"><\/td>\n<td class=\"xl40\" width=\"80\">55 x 1.4<\/td>\n<td class=\"xl29\" width=\"64\">35<\/td>\n<td class=\"xl33\" width=\"64\">32<\/td>\n<td class=\"xl30\" width=\"64\">28<\/td>\n<td class=\"xl40\" width=\"64\">80 x 1,4<\/td>\n<td class=\"xl29\" width=\"64\">63<\/td>\n<td class=\"xl33\" width=\"64\">58<\/td>\n<td class=\"xl32\" width=\"64\">53<\/td>\n<\/tr>\n<\/tbody>\n<\/table>\n<\/div><\/section><br \/>\n<section class=\"av_textblock_section\"  itemscope=\"itemscope\" itemtype=\"https:\/\/schema.org\/CreativeWork\" ><div class='avia_textblock '   itemprop=\"text\" ><p style=\"text-align: justify;\">Les clients de Luigi Pessina sont suivis par nos techniciens pour choisir les mesures les plus appropri\u00e9es et pour r\u00e9pondre \u00e0 toutes les exigences.<br \/>\nSi vous souhaitez recevoir plus d&rsquo;informations sur les produits que nous traitons, veuillez nous indiquer votre adresse et la r\u00e9f\u00e9rence de la personne \u00e0 qui les documents doivent \u00eatre envoy\u00e9s.<\/p>\n<\/div><\/section><\/p><\/div>\n","protected":false},"excerpt":{"rendered":"","protected":false},"author":1,"featured_media":0,"parent":5737,"menu_order":0,"comment_status":"closed","ping_status":"closed","template":"","meta":{"footnotes":""},"_links":{"self":[{"href":"https:\/\/www.pessinaacciai.com\/fr\/wp-json\/wp\/v2\/pages\/5765"}],"collection":[{"href":"https:\/\/www.pessinaacciai.com\/fr\/wp-json\/wp\/v2\/pages"}],"about":[{"href":"https:\/\/www.pessinaacciai.com\/fr\/wp-json\/wp\/v2\/types\/page"}],"author":[{"embeddable":true,"href":"https:\/\/www.pessinaacciai.com\/fr\/wp-json\/wp\/v2\/users\/1"}],"replies":[{"embeddable":true,"href":"https:\/\/www.pessinaacciai.com\/fr\/wp-json\/wp\/v2\/comments?post=5765"}],"version-history":[{"count":14,"href":"https:\/\/www.pessinaacciai.com\/fr\/wp-json\/wp\/v2\/pages\/5765\/revisions"}],"predecessor-version":[{"id":6976,"href":"https:\/\/www.pessinaacciai.com\/fr\/wp-json\/wp\/v2\/pages\/5765\/revisions\/6976"}],"up":[{"embeddable":true,"href":"https:\/\/www.pessinaacciai.com\/fr\/wp-json\/wp\/v2\/pages\/5737"}],"wp:attachment":[{"href":"https:\/\/www.pessinaacciai.com\/fr\/wp-json\/wp\/v2\/media?parent=5765"}],"curies":[{"name":"wp","href":"https:\/\/api.w.org\/{rel}","templated":true}]}}