{"id":5813,"date":"2017-07-12T12:11:37","date_gmt":"2017-07-12T11:11:37","guid":{"rendered":"http:\/\/www.pessinaacciai.com\/nastri-di-acciaio\/"},"modified":"2019-05-29T15:02:22","modified_gmt":"2019-05-29T14:02:22","slug":"feuillards-aciers-lamines-a-froid","status":"publish","type":"page","link":"https:\/\/www.pessinaacciai.com\/fr\/feuillards-aciers-lamines-a-froid\/","title":{"rendered":"Feuillard en acier"},"content":{"rendered":"<\/div><\/div><\/div><!-- close content main div --><\/div><\/div><div id='av_section_1' class='avia-section main_color avia-section-default avia-no-shadow avia-bg-style-scroll  container_wrap sidebar_right' style = 'background-repeat: no-repeat; background-image: url(https:\/\/www.pessinaacciai.com\/wp-content\/uploads\/2013\/04\/DSC_3566-1.jpg); background-attachment: scroll; background-position: top left; ' data-section-bg-repeat='no-repeat' ><div class='container' ><div class='template-page content  av-content-small alpha units'><div class='post-entry post-entry-type-page post-entry-5813'><div class='entry-content-wrapper clearfix'>\n<div style='padding-bottom:10px;color:#ffffff;' class='av-special-heading av-special-heading-h2 custom-color-heading blockquote modern-quote '><h2 class='av-special-heading-tag'  itemprop=\"headline\"  >Feuillard en acier <\/h2><div class='special-heading-border'><div class='special-heading-inner-border' style='border-color:#ffffff'><\/div><\/div><\/div>\n<\/div><\/div><\/div><!-- close content main div --><\/div><\/div><div id='after_section_1' class='main_color av_default_container_wrap container_wrap sidebar_right'   ><div class='container' ><div class='template-page content  av-content-small alpha units'><div class='post-entry post-entry-type-page post-entry-5813'><div class='entry-content-wrapper clearfix'><div class=\"flex_column av_one_full  av-animated-generic left-to-right  flex_column_div av-zero-column-padding first  \" style='border-radius:0px; '><section class=\"av_textblock_section\"  itemscope=\"itemscope\" itemtype=\"https:\/\/schema.org\/CreativeWork\" ><div class='avia_textblock '   itemprop=\"text\" ><div class=\"intestazione\">\n<h1>Feuillards aciers lamin\u00e9s \u00e0 froid<\/h1>\n<h2>Les meilleurs feuillards aciers lamin\u00e9s \u00e0 froid<\/h2>\n<h3>Feuillards aciers lamin\u00e9s \u00e0 froid: les mati\u00e8res premi\u00e8res provenant des meilleures aci\u00e9ries europ\u00e9ennes sont transform\u00e9es en feuillard de pr\u00e9cision lamin\u00e9s \u00e0 froid.<\/h3>\n<\/div>\n<h2><span style=\"font-size: 12pt;\">LAMINAGE \u00c0 FROID, \u00c0 CHAUD, RECUITS<\/span><\/h2>\n<p style=\"text-align: justify;\">Les mati\u00e8res premi\u00e8res provenant des meilleures aci\u00e9ries europ\u00e9ennes sont transform\u00e9es en feuillard de pr\u00e9cision lamin\u00e9s \u00e0 froid.<br \/>\nTous les proc\u00e9d\u00e9s sont effectu\u00e9s par notre entreprise et le client peut choisir des \u00e9paisseurs et des tol\u00e9rances satisfaisant leurs n\u00e9cessit\u00e9s. Tol\u00e9rance en plus ou moins : c&rsquo;est \u00e0 vous de choisir ! Tous les proc\u00e9d\u00e9s sont effectu\u00e9s au moyen de machines fiables et modernes: cela garantit les meilleurs r\u00e9sultats en termes de constance de l&rsquo;\u00e9paisseur, de la plan\u00e9it\u00e9 et de fiabilit\u00e9 des caract\u00e9ristiques m\u00e9caniques.<\/p>\n<p>Les traitements sont g\u00e9r\u00e9s par des logiciels attest\u00e9s permettant une bonne respectabilit\u00e9 des param\u00e8tres pour des lots homog\u00e8nes au cours du temps et pour l&rsquo;archive des param\u00e8tres pour une tra\u00e7abilit\u00e9 fiable dans le temps.<\/p>\n<\/div><\/section><\/div><div style='padding-bottom:10px;' class='av-special-heading av-special-heading-h3 meta-heading   '><h3 class='av-special-heading-tag'  itemprop=\"headline\"  >Applications Principales <\/h3><div class='special-heading-border'><div class='special-heading-inner-border' ><\/div><\/div><\/div><\/p>\n<section class=\"av_textblock_section\"  itemscope=\"itemscope\" itemtype=\"https:\/\/schema.org\/CreativeWork\" ><div class='avia_textblock '   itemprop=\"text\" ><p style=\"text-align: justify;\">Pi\u00e8ces d\u00e9coup\u00e9es destin\u00e9es \u00e0 subir un traitement thermique ou thermochimique : cha\u00eenes, roulements, disques d&#8217;embrayage, charni\u00e8res, rondelles \u00e9lastiques, rondelles sph\u00e9riques et d&rsquo;autres pi\u00e8ces obtenues pour la d\u00e9coupe traditionnelle et fine.<\/p>\n<\/div><\/section>\n<div style='padding-bottom:10px;' class='av-special-heading av-special-heading-h3 meta-heading   '><h3 class='av-special-heading-tag'  itemprop=\"headline\"  >Dimensions<\/h3><div class='special-heading-border'><div class='special-heading-inner-border' ><\/div><\/div><\/div>\n<section class=\"av_textblock_section\"  itemscope=\"itemscope\" itemtype=\"https:\/\/schema.org\/CreativeWork\" ><div class='avia_textblock '   itemprop=\"text\" ><p>Le tableau ci-apr\u00e8s indique la gamme des dimensions que nous pouvons fournir avec les diff\u00e9rentes finitions.<\/p>\n<\/div><\/section>\n<div style='height:30px' class='hr hr-invisible '><span class='hr-inner ' ><span class='hr-inner-style'><\/span><\/span><\/div>\n<div class='avia-image-container  av-styling-   avia-align-left '  itemscope=\"itemscope\" itemtype=\"https:\/\/schema.org\/ImageObject\"  ><div class='avia-image-container-inner'><a href='https:\/\/www.pessinaacciai.com\/wp-content\/uploads\/2017\/07\/nastriacciaiodimensioni.jpg' class='avia_image'  ><img class='avia_image ' src='https:\/\/www.pessinaacciai.com\/wp-content\/uploads\/2017\/07\/nastriacciaiodimensioni.jpg' alt='' title='nastriacciaiodimensioni'  itemprop=\"thumbnailUrl\"  \/><\/a><\/div><\/div>\n<div style='height:30px' class='hr hr-invisible '><span class='hr-inner ' ><span class='hr-inner-style'><\/span><\/span><\/div>\n<div style='padding-bottom:10px;' class='av-special-heading av-special-heading-h3 meta-heading   '><h3 class='av-special-heading-tag'  itemprop=\"headline\"  > Situation de la fourniture<\/h3><div class='special-heading-border'><div class='special-heading-inner-border' ><\/div><\/div><\/div>\n<section class=\"av_textblock_section\"  itemscope=\"itemscope\" itemtype=\"https:\/\/schema.org\/CreativeWork\" ><div class='avia_textblock '   itemprop=\"text\" ><p>Lamin\u00e9 \u00e0 chaud, lamin\u00e9 \u00e0 froid (+CR), recuits (+A, +LC), recuits globulaires (+AC).<\/p>\n<\/div><\/section>\n<div style='padding-bottom:10px;' class='av-special-heading av-special-heading-h3 meta-heading   '><h3 class='av-special-heading-tag'  itemprop=\"headline\"  >Dimension des rouleaux<\/h3><div class='special-heading-border'><div class='special-heading-inner-border' ><\/div><\/div><\/div>\n<section class=\"av_textblock_section\"  itemscope=\"itemscope\" itemtype=\"https:\/\/schema.org\/CreativeWork\" ><div class='avia_textblock '   itemprop=\"text\" ><p style=\"text-align: justify;\">Nous pouvons fournir des rouleaux avec des diam\u00e8tres int\u00e9rieurs allant de 300 \u00e0 500 mm et un diam\u00e8tre externe maximum de 1400 mm.<br \/>\nLe poids maximum du rouleau est de 4,5 tonnes.<\/p>\n<\/div><\/section>\n","protected":false},"excerpt":{"rendered":"","protected":false},"author":1,"featured_media":0,"parent":0,"menu_order":0,"comment_status":"closed","ping_status":"closed","template":"","meta":{"footnotes":""},"_links":{"self":[{"href":"https:\/\/www.pessinaacciai.com\/fr\/wp-json\/wp\/v2\/pages\/5813"}],"collection":[{"href":"https:\/\/www.pessinaacciai.com\/fr\/wp-json\/wp\/v2\/pages"}],"about":[{"href":"https:\/\/www.pessinaacciai.com\/fr\/wp-json\/wp\/v2\/types\/page"}],"author":[{"embeddable":true,"href":"https:\/\/www.pessinaacciai.com\/fr\/wp-json\/wp\/v2\/users\/1"}],"replies":[{"embeddable":true,"href":"https:\/\/www.pessinaacciai.com\/fr\/wp-json\/wp\/v2\/comments?post=5813"}],"version-history":[{"count":5,"href":"https:\/\/www.pessinaacciai.com\/fr\/wp-json\/wp\/v2\/pages\/5813\/revisions"}],"predecessor-version":[{"id":6978,"href":"https:\/\/www.pessinaacciai.com\/fr\/wp-json\/wp\/v2\/pages\/5813\/revisions\/6978"}],"wp:attachment":[{"href":"https:\/\/www.pessinaacciai.com\/fr\/wp-json\/wp\/v2\/media?parent=5813"}],"curies":[{"name":"wp","href":"https:\/\/api.w.org\/{rel}","templated":true}]}}