{"id":5822,"date":"2017-07-12T13:52:06","date_gmt":"2017-07-12T12:52:06","guid":{"rendered":"http:\/\/www.pessinaacciai.com\/rubans-en-acier\/nastri-ad-alto-carbonio\/"},"modified":"2019-05-29T15:54:08","modified_gmt":"2019-05-29T14:54:08","slug":"feuillards-aciers-haute-teneur-carbone","status":"publish","type":"page","link":"https:\/\/www.pessinaacciai.com\/fr\/feuillards-aciers-lamines-a-froid\/feuillards-aciers-haute-teneur-carbone\/","title":{"rendered":"Feuillards \u00e0 Haute Teneur en Carbone"},"content":{"rendered":"<\/div><\/div><\/div><!-- close content main div --><\/div><\/div><div id='av_section_1' class='avia-section main_color avia-section-default avia-no-shadow avia-bg-style-scroll  container_wrap sidebar_right' style = 'background-repeat: no-repeat; background-image: url(https:\/\/www.pessinaacciai.com\/wp-content\/uploads\/2013\/04\/DSC_3566-1.jpg); background-attachment: scroll; background-position: top left; ' data-section-bg-repeat='no-repeat' ><div class='container' ><div class='template-page content  av-content-small alpha units'><div class='post-entry post-entry-type-page post-entry-5822'><div class='entry-content-wrapper clearfix'>\n<div style='padding-bottom:10px;color:#ffffff;' class='av-special-heading av-special-heading-h2 custom-color-heading blockquote modern-quote '><h2 class='av-special-heading-tag'  itemprop=\"headline\"  >Feuillards \u00e0 Haute Teneur en Carbone<\/h2><div class='special-heading-border'><div class='special-heading-inner-border' style='border-color:#ffffff'><\/div><\/div><\/div>\n<\/div><\/div><\/div><!-- close content main div --><\/div><\/div><div id='after_section_1' class='main_color av_default_container_wrap container_wrap sidebar_right'   ><div class='container' ><div class='template-page content  av-content-small alpha units'><div class='post-entry post-entry-type-page post-entry-5822'><div class='entry-content-wrapper clearfix'>\n<div class=\"flex_column av_one_full  av-animated-generic left-to-right  flex_column_div av-zero-column-padding first  \" style='border-radius:0px; '><section class=\"av_textblock_section\"  itemscope=\"itemscope\" itemtype=\"https:\/\/schema.org\/CreativeWork\" ><div class='avia_textblock '   itemprop=\"text\" ><div class=\"intestazione\">\n<h1>Feuillards aciers haute teneur de carbone<\/h1>\n<h2>Les meilleurs feuillards aciers haute teneur de carbone<\/h2>\n<h3>Feuillards aciers haute teneur de carbone: feuillards lamin\u00e9s \u00e0 froid pour une fabrication avec traitement thermique. Les feuillards lamin\u00e9s \u00e0 froid au carbone sont destin\u00e9s \u00e0 la production de pi\u00e8ces m\u00e9caniques devant subir un traitement thermique apr\u00e8s le d\u00e9coupage ou la mise en forme.<\/h3>\n<\/div>\n<h2><span style=\"font-size: 12pt;\">FEUILLARDS LAMIN\u00c9S \u00c0 FROID POUR UNE FABRICATION AVEC TRAITEMENT THERMIQUE<\/span><\/h2>\n<p style=\"text-align: justify;\">Les feuillards lamin\u00e9s \u00e0 froid au carbone sont destin\u00e9s \u00e0 la production de pi\u00e8ces m\u00e9caniques devant subir un traitement thermique apr\u00e8s le d\u00e9coupage ou la mise en forme. En fonction de la complexit\u00e9 g\u00e9om\u00e9trique de la pi\u00e8ce et des conditions d&rsquo;exercice, le Client est orient\u00e9 vers le produit lamin\u00e9 \u00e0 froid le plus appropri\u00e9.<\/p>\n<p style=\"text-align: justify;\">Pour les applications les plus difficiles, nous vous sugg\u00e9rons de vous r\u00e9f\u00e9rer \u00e0 la section des feuillards en acier alli\u00e9.<\/p>\n<\/div><\/section><br \/>\n<div style='height:30px' class='hr hr-invisible '><span class='hr-inner ' ><span class='hr-inner-style'><\/span><\/span><\/div><br \/>\n<div  data-size='no scaling'  data-lightbox_size='large'  data-animation='slide'  data-ids='3724,3723'  data-video_counter='0'  data-autoplay='true'  data-bg_slider='false'  data-slide_height=''  data-handle='av_slideshow'  data-interval='5'  data-class=''  data-css_id=''  data-scroll_down=''  data-control_layout='av-control-default'  data-custom_markup=''  data-perma_caption=''  data-autoplay_stopper=''  data-image_attachment=''  data-min_height='0px'  class='avia-slideshow avia-slideshow-1  av-control-default av-default-height-applied avia-slideshow-no scaling av_slideshow  avia-slide-slider '  itemscope=\"itemscope\" itemtype=\"https:\/\/schema.org\/ImageObject\" ><ul class='avia-slideshow-inner' style='padding-bottom: 75%;'><li  class=' slide-1 ' ><div data-rel='slideshow-1' class='avia-slide-wrap'  ><img src='https:\/\/www.pessinaacciai.com\/wp-content\/uploads\/2017\/07\/high-carbon-steel-strips-2_Strisce-di-acciaio-al-carbonio-ad-alta-altezza.jpg' width='1920' height='1440' title='high-carbon-steel-strips-2_Strisce-di-acciaio-al-carbonio-ad-alta-altezza' alt=''  itemprop=\"thumbnailUrl\"   \/><\/div><\/li><li  class=' slide-2 ' ><div data-rel='slideshow-1' class='avia-slide-wrap'  ><img src='https:\/\/www.pessinaacciai.com\/wp-content\/uploads\/2017\/07\/high-carbon-steel-strips-1_Strisce-di-acciaio-al-carbonio-ad-alta-altezza.jpg' width='1920' height='1440' title='high-carbon-steel-strips-1_Strisce-di-acciaio-al-carbonio-ad-alta-altezza' alt=''  itemprop=\"thumbnailUrl\"   \/><\/div><\/li><\/ul><div class='avia-slideshow-arrows avia-slideshow-controls'><a href='#prev' class='prev-slide' aria-hidden='true' data-av_icon='\ue87c' data-av_iconfont='entypo-fontello'>Pr\u00e9c\u00e9dent<\/a><a href='#next' class='next-slide' aria-hidden='true' data-av_icon='\ue87d' data-av_iconfont='entypo-fontello'>Suivant<\/a><\/div><div class='avia-slideshow-dots avia-slideshow-controls'><a href='#1' class='goto-slide active' >1<\/a><a href='#2' class='goto-slide ' >2<\/a><\/div><\/div><br \/>\n<div style='height:30px' class='hr hr-invisible '><span class='hr-inner ' ><span class='hr-inner-style'><\/span><\/span><\/div><\/p><\/div><div class=\"flex_column av_one_full  flex_column_div av-zero-column-padding first  \" style='border-radius:0px; '><p><div style='padding-bottom:10px;' class='av-special-heading av-special-heading-h3 meta-heading  '><h3 class='av-special-heading-tag'  itemprop=\"headline\"  >Qualit\u00e9 standard<\/h3><div class='special-heading-border'><div class='special-heading-inner-border' ><\/div><\/div><\/div><br \/>\n<section class=\"av_textblock_section\"  itemscope=\"itemscope\" itemtype=\"https:\/\/schema.org\/CreativeWork\" ><div class='avia_textblock '   itemprop=\"text\" ><p>Le tableau suivant indique les diff\u00e9rentes qualit\u00e9s d&rsquo;acier en stock dans notre magasin, mais d&rsquo;autres peuvent \u00eatre fournies sur demande.<\/p>\n<\/div><\/section><\/p><\/div><\/p>\n<div class=\"flex_column av_one_full  flex_column_div av-zero-column-padding first  \" style='border-radius:0px; '><p><div style='padding-bottom:10px;' class='av-special-heading av-special-heading-h3 meta-heading  '><h3 class='av-special-heading-tag'  itemprop=\"headline\"  >\u00c9tat de la fourniture<\/h3><div class='special-heading-border'><div class='special-heading-inner-border' ><\/div><\/div><\/div><br \/>\n<section class=\"av_textblock_section\"  itemscope=\"itemscope\" itemtype=\"https:\/\/schema.org\/CreativeWork\" ><div class='avia_textblock '   itemprop=\"text\" ><p style=\"text-align: justify;\">Feuillards lamin\u00e9s \u00e0 chaud, lamin\u00e9s \u00e0 froid (+CR), recuits (+A, +LC), recuits globulaires (+AC).<\/p>\n<p style=\"text-align: justify;\">Les caract\u00e9ristiques m\u00e9caniques standards pour les rubans \u00e0 haute teneur en carbone figurent ci-dessous. D&rsquo;autres valeurs peuvent \u00eatre fournies, apr\u00e8s accord avec nos techniciens qui sont \u00e0 la disposition de notre client\u00e8le pour garantir les meilleurs r\u00e9sultats pour leurs applications.<\/p>\n<\/div><\/section><br \/>\n<div class='avia-image-container  av-styling-   avia-align-left '  itemscope=\"itemscope\" itemtype=\"https:\/\/schema.org\/ImageObject\"  ><div class='avia-image-container-inner'><a href='https:\/\/www.pessinaacciai.com\/wp-content\/uploads\/2017\/07\/nastriacciaiomedioaltotenore.png' class='avia_image'  ><img class='avia_image ' src='https:\/\/www.pessinaacciai.com\/wp-content\/uploads\/2017\/07\/nastriacciaiomedioaltotenore.png' alt='' title='nastriacciaiomedioaltotenore'  itemprop=\"thumbnailUrl\"  \/><\/a><\/div><\/div><\/p><\/div>\n","protected":false},"excerpt":{"rendered":"","protected":false},"author":1,"featured_media":0,"parent":5813,"menu_order":0,"comment_status":"closed","ping_status":"closed","template":"","meta":{"footnotes":""},"_links":{"self":[{"href":"https:\/\/www.pessinaacciai.com\/fr\/wp-json\/wp\/v2\/pages\/5822"}],"collection":[{"href":"https:\/\/www.pessinaacciai.com\/fr\/wp-json\/wp\/v2\/pages"}],"about":[{"href":"https:\/\/www.pessinaacciai.com\/fr\/wp-json\/wp\/v2\/types\/page"}],"author":[{"embeddable":true,"href":"https:\/\/www.pessinaacciai.com\/fr\/wp-json\/wp\/v2\/users\/1"}],"replies":[{"embeddable":true,"href":"https:\/\/www.pessinaacciai.com\/fr\/wp-json\/wp\/v2\/comments?post=5822"}],"version-history":[{"count":7,"href":"https:\/\/www.pessinaacciai.com\/fr\/wp-json\/wp\/v2\/pages\/5822\/revisions"}],"predecessor-version":[{"id":6991,"href":"https:\/\/www.pessinaacciai.com\/fr\/wp-json\/wp\/v2\/pages\/5822\/revisions\/6991"}],"up":[{"embeddable":true,"href":"https:\/\/www.pessinaacciai.com\/fr\/wp-json\/wp\/v2\/pages\/5813"}],"wp:attachment":[{"href":"https:\/\/www.pessinaacciai.com\/fr\/wp-json\/wp\/v2\/media?parent=5822"}],"curies":[{"name":"wp","href":"https:\/\/api.w.org\/{rel}","templated":true}]}}