{"id":5832,"date":"2017-07-12T14:11:30","date_gmt":"2017-07-12T13:11:30","guid":{"rendered":"http:\/\/www.pessinaacciai.com\/rubans-en-acier\/nastri-basso-tenore\/"},"modified":"2019-05-29T15:15:36","modified_gmt":"2019-05-29T14:15:36","slug":"feuillards-aciers-basse-teneur-carbone","status":"publish","type":"page","link":"https:\/\/www.pessinaacciai.com\/fr\/feuillards-aciers-lamines-a-froid\/feuillards-aciers-basse-teneur-carbone\/","title":{"rendered":"Feuillards en acier \u00e0 basse teneur en carbone"},"content":{"rendered":"<\/div><\/div><\/div><!-- close content main div --><\/div><\/div><div id='av_section_1' class='avia-section main_color avia-section-default avia-no-shadow avia-bg-style-scroll  container_wrap sidebar_right' style = 'background-repeat: no-repeat; background-image: url(https:\/\/www.pessinaacciai.com\/wp-content\/uploads\/2013\/04\/DSC_3566-1.jpg); background-attachment: scroll; background-position: top left; ' data-section-bg-repeat='no-repeat' ><div class='container' ><div class='template-page content  av-content-small alpha units'><div class='post-entry post-entry-type-page post-entry-5832'><div class='entry-content-wrapper clearfix'>\n<div style='padding-bottom:10px;color:#ffffff;' class='av-special-heading av-special-heading-h1 custom-color-heading blockquote modern-quote '><h1 class='av-special-heading-tag'  itemprop=\"headline\"  >Feuillards en acier \u00e0 basse teneur en carbone<\/h1><div class='special-heading-border'><div class='special-heading-inner-border' style='border-color:#ffffff'><\/div><\/div><\/div>\n<\/div><\/div><\/div><!-- close content main div --><\/div><\/div><div id='after_section_1' class='main_color av_default_container_wrap container_wrap sidebar_right'   ><div class='container' ><div class='template-page content  av-content-small alpha units'><div class='post-entry post-entry-type-page post-entry-5832'><div class='entry-content-wrapper clearfix'><div class=\"flex_column av_one_full  av-animated-generic left-to-right  flex_column_div av-zero-column-padding first  \" style='border-radius:0px; '><p><div style='height:30px' class='hr hr-invisible '><span class='hr-inner ' ><span class='hr-inner-style'><\/span><\/span><\/div><br \/>\n<div class='avia-image-container  av-styling-   avia-align-left '  itemscope=\"itemscope\" itemtype=\"https:\/\/schema.org\/ImageObject\"  ><div class='avia-image-container-inner'><a href='https:\/\/www.pessinaacciai.com\/wp-content\/uploads\/2017\/07\/low-carbon-steel-strips_Strisce-in-acciaio-a-basso-tenore-di-carbonio.jpg' class='avia_image'  ><img class='avia_image ' src='https:\/\/www.pessinaacciai.com\/wp-content\/uploads\/2017\/07\/low-carbon-steel-strips_Strisce-in-acciaio-a-basso-tenore-di-carbonio.jpg' alt='' title='low-carbon-steel-strips_Strisce-in-acciaio-a-basso-tenore-di-carbonio'  itemprop=\"thumbnailUrl\"  \/><\/a><\/div><\/div><br \/>\n<div style='height:30px' class='hr hr-invisible '><span class='hr-inner ' ><span class='hr-inner-style'><\/span><\/span><\/div><\/p><\/div><\/p>\n<div class=\"flex_column av_one_full  flex_column_div av-zero-column-padding first  \" style='border-radius:0px; '><section class=\"av_textblock_section\"  itemscope=\"itemscope\" itemtype=\"https:\/\/schema.org\/CreativeWork\" ><div class='avia_textblock '   itemprop=\"text\" ><h2><span style=\"font-size: 12pt;\">LAMIN\u00c9S \u00c0 CHAUD ET \u00c0 FROID POUR MOULAGE ET EMBOUTISSAGE<\/span><\/h2>\n<\/div><\/section><br \/>\n<div style='padding-bottom:10px;' class='av-special-heading av-special-heading-h3 meta-heading  '><h3 class='av-special-heading-tag'  itemprop=\"headline\"  >Applications Principales<\/h3><div class='special-heading-border'><div class='special-heading-inner-border' ><\/div><\/div><\/div><\/p><\/div>\n<div class=\"flex_column av_one_full  flex_column_div av-zero-column-padding first  \" style='border-radius:0px; '><section class=\"av_textblock_section\"  itemscope=\"itemscope\" itemtype=\"https:\/\/schema.org\/CreativeWork\" ><div class='avia_textblock '   itemprop=\"text\" ><p>Pi\u00e8ces m\u00e9talliques obtenues pour le moulage et l&#8217;emboutissage, les charni\u00e8res, les serrures, les pi\u00e8ces m\u00e9caniques unifi\u00e9es.<\/p>\n<\/div><\/section><\/div><div class=\"flex_column av_one_full  flex_column_div av-zero-column-padding first  \" style='border-radius:0px; '><p><div style='padding-bottom:10px;' class='av-special-heading av-special-heading-h3 meta-heading  '><h3 class='av-special-heading-tag'  itemprop=\"headline\"  >Qualit\u00e9 standard<\/h3><div class='special-heading-border'><div class='special-heading-inner-border' ><\/div><\/div><\/div><br \/>\n<section class=\"av_textblock_section\"  itemscope=\"itemscope\" itemtype=\"https:\/\/schema.org\/CreativeWork\" ><div class='avia_textblock '   itemprop=\"text\" ><p>Le tableau suivant indique les diff\u00e9rentes qualit\u00e9s d&rsquo;acier en stock dans notre magasin, mais d&rsquo;autres peuvent \u00eatre fournies sur demande.<\/p>\n<\/div><\/section><\/p><\/div><\/p>\n<div class=\"flex_column av_one_full  flex_column_div av-zero-column-padding first  \" style='border-radius:0px; '><p><div style='padding-bottom:10px;' class='av-special-heading av-special-heading-h3 meta-heading  '><h3 class='av-special-heading-tag'  itemprop=\"headline\"  >Situation de la fourniture<\/h3><div class='special-heading-border'><div class='special-heading-inner-border' ><\/div><\/div><\/div><br \/>\n<section class=\"av_textblock_section\"  itemscope=\"itemscope\" itemtype=\"https:\/\/schema.org\/CreativeWork\" ><div class='avia_textblock '   itemprop=\"text\" ><p>Lamin\u00e9s \u00e0 chaud, lamin\u00e9s \u00e0 froid (C).<\/p>\n<\/div><\/section><br \/>\n<div class='avia-image-container  av-styling-   avia-align-left '  itemscope=\"itemscope\" itemtype=\"https:\/\/schema.org\/ImageObject\"  ><div class='avia-image-container-inner'><a href='https:\/\/www.pessinaacciai.com\/wp-content\/uploads\/2017\/07\/nastriacciaiobassotenore.png' class='avia_image'  ><img class='avia_image ' src='https:\/\/www.pessinaacciai.com\/wp-content\/uploads\/2017\/07\/nastriacciaiobassotenore.png' alt='' title='nastriacciaiobassotenore'  itemprop=\"thumbnailUrl\"  \/><\/a><\/div><\/div><\/p><\/div>\n","protected":false},"excerpt":{"rendered":"","protected":false},"author":1,"featured_media":0,"parent":5813,"menu_order":0,"comment_status":"closed","ping_status":"closed","template":"","meta":{"footnotes":""},"_links":{"self":[{"href":"https:\/\/www.pessinaacciai.com\/fr\/wp-json\/wp\/v2\/pages\/5832"}],"collection":[{"href":"https:\/\/www.pessinaacciai.com\/fr\/wp-json\/wp\/v2\/pages"}],"about":[{"href":"https:\/\/www.pessinaacciai.com\/fr\/wp-json\/wp\/v2\/types\/page"}],"author":[{"embeddable":true,"href":"https:\/\/www.pessinaacciai.com\/fr\/wp-json\/wp\/v2\/users\/1"}],"replies":[{"embeddable":true,"href":"https:\/\/www.pessinaacciai.com\/fr\/wp-json\/wp\/v2\/comments?post=5832"}],"version-history":[{"count":5,"href":"https:\/\/www.pessinaacciai.com\/fr\/wp-json\/wp\/v2\/pages\/5832\/revisions"}],"predecessor-version":[{"id":6981,"href":"https:\/\/www.pessinaacciai.com\/fr\/wp-json\/wp\/v2\/pages\/5832\/revisions\/6981"}],"up":[{"embeddable":true,"href":"https:\/\/www.pessinaacciai.com\/fr\/wp-json\/wp\/v2\/pages\/5813"}],"wp:attachment":[{"href":"https:\/\/www.pessinaacciai.com\/fr\/wp-json\/wp\/v2\/media?parent=5832"}],"curies":[{"name":"wp","href":"https:\/\/api.w.org\/{rel}","templated":true}]}}