{"id":5843,"date":"2017-07-12T14:31:00","date_gmt":"2017-07-12T13:31:00","guid":{"rendered":"http:\/\/www.pessinaacciai.com\/rubans-en-acier\/nastri-in-acciaio-legato\/"},"modified":"2019-05-29T15:17:32","modified_gmt":"2019-05-29T14:17:32","slug":"feuillards-acier-allies","status":"publish","type":"page","link":"https:\/\/www.pessinaacciai.com\/fr\/feuillards-aciers-lamines-a-froid\/feuillards-acier-allies\/","title":{"rendered":"Rubans en Acier Alli\u00e9s"},"content":{"rendered":"<\/div><\/div><\/div><!-- close content main div --><\/div><\/div><div id='av_section_1' class='avia-section main_color avia-section-default avia-no-shadow avia-bg-style-scroll  container_wrap sidebar_right' style = 'background-repeat: no-repeat; background-image: url(https:\/\/www.pessinaacciai.com\/wp-content\/uploads\/2013\/04\/DSC_3566-1.jpg); background-attachment: scroll; background-position: top left; ' data-section-bg-repeat='no-repeat' ><div class='container' ><div class='template-page content  av-content-small alpha units'><div class='post-entry post-entry-type-page post-entry-5843'><div class='entry-content-wrapper clearfix'>\n<div style='padding-bottom:10px;color:#ffffff;' class='av-special-heading av-special-heading-h2 custom-color-heading blockquote modern-quote '><h2 class='av-special-heading-tag'  itemprop=\"headline\"  >Rubans en Acier Alli\u00e9s<\/h2><div class='special-heading-border'><div class='special-heading-inner-border' style='border-color:#ffffff'><\/div><\/div><\/div>\n<\/div><\/div><\/div><!-- close content main div --><\/div><\/div><div id='after_section_1' class='main_color av_default_container_wrap container_wrap sidebar_right'   ><div class='container' ><div class='template-page content  av-content-small alpha units'><div class='post-entry post-entry-type-page post-entry-5843'><div class='entry-content-wrapper clearfix'><div class=\"flex_column av_one_full  av-animated-generic left-to-right  flex_column_div av-zero-column-padding first  \" style='border-radius:0px; '><section class=\"av_textblock_section\"  itemscope=\"itemscope\" itemtype=\"https:\/\/schema.org\/CreativeWork\" ><div class='avia_textblock '   itemprop=\"text\" ><div class=\"intestazione\">\n<h1>Feuillards aciers alli\u00e9s<\/h1>\n<h2>Les meilleues feuillars en aciers alli\u00e9s<\/h2>\n<h3>Les feuillards en acier alli\u00e9s ont \u00e9t\u00e9 \u00e9tudi\u00e9s pour atteindre des r\u00e9sultats qui, avec des aciers au carbone standards, n\u2019auraient pas \u00e9t\u00e9 possibles. Les diff\u00e9rentes marques poss\u00e8dent des \u00e9l\u00e9ments d\u2019alliage sp\u00e9cifiques.<\/h3>\n<\/div>\n<h2><span style=\"font-size: 12pt;\">ACIER AVEC EFFETS SP\u00c9CIFIQUES AJOUT\u00c9S AU MOMENT DE LA COUL\u00c9E <\/span><\/h2>\n<p style=\"text-align: justify;\">Ces aciers ont \u00e9t\u00e9 \u00e9tudi\u00e9s pour atteindre des r\u00e9sultats qui, avec des aciers au carbone standards, n&rsquo;auraient pas \u00e9t\u00e9 possibles. Les diff\u00e9rentes marques poss\u00e8dent des \u00e9l\u00e9ments d&rsquo;alliage sp\u00e9cifiques pour augmenter les caract\u00e9ristiques jug\u00e9es importantes pour une application d\u00e9termin\u00e9e.<\/p>\n<p style=\"text-align: justify;\">A titre d&rsquo;exemple, nous \u00e9num\u00e9rons ci-dessous les effets de certains \u00e9l\u00e9ments pouvant \u00eatre ajout\u00e9s \u00e0 l&rsquo;analyse de coul\u00e9e.<\/p>\n<ul>\n<li><strong>Chrome:<\/strong> meilleure r\u00e9sistance \u00e0 la corrosion (se&gt;12% acier inoxydable)<\/li>\n<li><strong>Mangan\u00e8se:<\/strong> augmente la duret\u00e9 maximale pouvant \u00eatre atteinte<\/li>\n<li><strong>Molybd\u00e8ne:<\/strong> augmente la duret\u00e9 maximale pouvant \u00eatre obtenue apr\u00e8s trempe<\/li>\n<li><strong>Vanadium:<\/strong> augmente la limite de fatigue et forme des carbures tr\u00e8s durs<\/li>\n<li><strong>Nickel:<\/strong> augmente la souplesse et la p\u00e9n\u00e9tration de trempe<\/li>\n<\/ul>\n<\/div><\/section><br \/>\n<div style='height:30px' class='hr hr-invisible '><span class='hr-inner ' ><span class='hr-inner-style'><\/span><\/span><\/div><br \/>\n<div class='avia-image-container  av-styling-   avia-align-left '  itemscope=\"itemscope\" itemtype=\"https:\/\/schema.org\/ImageObject\"  ><div class='avia-image-container-inner'><a href='https:\/\/www.pessinaacciai.com\/wp-content\/uploads\/2013\/04\/DSC_3643-1030x692.jpg' class='avia_image'  ><img class='avia_image ' src='https:\/\/www.pessinaacciai.com\/wp-content\/uploads\/2013\/04\/DSC_3643.jpg' alt='' title='DSC_3643'  itemprop=\"thumbnailUrl\"  \/><\/a><\/div><\/div><br \/>\n<div style='height:30px' class='hr hr-invisible '><span class='hr-inner ' ><span class='hr-inner-style'><\/span><\/span><\/div><\/p><\/div><div class=\"flex_column av_one_full  flex_column_div av-zero-column-padding first  \" style='border-radius:0px; '><p><div style='padding-bottom:10px;' class='av-special-heading av-special-heading-h3 meta-heading  '><h3 class='av-special-heading-tag'  itemprop=\"headline\"  >Applications Principales<\/h3><div class='special-heading-border'><div class='special-heading-inner-border' ><\/div><\/div><\/div><br \/>\n<section class=\"av_textblock_section\"  itemscope=\"itemscope\" itemtype=\"https:\/\/schema.org\/CreativeWork\" ><div class='avia_textblock '   itemprop=\"text\" ><p style=\"text-align: justify;\">Pi\u00e8ces d\u00e9coup\u00e9es destin\u00e9es \u00e0 subir un traitement thermique ou thermochimique : cha\u00eenes, roulements, disques d&#8217;embrayage, charni\u00e8res, anneaux \u00e9lastiques, rondelles sph\u00e9riques et d&rsquo;autres pi\u00e8ces obtenues pour la d\u00e9coupe traditionnelle et fine.<\/p>\n<\/div><\/section><\/p><\/div><\/p>\n<div class=\"flex_column av_one_full  flex_column_div av-zero-column-padding first  \" style='border-radius:0px; '><p><div style='padding-bottom:10px;' class='av-special-heading av-special-heading-h3 meta-heading  '><h3 class='av-special-heading-tag'  itemprop=\"headline\"  >Qualit\u00e9 standard<\/h3><div class='special-heading-border'><div class='special-heading-inner-border' ><\/div><\/div><\/div><br \/>\n<section class=\"av_textblock_section\"  itemscope=\"itemscope\" itemtype=\"https:\/\/schema.org\/CreativeWork\" ><div class='avia_textblock '   itemprop=\"text\" ><p>Le tableau suivant indique les diff\u00e9rentes qualit\u00e9s d&rsquo;acier en stock dans notre magasin, mais d&rsquo;autres peuvent \u00eatre fournies sur demande.<\/p>\n<\/div><\/section><br \/>\n<div class='avia-image-container  av-styling-   avia-align-left '  itemscope=\"itemscope\" itemtype=\"https:\/\/schema.org\/ImageObject\"  ><div class='avia-image-container-inner'><a href='https:\/\/www.pessinaacciai.com\/wp-content\/uploads\/2017\/07\/nastriacciaiolegati.png' class='avia_image'  ><img class='avia_image ' src='https:\/\/www.pessinaacciai.com\/wp-content\/uploads\/2017\/07\/nastriacciaiolegati.png' alt='' title='nastriacciaiolegati'  itemprop=\"thumbnailUrl\"  \/><\/a><\/div><\/div><\/p><\/div>\n<div class=\"flex_column av_one_full  flex_column_div av-zero-column-padding first  \" style='border-radius:0px; '><p><div style='padding-bottom:10px;' class='av-special-heading av-special-heading-h3 meta-heading   '><h3 class='av-special-heading-tag'  itemprop=\"headline\"  >Situation de la fourniture<\/h3><div class='special-heading-border'><div class='special-heading-inner-border' ><\/div><\/div><\/div><br \/>\n<section class=\"av_textblock_section\"  itemscope=\"itemscope\" itemtype=\"https:\/\/schema.org\/CreativeWork\" ><div class='avia_textblock '   itemprop=\"text\" ><p>Feuillards lamin\u00e9s \u00e0 chaud, lamin\u00e9s \u00e0 froid (+CR), recuits (+A, +LC), recuits globulaires (+AC).<\/p>\n<p style=\"text-align: justify;\">Ci-dessous figurent les caract\u00e9ristiques m\u00e9caniques standards pour les feuillards \u00e0 haute teneur en carbone. D&rsquo;autres valeurs peuvent \u00eatre fournies, apr\u00e8s accord avec nos techniciens qui sont \u00e0 la disposition de notre client\u00e8le pour garantir les meilleurs r\u00e9sultats pour leurs applications.<\/p>\n<\/div><\/section><\/p><\/div>\n","protected":false},"excerpt":{"rendered":"","protected":false},"author":1,"featured_media":0,"parent":5813,"menu_order":0,"comment_status":"closed","ping_status":"closed","template":"","meta":{"footnotes":""},"_links":{"self":[{"href":"https:\/\/www.pessinaacciai.com\/fr\/wp-json\/wp\/v2\/pages\/5843"}],"collection":[{"href":"https:\/\/www.pessinaacciai.com\/fr\/wp-json\/wp\/v2\/pages"}],"about":[{"href":"https:\/\/www.pessinaacciai.com\/fr\/wp-json\/wp\/v2\/types\/page"}],"author":[{"embeddable":true,"href":"https:\/\/www.pessinaacciai.com\/fr\/wp-json\/wp\/v2\/users\/1"}],"replies":[{"embeddable":true,"href":"https:\/\/www.pessinaacciai.com\/fr\/wp-json\/wp\/v2\/comments?post=5843"}],"version-history":[{"count":6,"href":"https:\/\/www.pessinaacciai.com\/fr\/wp-json\/wp\/v2\/pages\/5843\/revisions"}],"predecessor-version":[{"id":6982,"href":"https:\/\/www.pessinaacciai.com\/fr\/wp-json\/wp\/v2\/pages\/5843\/revisions\/6982"}],"up":[{"embeddable":true,"href":"https:\/\/www.pessinaacciai.com\/fr\/wp-json\/wp\/v2\/pages\/5813"}],"wp:attachment":[{"href":"https:\/\/www.pessinaacciai.com\/fr\/wp-json\/wp\/v2\/media?parent=5843"}],"curies":[{"name":"wp","href":"https:\/\/api.w.org\/{rel}","templated":true}]}}