{"id":5853,"date":"2017-08-31T16:25:44","date_gmt":"2017-08-31T15:25:44","guid":{"rendered":"http:\/\/www.pessinaacciai.com\/nastri-con-bordi-lavorati\/"},"modified":"2020-05-22T11:36:25","modified_gmt":"2020-05-22T10:36:25","slug":"feuillards-aciers-bords-usines","status":"publish","type":"page","link":"https:\/\/www.pessinaacciai.com\/fr\/feuillards-aciers-bords-usines\/","title":{"rendered":"Feuillards avec bords usines"},"content":{"rendered":"<\/div><\/div><\/div><!-- close content main div --><\/div><\/div><div id='av_section_1' class='avia-section main_color avia-section-default avia-no-shadow avia-bg-style-scroll  container_wrap sidebar_right' style = 'background-repeat: no-repeat; background-image: url(https:\/\/www.pessinaacciai.com\/wp-content\/uploads\/2013\/04\/DSC_3566-1.jpg); background-attachment: scroll; background-position: top left; ' data-section-bg-repeat='no-repeat' ><div class='container' ><div class='template-page content  av-content-small alpha units'><div class='post-entry post-entry-type-page post-entry-5853'><div class='entry-content-wrapper clearfix'>\n<div style='padding-bottom:10px;color:#ffffff;' class='av-special-heading av-special-heading-h2 custom-color-heading blockquote modern-quote '><h2 class='av-special-heading-tag'  itemprop=\"headline\"  >Feuillards avec bords usines<\/h2><div class='special-heading-border'><div class='special-heading-inner-border' style='border-color:#ffffff'><\/div><\/div><\/div>\n<\/div><\/div><\/div><!-- close content main div --><\/div><\/div><div id='after_section_1' class='main_color av_default_container_wrap container_wrap sidebar_right'   ><div class='container' ><div class='template-page content  av-content-small alpha units'><div class='post-entry post-entry-type-page post-entry-5853'><div class='entry-content-wrapper clearfix'>\n<div class=\"flex_column av_one_full  av-animated-generic left-to-right  flex_column_div av-zero-column-padding first  \" style='border-radius:0px; '><section class=\"av_textblock_section\"  itemscope=\"itemscope\" itemtype=\"https:\/\/schema.org\/CreativeWork\" ><div class='avia_textblock '   itemprop=\"text\" ><div class=\"intestazione\">\n<h1>Feuillards Aciers Bords Usin\u00e9s<\/h1>\n<h2>usinage de bords avec finitions standards et personnalis\u00e9es<\/h2>\n<h3>Feuillards aciers bords usin\u00e9s: usinage de bords avec finitions standards et personnalis\u00e9es. Une longue tradition de fabrication des bords nous permet d\u2019offrir une large gamme de finitions standards et sur dessin.<\/h3>\n<\/div>\n<h2><span style=\"font-size: 12pt;\">Usinage de bords avec finitions standards et personnalis\u00e9es <\/span><\/h2>\n<p style=\"text-align: justify;\">Une longue tradition de fabrication des bords nous permet d&rsquo;offrir une large gamme de finitions standards et sur dessin: nous sommes en mesure d&rsquo;offrir diff\u00e9rentes formes et diff\u00e9rentes finitions des bords en travaillant avec plusieurs typologies de machines.<br \/>\nAujourd&rsquo;hui, Metallurgica Pessina peut offrir des bords travaill\u00e9s pour l&rsquo;outillage, rubans lamin\u00e9s \u00e0 froid avec bords ronds, bords chanfrein\u00e9s, bords carr\u00e9s, bords model\u00e9s ou biseaut\u00e9s.<br \/>\nLes largeurs sont comprises entre 5 mm minimum et 300 mm maximum et nous sommes en mesure de fournir une \u00e9paisseur maximum de 6,0 mm.<\/p>\n<p style=\"text-align: justify;\">Notre bureau technique reste \u00e0 la disposition du Client pour l&rsquo;\u00e9laboration des projets les plus difficiles \u00e0 r\u00e9aliser.<\/p>\n<\/div><\/section><br \/>\n<div style='height:30px' class='hr hr-invisible '><span class='hr-inner ' ><span class='hr-inner-style'><\/span><\/span><\/div><br \/>\n<div class='avia-gallery avia-gallery-1 avia_lazyload avia_animate_when_visible '  itemscope=\"itemscope\" itemtype=\"https:\/\/schema.org\/ImageObject\" ><a class='avia-gallery-big fakeLightbox lightbox avia-gallery-big-crop-thumb ' href='https:\/\/www.pessinaacciai.com\/wp-content\/uploads\/2013\/04\/machined-edges_Bordi-lavorati-1030x849.jpg'  data-onclick='1' title='' ><span class='avia-gallery-big-inner'  itemprop=\"thumbnailUrl\" >\t<img width='1126' height='928' src='https:\/\/www.pessinaacciai.com\/wp-content\/uploads\/2013\/04\/machined-edges_Bordi-lavorati.jpg' title='machined-edges_Bordi-lavorati' alt='' \/><\/span><\/a><div class='avia-gallery-thumb'> <a href='https:\/\/www.pessinaacciai.com\/wp-content\/uploads\/2013\/04\/machined-edges_Bordi-lavorati-1030x849.jpg' data-rel='gallery-1' data-prev-img='https:\/\/www.pessinaacciai.com\/wp-content\/uploads\/2013\/04\/machined-edges_Bordi-lavorati.jpg' class='first_thumb lightbox ' data-onclick='1' title=''  itemprop=\"thumbnailUrl\" ><img  src='https:\/\/www.pessinaacciai.com\/wp-content\/uploads\/2013\/04\/machined-edges_Bordi-lavorati-495x400.jpg' width='495' height='400'  title='machined-edges_Bordi-lavorati' alt='' \/><\/a> <a href='https:\/\/www.pessinaacciai.com\/wp-content\/uploads\/2013\/04\/rounded-edges_Bordi-arrotondati-1030x849.jpg' data-rel='gallery-1' data-prev-img='https:\/\/www.pessinaacciai.com\/wp-content\/uploads\/2013\/04\/rounded-edges_Bordi-arrotondati.jpg' class='lightbox ' data-onclick='2' title=''  itemprop=\"thumbnailUrl\" ><img  src='https:\/\/www.pessinaacciai.com\/wp-content\/uploads\/2013\/04\/rounded-edges_Bordi-arrotondati-495x400.jpg' width='495' height='400'  title='rounded-edges_Bordi-arrotondati' alt='' \/><\/a> <a href='https:\/\/www.pessinaacciai.com\/wp-content\/uploads\/2013\/04\/beveled-edge_bordosmussato-1030x849.jpg' data-rel='gallery-1' data-prev-img='https:\/\/www.pessinaacciai.com\/wp-content\/uploads\/2013\/04\/beveled-edge_bordosmussato.jpg' class='lightbox ' data-onclick='3' title=''  itemprop=\"thumbnailUrl\" ><img  src='https:\/\/www.pessinaacciai.com\/wp-content\/uploads\/2013\/04\/beveled-edge_bordosmussato-495x400.jpg' width='495' height='400'  title='beveled-edge_bordosmussato' alt='' \/><\/a> <a href='https:\/\/www.pessinaacciai.com\/wp-content\/uploads\/2013\/04\/squared-edge_Bordo-quadrato-1030x849.jpg' data-rel='gallery-1' data-prev-img='https:\/\/www.pessinaacciai.com\/wp-content\/uploads\/2013\/04\/squared-edge_Bordo-quadrato.jpg' class='lightbox ' data-onclick='4' title=''  itemprop=\"thumbnailUrl\" ><img  src='https:\/\/www.pessinaacciai.com\/wp-content\/uploads\/2013\/04\/squared-edge_Bordo-quadrato-495x400.jpg' width='495' height='400'  title='squared-edge_Bordo-quadrato' alt='' \/><\/a> <a href='https:\/\/www.pessinaacciai.com\/wp-content\/uploads\/2017\/08\/dressed-edges.jpg' data-rel='gallery-1' data-prev-img='https:\/\/www.pessinaacciai.com\/wp-content\/uploads\/2017\/08\/dressed-edges.jpg' class='lightbox ' data-onclick='5' title=''  itemprop=\"thumbnailUrl\" ><img  src='https:\/\/www.pessinaacciai.com\/wp-content\/uploads\/2017\/08\/dressed-edges-495x400.jpg' width='495' height='400'  title='dressed-edges' alt='' \/><\/a><\/div><\/div><\/p><\/div>\n","protected":false},"excerpt":{"rendered":"","protected":false},"author":1,"featured_media":0,"parent":0,"menu_order":0,"comment_status":"closed","ping_status":"closed","template":"","meta":{"footnotes":""},"_links":{"self":[{"href":"https:\/\/www.pessinaacciai.com\/fr\/wp-json\/wp\/v2\/pages\/5853"}],"collection":[{"href":"https:\/\/www.pessinaacciai.com\/fr\/wp-json\/wp\/v2\/pages"}],"about":[{"href":"https:\/\/www.pessinaacciai.com\/fr\/wp-json\/wp\/v2\/types\/page"}],"author":[{"embeddable":true,"href":"https:\/\/www.pessinaacciai.com\/fr\/wp-json\/wp\/v2\/users\/1"}],"replies":[{"embeddable":true,"href":"https:\/\/www.pessinaacciai.com\/fr\/wp-json\/wp\/v2\/comments?post=5853"}],"version-history":[{"count":5,"href":"https:\/\/www.pessinaacciai.com\/fr\/wp-json\/wp\/v2\/pages\/5853\/revisions"}],"predecessor-version":[{"id":7244,"href":"https:\/\/www.pessinaacciai.com\/fr\/wp-json\/wp\/v2\/pages\/5853\/revisions\/7244"}],"wp:attachment":[{"href":"https:\/\/www.pessinaacciai.com\/fr\/wp-json\/wp\/v2\/media?parent=5853"}],"curies":[{"name":"wp","href":"https:\/\/api.w.org\/{rel}","templated":true}]}}