{"id":6007,"date":"2013-06-18T17:29:28","date_gmt":"2013-06-18T17:29:28","guid":{"rendered":"http:\/\/www.pessinaacciai.com\/home\/"},"modified":"2019-11-29T14:59:24","modified_gmt":"2019-11-29T13:59:24","slug":"home","status":"publish","type":"page","link":"https:\/\/www.pessinaacciai.com\/fr\/","title":{"rendered":"Home"},"content":{"rendered":"<div id='fullscreen_slider_0' class='avia-fullscreen-slider main_color  container_wrap sidebar_right'   ><a href='#next-section' title='' class='scroll-down-link av-control-default' aria-hidden='true' data-av_icon='\ue877' data-av_iconfont='entypo-fontello'><\/a><div  data-size='no scaling'  data-lightbox_size='large'  data-animation='fade'  data-ids='3295,3952,3519'  data-video_counter='0'  data-autoplay='true'  data-bg_slider='true'  data-slide_height='100'  data-handle='av_fullscreen'  data-interval='5'  data-class=' '  data-css_id='fullscreen_slider_0'  data-scroll_down='aviaTBscroll_down'  data-control_layout='av-control-default'  data-custom_markup=''  data-perma_caption=''  data-autoplay_stopper=''  data-image_attachment=''  data-min_height='0px'  data-stretch=''  class='avia-slideshow avia-slideshow-1 av-slider-scroll-down-active av-control-default av-default-height-applied avia-slideshow-no scaling av_fullscreen   avia-fade-slider '  itemscope=\"itemscope\" itemtype=\"https:\/\/schema.org\/ImageObject\" ><ul class='avia-slideshow-inner' style='padding-bottom: 46.197916666667%;'><li style='background-position:center center;' data-img-url='https:\/\/www.pessinaacciai.com\/wp-content\/uploads\/2013\/06\/saw._jpg.jpg' class=' slide-1 ' ><div data-rel='slideshow-1' class='avia-slide-wrap'  ><div class = \"caption_fullwidth av-slideshow-caption caption_right caption_right_framed caption_framed\"><div class = \"container caption_container\"><div class = \"slideshow_caption\"><div class = \"slideshow_inner_caption\"><div class = \"slideshow_align_caption\"><h2  class='avia-caption-title'  itemprop=\"name\" >LA QUALITE\u2019<\/h2><div class='avia-caption-content '  itemprop=\"description\"  ><p>La qualit\u00e9 et le contr\u00f4le sont des \u00e9l\u00e9ments essentiels de notre production.<br \/>\nDepuis 1997, Metallurgica Luigi Pessina Acciai dispose d\u2019un syst\u00e8me de qualit\u00e9 certifi\u00e9 et, depuis 2006, d\u2019une entreprise certifi\u00e9e TUV.<\/p>\n<\/div><a href='\/fr\/qualite-production-rubans-acier\/'  class='avia-slideshow-button avia-button avia-color-light ' data-duration='800' data-easing='easeInOutQuad'>En savoir plus<\/a><\/div><\/div><\/div><\/div><\/div><\/div><\/li><li style='background-position:top center;' data-img-url='https:\/\/www.pessinaacciai.com\/wp-content\/uploads\/2013\/06\/IMG_0264.jpg' class=' slide-2 ' ><div data-rel='slideshow-1' class='avia-slide-wrap'  ><div class = \"caption_fullwidth av-slideshow-caption caption_left caption_left_framed caption_framed\"><div class = \"container caption_container\"><div class = \"slideshow_caption\"><div class = \"slideshow_inner_caption\"><div class = \"slideshow_align_caption\"><h2  class='avia-caption-title'  itemprop=\"name\" >RIEN N\u2019EST STANDARD!<\/h2><div class='avia-caption-content '  itemprop=\"description\"  ><p>La soci\u00e9t\u00e9 Metallurgica Pessina transforme le produit lamin\u00e9 \u00e0 chaud d&rsquo;aci\u00e9rie en rubans lamin\u00e9s \u00e0 froid de pr\u00e9cision.<\/p>\n<\/div><a href='\/fr\/fabrication-rubans-acier\/'  class='avia-slideshow-button avia-button avia-color-light ' data-duration='800' data-easing='easeInOutQuad'>En savoir plus<\/a><\/div><\/div><\/div><\/div><\/div><\/div><\/li><li style='background-position:top center;' data-img-url='https:\/\/www.pessinaacciai.com\/wp-content\/uploads\/2013\/06\/coil_def.jpg' class=' slide-3 ' ><div data-rel='slideshow-1' class='avia-slide-wrap'  ><div class = \"caption_fullwidth av-slideshow-caption caption_left caption_left_framed caption_framed\"><div class = \"container caption_container\"><div class = \"slideshow_caption\"><div class = \"slideshow_inner_caption\"><div class = \"slideshow_align_caption\"><h2  class='avia-caption-title'  itemprop=\"name\" >LA PRODUCTION<\/h2><div class='avia-caption-content '  itemprop=\"description\"  ><p>Nous achetons les mati\u00e8res premi\u00e8res dans les meilleures aci\u00e9ries europ\u00e9ennes et, gr\u00e2ce \u00e0 des proc\u00e9d\u00e9s enti\u00e8rement r\u00e9alis\u00e9s en interne, nous produisons des bandes d&rsquo;acier tremp\u00e9, des bandes d&rsquo;acier durcissables.<\/p>\n<\/div><a href='\/fr\/production-rubans-acier\/'  class='avia-slideshow-button avia-button avia-color-light ' data-duration='800' data-easing='easeInOutQuad'>En savoir plus<\/a><\/div><\/div><\/div><\/div><\/div><\/div><\/li><\/ul><div class='avia-slideshow-arrows avia-slideshow-controls'><a href='#prev' class='prev-slide' aria-hidden='true' data-av_icon='\ue87c' data-av_iconfont='entypo-fontello'>Pr\u00e9c\u00e9dent<\/a><a href='#next' class='next-slide' aria-hidden='true' data-av_icon='\ue87d' data-av_iconfont='entypo-fontello'>Suivant<\/a><\/div><div class='avia-slideshow-dots avia-slideshow-controls'><a href='#1' class='goto-slide active' >1<\/a><a href='#2' class='goto-slide ' >2<\/a><a href='#3' class='goto-slide ' >3<\/a><\/div><\/div><\/div>\n<\/div><\/div><\/div><!-- close content main div --><\/div><\/div><div id='portfolio' class='avia-section alternate_color avia-section-large avia-shadow avia-bg-style-scroll  container_wrap sidebar_right'   ><div class='container' ><div class='template-page content  av-content-small alpha units'><div class='post-entry post-entry-type-page post-entry-6007'><div class='entry-content-wrapper clearfix'>\n<div class=\"flex_column av_one_full  flex_column_div first  \" ><section class=\"av_textblock_section\"  itemscope=\"itemscope\" itemtype=\"https:\/\/schema.org\/CreativeWork\" ><div class='avia_textblock '   itemprop=\"text\" ><div class=\"intestazione\">\n<h1>Feuillards acier harmonique<\/h1>\n<h2>Ressorts plat<\/h2>\n<h3>Feuillards acier harmonique et feuillards en acier sur mesure. Depuis 1934 Pessina Acciai est un nom pour la production des feuillards en acier lamin\u00e9 \u00e0 froid.<\/h3>\n<\/div>\n<h2 style=\"text-align: center;\"><span style=\"font-size: 24pt;\">Feuillards en acier sur mesure<\/span><\/h2>\n<h2 style=\"text-align: center; line-height: 35px;\"><span style=\"font-size: 12pt;\">Excellence dans la relation fournisseur-client et qualit\u00e9-prix<\/span><\/h2>\n<h3 style=\"text-align: center; line-height: 35px;\"><span style=\"font-size: 12pt;\">Depuis 1934<\/span><\/h3>\n<h3 style=\"text-align: center;\"><span style=\"font-size: 12pt;\"><strong>un nom pour la production des feuillards en acier lamin\u00e9 \u00e0 froid<\/strong><\/span><\/h3>\n<\/div><\/section><br \/>\n<div  class='hr hr-short hr-center '><span class='hr-inner ' ><span class='hr-inner-style'><\/span><\/span><\/div><br \/>\n<section class=\"av_textblock_section\"  itemscope=\"itemscope\" itemtype=\"https:\/\/schema.org\/CreativeWork\" ><div class='avia_textblock '   itemprop=\"text\" ><p style=\"text-align: center;\"><span style=\"font-size: 14pt;\">Jamais comme lors de ces derni\u00e8res ann\u00e9es le rapport entre fournisseur et client\u00e8le n&rsquo;est autant d\u00e9termin\u00e9 pour attendre le succ\u00e8s des deux parties.<\/span><\/p>\n<p style=\"text-align: center;\"><span style=\"font-size: 14pt;\">De nouvelles exigences, de nouvelles formes, de nouveaux cycles de travail, de nouvelles mati\u00e8res : seulement \u00a0une \u00e9troite collaboration a permis \u00e0 la cha\u00eene client-fournisseur d&rsquo;exprimer au maximum ses capacit\u00e9s et de se distinguer dans son secteur d&rsquo;activit\u00e9.<\/span><\/p>\n<p style=\"text-align: center;\"><span style=\"font-size: 14pt;\">C&rsquo;est pour cela que\u00a0 Metallurgica Pessina se pr\u00e9sente comme\u00a0 le partenaire de sa propre client\u00e8le.<\/span><\/p>\n<\/div><\/section><\/p><\/div>\n<\/div><\/div><\/div><!-- close content main div --><\/div><\/div><div id='after_section_1' class='main_color av_default_container_wrap container_wrap sidebar_right'   ><div class='container' ><div class='template-page content  av-content-small alpha units'><div class='post-entry post-entry-type-page post-entry-6007'><div class='entry-content-wrapper clearfix'>\n<div class=\"flex_column av_one_fourth  flex_column_div av-zero-column-padding first  \" style='border-radius:0px; '><p><div style='padding-bottom:10px;' class='av-special-heading av-special-heading-h4  blockquote modern-quote modern-centered '><h4 class='av-special-heading-tag'  itemprop=\"headline\"  >Feuillards en Acier Tremp\u00e9<\/h4><div class='special-heading-border'><div class='special-heading-inner-border' ><\/div><\/div><\/div><br \/>\n<div class='avia-image-container avia_animated_image avia_animate_when_almost_visible fade-in av-styling- av-hover-grow  avia-align-center '  itemscope=\"itemscope\" itemtype=\"https:\/\/schema.org\/ImageObject\"  ><div class='avia-image-container-inner'><a href='\/fr\/trempe-de-rubans\/' class='avia_image'  ><img class='avia_image ' src='https:\/\/www.pessinaacciai.com\/wp-content\/uploads\/2011\/12\/IMG_0264.jpg' alt='' title='IMG_0264'  itemprop=\"thumbnailUrl\"  \/><\/a><\/div><\/div><\/p><\/div>\n<div class=\"flex_column av_one_fourth  flex_column_div av-zero-column-padding   \" style='border-radius:0px; '><p><div style='padding-bottom:10px;' class='av-special-heading av-special-heading-h4  blockquote modern-quote modern-centered '><h4 class='av-special-heading-tag'  itemprop=\"headline\"  >Feuillards pour Scies<\/h4><div class='special-heading-border'><div class='special-heading-inner-border' ><\/div><\/div><\/div><br \/>\n<div class='avia-image-container avia_animated_image avia_animate_when_almost_visible fade-in av-styling- av-hover-grow  avia-align-center '  itemscope=\"itemscope\" itemtype=\"https:\/\/schema.org\/ImageObject\"  ><div class='avia-image-container-inner'><a href='\/fr\/trempe-de-rubans\/scies-a-rubans\/' class='avia_image'  ><img class='avia_image ' src='https:\/\/www.pessinaacciai.com\/wp-content\/uploads\/2013\/06\/saw.jpg' alt='' title='saw'  itemprop=\"thumbnailUrl\"  \/><\/a><\/div><\/div><\/p><\/div>\n<div class=\"flex_column av_one_fourth  flex_column_div av-zero-column-padding   \" style='border-radius:0px; '><p><div style='padding-bottom:10px;' class='av-special-heading av-special-heading-h4  blockquote modern-quote modern-centered '><h4 class='av-special-heading-tag'  itemprop=\"headline\"  >Rubans pour Ressorts<\/h4><div class='special-heading-border'><div class='special-heading-inner-border' ><\/div><\/div><\/div><br \/>\n<div class='avia-image-container avia_animated_image avia_animate_when_almost_visible fade-in av-styling- av-hover-grow  avia-align-center '  itemscope=\"itemscope\" itemtype=\"https:\/\/schema.org\/ImageObject\"  ><div class='avia-image-container-inner'><a href='\/fr\/trempe-de-rubans\/rubans-pour-ressorts\/' class='avia_image'  ><img class='avia_image ' src='https:\/\/www.pessinaacciai.com\/wp-content\/uploads\/2011\/12\/spring.jpg' alt='' title='spring'  itemprop=\"thumbnailUrl\"  \/><\/a><\/div><\/div><\/p><\/div>\n<div class=\"flex_column av_one_fourth  flex_column_div av-zero-column-padding   \" style='border-radius:0px; '><p><div style='padding-bottom:10px;' class='av-special-heading av-special-heading-h4  blockquote modern-quote modern-centered '><h4 class='av-special-heading-tag'  itemprop=\"headline\"  >Feuillards Bords Usines<\/h4><div class='special-heading-border'><div class='special-heading-inner-border' ><\/div><\/div><\/div><br \/>\n<div class='avia-image-container avia_animated_image avia_animate_when_almost_visible fade-in av-styling- av-hover-grow  avia-align-center '  itemscope=\"itemscope\" itemtype=\"https:\/\/schema.org\/ImageObject\"  ><div class='avia-image-container-inner'><a href='\/fr\/rubans-avec-bords-faconnes\/' class='avia_image'  ><img class='avia_image ' src='https:\/\/www.pessinaacciai.com\/wp-content\/uploads\/2011\/12\/machined-edges.jpg' alt='' title='machined-edges'  itemprop=\"thumbnailUrl\"  \/><\/a><\/div><\/div><\/p><\/div>\n<div class=\"flex_column av_one_fourth  flex_column_div av-zero-column-padding first  \" style='border-radius:0px; '><p><div style='padding-bottom:10px;' class='av-special-heading av-special-heading-h4  blockquote modern-quote modern-centered '><h4 class='av-special-heading-tag'  itemprop=\"headline\"  >Feuillards \u00e0 Haute Teneur<\/h4><div class='special-heading-border'><div class='special-heading-inner-border' ><\/div><\/div><\/div><br \/>\n<div class='avia-image-container avia_animated_image avia_animate_when_almost_visible fade-in av-styling- av-hover-grow  avia-align-center '  itemscope=\"itemscope\" itemtype=\"https:\/\/schema.org\/ImageObject\"  ><div class='avia-image-container-inner'><a href='\/fr\/rubans-en-acier\/rubans-haute-teneur-carbone\/' class='avia_image'  ><img class='avia_image ' src='https:\/\/www.pessinaacciai.com\/wp-content\/uploads\/2011\/01\/high-carbon-steel-strips-2.jpg' alt='' title='high-carbon-steel-strips-2'  itemprop=\"thumbnailUrl\"  \/><\/a><\/div><\/div><\/p><\/div>\n<div class=\"flex_column av_one_fourth  flex_column_div av-zero-column-padding   \" style='border-radius:0px; '><p><div style='padding-bottom:10px;' class='av-special-heading av-special-heading-h4  blockquote modern-quote modern-centered '><h4 class='av-special-heading-tag'  itemprop=\"headline\"  >Feuillards \u00e0 Basse Teneur<\/h4><div class='special-heading-border'><div class='special-heading-inner-border' ><\/div><\/div><\/div><br \/>\n<div class='avia-image-container avia_animated_image avia_animate_when_almost_visible fade-in av-styling- av-hover-grow  avia-align-center '  itemscope=\"itemscope\" itemtype=\"https:\/\/schema.org\/ImageObject\"  ><div class='avia-image-container-inner'><a href='\/fr\/rubans-en-acier\/rubans-basse-teneur\/' class='avia_image'  ><img class='avia_image ' src='https:\/\/www.pessinaacciai.com\/wp-content\/uploads\/2011\/12\/low-carbon-steel-strips.jpg' alt='' title='low-carbon-steel-strips'  itemprop=\"thumbnailUrl\"  \/><\/a><\/div><\/div><\/p><\/div>\n<div class=\"flex_column av_one_fourth  flex_column_div av-zero-column-padding   \" style='border-radius:0px; '><p><div style='padding-bottom:10px;' class='av-special-heading av-special-heading-h4  blockquote modern-quote modern-centered '><h4 class='av-special-heading-tag'  itemprop=\"headline\"  >Rubans en Acier Alli\u00e9s<\/h4><div class='special-heading-border'><div class='special-heading-inner-border' ><\/div><\/div><\/div><br \/>\n<div class='avia-image-container avia_animated_image avia_animate_when_almost_visible fade-in av-styling- av-hover-grow  avia-align-center '  itemscope=\"itemscope\" itemtype=\"https:\/\/schema.org\/ImageObject\"  ><div class='avia-image-container-inner'><a href='\/fr\/rubans-en-acier\/rubans-acier-allies\/' class='avia_image'  ><img class='avia_image ' src='https:\/\/www.pessinaacciai.com\/wp-content\/uploads\/2013\/06\/high-carbon-steel-strips-1_Strisce-di-acciaio-al-carbonio-ad-alta-altezza.jpg' alt='' title='high-carbon-steel-strips-1_Strisce-di-acciaio-al-carbonio-ad-alta-altezza'  itemprop=\"thumbnailUrl\"  \/><\/a><\/div><\/div><\/p><\/div>\n<div class=\"flex_column av_one_fourth  flex_column_div av-zero-column-padding   \" style='border-radius:0px; '><p><div style='padding-bottom:10px;' class='av-special-heading av-special-heading-h4  blockquote modern-quote modern-centered  '><h4 class='av-special-heading-tag'  itemprop=\"headline\"  >Spring Box<\/h4><div class='special-heading-border'><div class='special-heading-inner-border' ><\/div><\/div><\/div><br \/>\n<div class='avia-image-container avia_animated_image avia_animate_when_almost_visible fade-in av-styling- av-hover-grow  avia-align-center '  itemscope=\"itemscope\" itemtype=\"https:\/\/schema.org\/ImageObject\"  ><div class='avia-image-container-inner'><a href='\/fr\/spring-box\/' class='avia_image'  ><img class='avia_image ' src='https:\/\/www.pessinaacciai.com\/wp-content\/uploads\/2011\/01\/spring-box.jpg' alt='' title='spring-box'  itemprop=\"thumbnailUrl\"  \/><\/a><\/div><\/div><\/p><\/div>\n<div style='height:30px' class='hr hr-invisible '><span class='hr-inner ' ><span class='hr-inner-style'><\/span><\/span><\/div>\n<\/div><\/div><\/div><!-- close content main div --><\/div><\/div><div id='av_section_2' class='avia-section main_color avia-section-large avia-no-shadow avia-full-stretch avia-bg-style-fixed  container_wrap sidebar_right' style = 'background-repeat: no-repeat; background-image: url(https:\/\/www.pessinaacciai.com\/wp-content\/uploads\/2013\/06\/saw._jpg-1.jpg); background-attachment: fixed; background-position: top left; ' data-section-bg-repeat='stretch' ><div class='container' ><div class='template-page content  av-content-small alpha units'><div class='post-entry post-entry-type-page post-entry-6007'><div class='entry-content-wrapper clearfix'>\n<div style='height:100px' class='hr hr-invisible '><span class='hr-inner ' ><span class='hr-inner-style'><\/span><\/span><\/div>\n<\/div><\/div><\/div><!-- close content main div --><\/div><\/div><div id='after_section_2' class='main_color av_default_container_wrap container_wrap sidebar_right'   ><div class='container' ><div class='template-page content  av-content-small alpha units'><div class='post-entry post-entry-type-page post-entry-6007'><div class='entry-content-wrapper clearfix'>\n<\/div><\/div><\/div><!-- close content main div --><\/div><\/div><div id='about-us' class='avia-section alternate_color avia-section-large avia-shadow avia-bg-style-scroll  container_wrap sidebar_right'   ><div class='container' ><div class='template-page content  av-content-small alpha units'><div class='post-entry post-entry-type-page post-entry-6007'><div class='entry-content-wrapper clearfix'>\n<div class=\"flex_column av_one_half  flex_column_div first  \" ><section class=\"av_textblock_section\"  itemscope=\"itemscope\" itemtype=\"https:\/\/schema.org\/CreativeWork\" ><div class='avia_textblock '   itemprop=\"text\" ><h2 style=\"text-align: right;\">Mission<\/h2>\n<\/div><\/section><br \/>\n<div  class='hr hr-short hr-right '><span class='hr-inner ' ><span class='hr-inner-style'><\/span><\/span><\/div><br \/>\n<section class=\"av_textblock_section\"  itemscope=\"itemscope\" itemtype=\"https:\/\/schema.org\/CreativeWork\" ><div class='avia_textblock '   itemprop=\"text\" ><p>Jamais comme lors de ces derni\u00e8res ann\u00e9es le rapport entre fournisseur et client\u00e8le ne s&rsquo;est autant d\u00e9terminant pour atteindre le succ\u00e8s des deux parties. De nouvelles exigences, de nouvelles formes, de nouveaux cycles de travail, de nouvelles mati\u00e8res : seule une \u00e9troite collaboration a permis \u00e0 la cha\u00eene client-fournisseur d&rsquo;exprimer au maximum ses capacit\u00e9s et de se distinguer dans son secteur d&rsquo;activit\u00e9. C&rsquo;est pour cela que la soci\u00e9t\u00e9 Metallurgica Pessina se pr\u00e9sente comme un partenaire pour sa propre client\u00e8le pour la fourniture de feuillards en acier tremp\u00e9 et recuit. Feuillards en acier tremp\u00e9 pour les scies, pour les ressorts, pour les rideaux m\u00e9talliques, feuillards en acier tremp\u00e9 lamin\u00e9s \u00e0 froid pour le d\u00e9coupage.<\/p>\n<\/div><\/section><br \/>\n<div  class='hr hr-short hr-right '><span class='hr-inner ' ><span class='hr-inner-style'><\/span><\/span><\/div><br \/>\n<div class='avia-button-wrap avia-button-right '><a href='\/fr\/fabrication-rubans-acier\/' class='avia-button  avia-icon_select-no avia-color-theme-color avia-size-large avia-position-right '   ><span class='avia_iconbox_title' >En savoir plus <\/span><\/a><\/div><\/p><\/div><div class=\"flex_column av_one_half  flex_column_div av-zero-column-padding   \" style='border-radius:0px; '><div class='avia-icon-list-container '><ul class='avia-icon-list avia-icon-list-left av-iconlist-big avia_animate_when_almost_visible'>\n<li><div  class='iconlist_icon  avia-font-entypo-fontello'><span class='iconlist-char' aria-hidden='true' data-av_icon='\ue864' data-av_iconfont='entypo-fontello'><\/span><\/div><article class=\"article-icon-entry \"  itemscope=\"itemscope\" itemtype=\"https:\/\/schema.org\/CreativeWork\" ><div class='iconlist_content_wrap'><header class=\"entry-content-header\"><h4 class='av_iconlist_title iconlist_title '  itemprop=\"headline\"  >Exp\u00e9rience<\/h4><\/header><div class='iconlist_content '  itemprop=\"text\"  ><p style=\"text-align: justify;\">L&rsquo;exp\u00e9rience acquise au cours des 70 derni\u00e8res ann\u00e9es d&rsquo;activit\u00e9 dans diff\u00e9rents secteurs constitue la base initiale pour pouvoir satisfaire les exigences de la Client\u00e8le et de l&rsquo;orienter vers le meilleur produit.<\/p>\n<\/div><\/div><footer class=\"entry-footer\"><\/footer><\/article><div class='iconlist-timeline'><\/div><\/li>\n<li><div  class='iconlist_icon  avia-font-entypo-fontello'><span class='iconlist-char' aria-hidden='true' data-av_icon='\ue863' data-av_iconfont='entypo-fontello'><\/span><\/div><article class=\"article-icon-entry \"  itemscope=\"itemscope\" itemtype=\"https:\/\/schema.org\/CreativeWork\" ><div class='iconlist_content_wrap'><header class=\"entry-content-header\"><h4 class='av_iconlist_title iconlist_title '  itemprop=\"headline\"  >Rapidit\u00e9<\/h4><\/header><div class='iconlist_content '  itemprop=\"text\"  ><p style=\"text-align: justify;\">La rapidit\u00e9 d&rsquo;une entreprise familiale, ind\u00e9pendante, implique une facilit\u00e9 de contact imm\u00e9diat et r\u00e9solutif dans un esprit de collaboration efficace avec une garantie de flexibilit\u00e9 maximale de programmation.<\/p>\n<\/div><\/div><footer class=\"entry-footer\"><\/footer><\/article><div class='iconlist-timeline'><\/div><\/li>\n<li><div  class='iconlist_icon  avia-font-entypo-fontello'><span class='iconlist-char' aria-hidden='true' data-av_icon='\ue837' data-av_iconfont='entypo-fontello'><\/span><\/div><article class=\"article-icon-entry \"  itemscope=\"itemscope\" itemtype=\"https:\/\/schema.org\/CreativeWork\" ><div class='iconlist_content_wrap'><header class=\"entry-content-header\"><h4 class='av_iconlist_title iconlist_title '  itemprop=\"headline\"  > Rien n\u2019est standard!<\/h4><\/header><div class='iconlist_content '  itemprop=\"text\"  ><p>La soci\u00e9t\u00e9 Metallurgica Pessina transforme le produit lamin\u00e9 \u00e0 chaud d&rsquo;aci\u00e9rie en feuillards lamin\u00e9s \u00e0 froid de pr\u00e9cision.<br \/>\nLe cycle de production se produit dans notre magasin a partir de la mati\u00e8re premi\u00e8re jusqu\u2019au produit final.<\/p>\n<\/div><\/div><footer class=\"entry-footer\"><\/footer><\/article><div class='iconlist-timeline'><\/div><\/li>\n<\/ul><\/div><\/div>\n<\/div><\/div><\/div><!-- close content main div --><\/div><\/div><div id='after_section_3' class='main_color av_default_container_wrap container_wrap sidebar_right'   ><div class='container' ><div class='template-page content  av-content-small alpha units'><div class='post-entry post-entry-type-page post-entry-6007'><div class='entry-content-wrapper clearfix'>\n","protected":false},"excerpt":{"rendered":"","protected":false},"author":1,"featured_media":0,"parent":0,"menu_order":0,"comment_status":"closed","ping_status":"closed","template":"","meta":{"footnotes":""},"_links":{"self":[{"href":"https:\/\/www.pessinaacciai.com\/fr\/wp-json\/wp\/v2\/pages\/6007"}],"collection":[{"href":"https:\/\/www.pessinaacciai.com\/fr\/wp-json\/wp\/v2\/pages"}],"about":[{"href":"https:\/\/www.pessinaacciai.com\/fr\/wp-json\/wp\/v2\/types\/page"}],"author":[{"embeddable":true,"href":"https:\/\/www.pessinaacciai.com\/fr\/wp-json\/wp\/v2\/users\/1"}],"replies":[{"embeddable":true,"href":"https:\/\/www.pessinaacciai.com\/fr\/wp-json\/wp\/v2\/comments?post=6007"}],"version-history":[{"count":29,"href":"https:\/\/www.pessinaacciai.com\/fr\/wp-json\/wp\/v2\/pages\/6007\/revisions"}],"predecessor-version":[{"id":7131,"href":"https:\/\/www.pessinaacciai.com\/fr\/wp-json\/wp\/v2\/pages\/6007\/revisions\/7131"}],"wp:attachment":[{"href":"https:\/\/www.pessinaacciai.com\/fr\/wp-json\/wp\/v2\/media?parent=6007"}],"curies":[{"name":"wp","href":"https:\/\/api.w.org\/{rel}","templated":true}]}}